{"id":973,"date":"2020-02-24T13:35:58","date_gmt":"2020-02-24T12:35:58","guid":{"rendered":"http:\/\/kynnefjall.com\/aktiviteter-aventyr\/naturguidningar\/baversafari\/"},"modified":"2020-03-18T06:27:02","modified_gmt":"2020-03-18T05:27:02","slug":"baversafari","status":"publish","type":"page","link":"https:\/\/kynnefjall.com\/en\/activities-adventures\/naturguidningar\/baversafari\/","title":{"rendered":"B\u00e4versafari"},"content":{"rendered":"<p><div id='full_slider_1' class='avia-fullwidth-slider main_color avia-shadow  av-small-hide av-mini-hide  avia-builder-el-0  el_before_av_slideshow_full  avia-builder-el-first   container_wrap fullsize' style=' '  ><div  data-size='desktop_banner'  data-lightbox_size='large'  data-animation='slide'  data-conditional_play=''  data-ids='344'  data-video_counter='0'  data-autoplay='false'  data-bg_slider='false'  data-slide_height=''  data-handle='av_slideshow_full'  data-interval='5'  data-class=' '  data-css_id=''  data-scroll_down=''  data-control_layout='av-control-default'  data-custom_markup=''  data-perma_caption=''  data-autoplay_stopper=''  data-image_attachment=''  data-min_height='0px'  data-src=''  data-position='top left'  data-repeat='no-repeat'  data-attach='scroll'  data-stretch=''  data-default-height='31.25'  class='avia-slideshow avia-slideshow-1  av-control-default av-default-height-applied avia-slideshow-desktop_banner av_slideshow_full   avia-slide-slider '  itemprop=\"image\" itemscope=\"itemscope\" itemtype=\"https:\/\/schema.org\/ImageObject\" ><ul class='avia-slideshow-inner ' style='padding-bottom: 34.682080924855%;' ><li  class=' av-single-slide slide-1 ' ><div data-rel='slideshow-1' class='avia-slide-wrap '   ><img src='https:\/\/kynnefjall.com\/wp-content\/uploads\/2020\/02\/kynnefjall_banner_01.jpg' width='1730' height='600' title='kynnefjall_banner_01' alt=''  itemprop=\"thumbnailUrl\"   \/><\/div><\/li><\/ul><\/div><\/div> <div id='full_slider_2' class='avia-fullwidth-slider main_color avia-shadow  av-desktop-hide av-medium-hide  avia-builder-el-1  el_after_av_slideshow_full  el_before_av_section   slider-not-first container_wrap fullsize' style=' '  ><div  data-size='large'  data-lightbox_size='large'  data-animation='slide'  data-conditional_play=''  data-ids='344'  data-video_counter='0'  data-autoplay='false'  data-bg_slider='false'  data-slide_height=''  data-handle='av_slideshow_full'  data-interval='5'  data-class=' '  data-css_id=''  data-scroll_down=''  data-control_layout='av-control-default'  data-custom_markup=''  data-perma_caption=''  data-autoplay_stopper=''  data-image_attachment=''  data-min_height='300px'  data-src=''  data-position='top left'  data-repeat='no-repeat'  data-attach='scroll'  data-stretch=''  class='avia-slideshow avia-slideshow-2  av-control-default av-default-height-applied avia-slideshow-large av_slideshow_full   avia-slide-slider '  itemprop=\"image\" itemscope=\"itemscope\" itemtype=\"https:\/\/schema.org\/ImageObject\" ><ul class='avia-slideshow-inner ' style='padding-bottom: 34.660194174757%;' ><li  class=' av-single-slide slide-1 ' ><div data-rel='slideshow-2' class='avia-slide-wrap '   ><img src='https:\/\/kynnefjall.com\/wp-content\/uploads\/2020\/02\/kynnefjall_banner_01-1030x357.jpg' width='1030' height='357' title='kynnefjall_banner_01' alt=''  itemprop=\"thumbnailUrl\"  style='min-height:300px; min-width:866px; ' \/><\/div><\/li><\/ul><\/div><\/div> <div id='av_section_1' class='avia-section main_color avia-section-default avia-no-border-styling avia-bg-style-scroll  avia-builder-el-2  el_after_av_slideshow_full  avia-builder-el-last  full-width-content  container_wrap fullsize' style=' '  ><div class='container' ><div class='template-page content  av-content-full alpha units'><div class='post-entry post-entry-type-page post-entry-973'><div class='entry-content-wrapper clearfix'> <div class=\"flex_column av_one_full  flex_column_div av-zero-column-padding first  avia-builder-el-3  avia-builder-el-no-sibling   \" style='border-radius:0px; '><p> <div style='padding-bottom:0px; ' class='av-special-heading av-special-heading-h1  blockquote modern-quote modern-centered  avia-builder-el-4  el_before_av_textblock  avia-builder-el-first   '><h1 class='av-special-heading-tag '  itemprop=\"headline\"  >B\u00e4versafari<\/h1><div class='special-heading-border'><div class='special-heading-inner-border' ><\/div><\/div><\/div> <section class=\"av_textblock_section \"  itemscope=\"itemscope\" itemtype=\"https:\/\/schema.org\/CreativeWork\" ><div class='avia_textblock  '   itemprop=\"text\" ><p style=\"text-align: center;\">Vi bes\u00f6ker ett omr\u00e5de d\u00e4r b\u00e4vrarna l\u00e4mnat tydliga sp\u00e5r efter flera \u00e5rs arbete vid sina boplatser. H\u00e4r ber\u00e4ttar vi om hur b\u00e4vern bygger sina dammar och vilka livsbetingelser den beh\u00f6ver. Platsen ligger cirka 10 minuter med bil fr\u00e5n anl\u00e4ggningen. Utflykten tar ca 2 timmar.<\/p>\n<p style=\"text-align: center;\">PRIS 2000kr\/ grupp <\/p>\n<\/div><\/section> <\/p><\/div> <\/p>\n<\/p>","protected":false},"excerpt":{"rendered":"","protected":false},"author":2,"featured_media":0,"parent":971,"menu_order":0,"comment_status":"closed","ping_status":"closed","template":"","meta":{"footnotes":""},"class_list":["post-973","page","type-page","status-publish","hentry"],"yoast_head":"<!-- This site is optimized with the Yoast SEO plugin v22.8 - https:\/\/yoast.com\/wordpress\/plugins\/seo\/ -->\n<title>B\u00e4versafari - Kynnefj\u00e4lls Natur<\/title>\n<meta name=\"robots\" content=\"index, follow, max-snippet:-1, max-image-preview:large, max-video-preview:-1\" \/>\n<link rel=\"canonical\" href=\"https:\/\/kynnefjall.com\/en\/activities-adventures\/naturguidningar\/baversafari\/\" \/>\n<meta property=\"og:locale\" content=\"en_US\" \/>\n<meta property=\"og:type\" content=\"article\" \/>\n<meta property=\"og:title\" content=\"B\u00e4versafari - Kynnefj\u00e4lls Natur\" \/>\n<meta property=\"og:url\" content=\"https:\/\/kynnefjall.com\/en\/activities-adventures\/naturguidningar\/baversafari\/\" \/>\n<meta property=\"og:site_name\" content=\"Kynnefj\u00e4lls Natur\" \/>\n<meta property=\"article:modified_time\" content=\"2020-03-18T05:27:02+00:00\" \/>\n<meta name=\"twitter:card\" content=\"summary_large_image\" \/>\n<meta name=\"twitter:label1\" content=\"Est. reading time\" \/>\n\t<meta name=\"twitter:data1\" content=\"4 minutes\" \/>\n<script type=\"application\/ld+json\" class=\"yoast-schema-graph\">{\"@context\":\"https:\/\/schema.org\",\"@graph\":[{\"@type\":\"WebPage\",\"@id\":\"https:\/\/kynnefjall.com\/en\/activities-adventures\/naturguidningar\/baversafari\/\",\"url\":\"https:\/\/kynnefjall.com\/en\/activities-adventures\/naturguidningar\/baversafari\/\",\"name\":\"B\u00e4versafari - Kynnefj\u00e4lls Natur\",\"isPartOf\":{\"@id\":\"https:\/\/kynnefjall.com\/#website\"},\"datePublished\":\"2020-02-24T12:35:58+00:00\",\"dateModified\":\"2020-03-18T05:27:02+00:00\",\"breadcrumb\":{\"@id\":\"https:\/\/kynnefjall.com\/en\/activities-adventures\/naturguidningar\/baversafari\/#breadcrumb\"},\"inLanguage\":\"en-US\",\"potentialAction\":[{\"@type\":\"ReadAction\",\"target\":[\"https:\/\/kynnefjall.com\/en\/activities-adventures\/naturguidningar\/baversafari\/\"]}]},{\"@type\":\"BreadcrumbList\",\"@id\":\"https:\/\/kynnefjall.com\/en\/activities-adventures\/naturguidningar\/baversafari\/#breadcrumb\",\"itemListElement\":[{\"@type\":\"ListItem\",\"position\":1,\"name\":\"Hem\",\"item\":\"https:\/\/kynnefjall.com\/en\/home\/\"},{\"@type\":\"ListItem\",\"position\":2,\"name\":\"Activities &#038; Adventures\",\"item\":\"https:\/\/kynnefjall.com\/en\/activities-adventures\/\"},{\"@type\":\"ListItem\",\"position\":3,\"name\":\"Naturguidningar\",\"item\":\"https:\/\/kynnefjall.com\/en\/activities-adventures\/naturguidningar\/\"},{\"@type\":\"ListItem\",\"position\":4,\"name\":\"B\u00e4versafari\"}]},{\"@type\":\"WebSite\",\"@id\":\"https:\/\/kynnefjall.com\/#website\",\"url\":\"https:\/\/kynnefjall.com\/\",\"name\":\"Kynnefj\u00e4lls Natur\",\"description\":\"\",\"potentialAction\":[{\"@type\":\"SearchAction\",\"target\":{\"@type\":\"EntryPoint\",\"urlTemplate\":\"https:\/\/kynnefjall.com\/?s={search_term_string}\"},\"query-input\":\"required name=search_term_string\"}],\"inLanguage\":\"en-US\"}]}<\/script>\n<!-- \/ Yoast SEO plugin. -->","yoast_head_json":{"title":"B\u00e4versafari - Kynnefj\u00e4lls Natur","robots":{"index":"index","follow":"follow","max-snippet":"max-snippet:-1","max-image-preview":"max-image-preview:large","max-video-preview":"max-video-preview:-1"},"canonical":"https:\/\/kynnefjall.com\/en\/activities-adventures\/naturguidningar\/baversafari\/","og_locale":"en_US","og_type":"article","og_title":"B\u00e4versafari - Kynnefj\u00e4lls Natur","og_url":"https:\/\/kynnefjall.com\/en\/activities-adventures\/naturguidningar\/baversafari\/","og_site_name":"Kynnefj\u00e4lls Natur","article_modified_time":"2020-03-18T05:27:02+00:00","twitter_card":"summary_large_image","twitter_misc":{"Est. reading time":"4 minutes"},"schema":{"@context":"https:\/\/schema.org","@graph":[{"@type":"WebPage","@id":"https:\/\/kynnefjall.com\/en\/activities-adventures\/naturguidningar\/baversafari\/","url":"https:\/\/kynnefjall.com\/en\/activities-adventures\/naturguidningar\/baversafari\/","name":"B\u00e4versafari - Kynnefj\u00e4lls Natur","isPartOf":{"@id":"https:\/\/kynnefjall.com\/#website"},"datePublished":"2020-02-24T12:35:58+00:00","dateModified":"2020-03-18T05:27:02+00:00","breadcrumb":{"@id":"https:\/\/kynnefjall.com\/en\/activities-adventures\/naturguidningar\/baversafari\/#breadcrumb"},"inLanguage":"en-US","potentialAction":[{"@type":"ReadAction","target":["https:\/\/kynnefjall.com\/en\/activities-adventures\/naturguidningar\/baversafari\/"]}]},{"@type":"BreadcrumbList","@id":"https:\/\/kynnefjall.com\/en\/activities-adventures\/naturguidningar\/baversafari\/#breadcrumb","itemListElement":[{"@type":"ListItem","position":1,"name":"Hem","item":"https:\/\/kynnefjall.com\/en\/home\/"},{"@type":"ListItem","position":2,"name":"Activities &#038; Adventures","item":"https:\/\/kynnefjall.com\/en\/activities-adventures\/"},{"@type":"ListItem","position":3,"name":"Naturguidningar","item":"https:\/\/kynnefjall.com\/en\/activities-adventures\/naturguidningar\/"},{"@type":"ListItem","position":4,"name":"B\u00e4versafari"}]},{"@type":"WebSite","@id":"https:\/\/kynnefjall.com\/#website","url":"https:\/\/kynnefjall.com\/","name":"Kynnefj\u00e4lls Natur","description":"","potentialAction":[{"@type":"SearchAction","target":{"@type":"EntryPoint","urlTemplate":"https:\/\/kynnefjall.com\/?s={search_term_string}"},"query-input":"required name=search_term_string"}],"inLanguage":"en-US"}]}},"_links":{"self":[{"href":"https:\/\/kynnefjall.com\/en\/wp-json\/wp\/v2\/pages\/973","targetHints":{"allow":["GET"]}}],"collection":[{"href":"https:\/\/kynnefjall.com\/en\/wp-json\/wp\/v2\/pages"}],"about":[{"href":"https:\/\/kynnefjall.com\/en\/wp-json\/wp\/v2\/types\/page"}],"author":[{"embeddable":true,"href":"https:\/\/kynnefjall.com\/en\/wp-json\/wp\/v2\/users\/2"}],"replies":[{"embeddable":true,"href":"https:\/\/kynnefjall.com\/en\/wp-json\/wp\/v2\/comments?post=973"}],"version-history":[{"count":2,"href":"https:\/\/kynnefjall.com\/en\/wp-json\/wp\/v2\/pages\/973\/revisions"}],"predecessor-version":[{"id":983,"href":"https:\/\/kynnefjall.com\/en\/wp-json\/wp\/v2\/pages\/973\/revisions\/983"}],"up":[{"embeddable":true,"href":"https:\/\/kynnefjall.com\/en\/wp-json\/wp\/v2\/pages\/971"}],"wp:attachment":[{"href":"https:\/\/kynnefjall.com\/en\/wp-json\/wp\/v2\/media?parent=973"}],"curies":[{"name":"wp","href":"https:\/\/api.w.org\/{rel}","templated":true}]}}