{"id":972,"date":"2020-02-24T13:48:15","date_gmt":"2020-02-24T12:48:15","guid":{"rendered":"http:\/\/kynnefjall.com\/aktiviteter-aventyr\/naturguidningar\/algsafari\/"},"modified":"2020-03-18T06:27:00","modified_gmt":"2020-03-18T05:27:00","slug":"algsafari","status":"publish","type":"page","link":"https:\/\/kynnefjall.com\/en\/activities-adventures\/naturguidningar\/algsafari\/","title":{"rendered":"\u00c4lgsafari"},"content":{"rendered":"<p><div id='full_slider_1' class='avia-fullwidth-slider main_color avia-shadow  av-small-hide av-mini-hide  avia-builder-el-0  el_before_av_slideshow_full  avia-builder-el-first   container_wrap fullsize' style=' '  ><div  data-size='desktop_banner'  data-lightbox_size='large'  data-animation='slide'  data-conditional_play=''  data-ids='344'  data-video_counter='0'  data-autoplay='false'  data-bg_slider='false'  data-slide_height=''  data-handle='av_slideshow_full'  data-interval='5'  data-class=' '  data-css_id=''  data-scroll_down=''  data-control_layout='av-control-default'  data-custom_markup=''  data-perma_caption=''  data-autoplay_stopper=''  data-image_attachment=''  data-min_height='0px'  data-src=''  data-position='top left'  data-repeat='no-repeat'  data-attach='scroll'  data-stretch=''  data-default-height='31.25'  class='avia-slideshow avia-slideshow-1  av-control-default av-default-height-applied avia-slideshow-desktop_banner av_slideshow_full   avia-slide-slider '  itemprop=\"image\" itemscope=\"itemscope\" itemtype=\"https:\/\/schema.org\/ImageObject\" ><ul class='avia-slideshow-inner ' style='padding-bottom: 34.682080924855%;' ><li  class=' av-single-slide slide-1 ' ><div data-rel='slideshow-1' class='avia-slide-wrap '   ><img src='https:\/\/kynnefjall.com\/wp-content\/uploads\/2020\/02\/kynnefjall_banner_01.jpg' width='1730' height='600' title='kynnefjall_banner_01' alt=''  itemprop=\"thumbnailUrl\"   \/><\/div><\/li><\/ul><\/div><\/div> <div id='full_slider_2' class='avia-fullwidth-slider main_color avia-shadow  av-desktop-hide av-medium-hide  avia-builder-el-1  el_after_av_slideshow_full  el_before_av_section   slider-not-first container_wrap fullsize' style=' '  ><div  data-size='large'  data-lightbox_size='large'  data-animation='slide'  data-conditional_play=''  data-ids='344'  data-video_counter='0'  data-autoplay='false'  data-bg_slider='false'  data-slide_height=''  data-handle='av_slideshow_full'  data-interval='5'  data-class=' '  data-css_id=''  data-scroll_down=''  data-control_layout='av-control-default'  data-custom_markup=''  data-perma_caption=''  data-autoplay_stopper=''  data-image_attachment=''  data-min_height='300px'  data-src=''  data-position='top left'  data-repeat='no-repeat'  data-attach='scroll'  data-stretch=''  class='avia-slideshow avia-slideshow-2  av-control-default av-default-height-applied avia-slideshow-large av_slideshow_full   avia-slide-slider '  itemprop=\"image\" itemscope=\"itemscope\" itemtype=\"https:\/\/schema.org\/ImageObject\" ><ul class='avia-slideshow-inner ' style='padding-bottom: 34.660194174757%;' ><li  class=' av-single-slide slide-1 ' ><div data-rel='slideshow-2' class='avia-slide-wrap '   ><img src='https:\/\/kynnefjall.com\/wp-content\/uploads\/2020\/02\/kynnefjall_banner_01-1030x357.jpg' width='1030' height='357' title='kynnefjall_banner_01' alt=''  itemprop=\"thumbnailUrl\"  style='min-height:300px; min-width:866px; ' \/><\/div><\/li><\/ul><\/div><\/div> <div id='av_section_1' class='avia-section main_color avia-section-default avia-no-border-styling avia-bg-style-scroll  avia-builder-el-2  el_after_av_slideshow_full  avia-builder-el-last  full-width-content  container_wrap fullsize' style=' '  ><div class='container' ><div class='template-page content  av-content-full alpha units'><div class='post-entry post-entry-type-page post-entry-972'><div class='entry-content-wrapper clearfix'> <div class=\"flex_column av_one_full  flex_column_div av-zero-column-padding first  avia-builder-el-3  avia-builder-el-no-sibling   \" style='border-radius:0px; '><p> <div style='padding-bottom:0px; ' class='av-special-heading av-special-heading-h1  blockquote modern-quote modern-centered  avia-builder-el-4  el_before_av_textblock  avia-builder-el-first   '><h1 class='av-special-heading-tag '  itemprop=\"headline\"  >\u00c4lgsafari<\/h1><div class='special-heading-border'><div class='special-heading-inner-border' ><\/div><\/div><\/div> <section class=\"av_textblock_section \"  itemscope=\"itemscope\" itemtype=\"https:\/\/schema.org\/CreativeWork\" ><div class='avia_textblock  '   itemprop=\"text\" ><p style=\"text-align: center;\">Kynnefj\u00e4ll \u00e4r ett av Sveriges viltt\u00e4taste omr\u00e5den d\u00e4r framf\u00f6r allt \u00e4lgen har en framtr\u00e4dande roll och stark tillv\u00e4xt i sin naturliga milj\u00f6.<\/p>\n<\/div><\/section> <\/p><\/div><\/div><\/div><\/div><!-- close content main div --><\/div><\/div><div id='av_section_2' class='avia-section main_color avia-section-default avia-no-border-styling avia-bg-style-scroll  full-width-content  container_wrap fullsize' style='background-color: #f6f6f6;  '  ><div class='container' ><div class='template-page content  av-content-full alpha units'><div class='post-entry post-entry-type-page post-entry-972'><div class='entry-content-wrapper clearfix'> <div class=\"flex_column av_one_full  flex_column_div av-zero-column-padding first   \" style='border-radius:0px; '><section class=\"av_textblock_section \"  itemscope=\"itemscope\" itemtype=\"https:\/\/schema.org\/CreativeWork\" ><div class='avia_textblock  '   itemprop=\"text\" ><p style=\"text-align: center;\">Ni f\u00f6ljer med p\u00e5 en guidad tur genom \u00e4lgens rike, d\u00e4r sp\u00e5r och m\u00e4rken tydligt framtr\u00e4der f\u00f6r ett tr\u00e4nat \u00f6ga. Ni kommer \u00e4ven att f\u00e5 l\u00e4ra er hur man kommunicerar med \u00e4lgar genom olika lockrop och signaler.<\/p>\n<\/div><\/section> <section class=\"av_textblock_section \"  itemscope=\"itemscope\" itemtype=\"https:\/\/schema.org\/CreativeWork\" ><div class='avia_textblock  '   itemprop=\"text\" ><p style=\"text-align: center;\">Ni har en unik chans att f\u00e5 se \u00e4lgar i sin naturliga milj\u00f6. Alla deltagare f\u00e5r smaka p\u00e5 r\u00f6kt \u00e4lgk\u00f6tt. K\u00f6p g\u00e4rna till middag i v\u00e5r restaurang, varf\u00f6r inte en mustig \u00e4lggryta!<\/p>\n<p style=\"text-align: center;\">Aktiviteten tar ca 2 timmar och l\u00e4mpar sig b\u00e4st f\u00f6r mindre grupper. OBS! Minst 3st deltagare.<\/p>\n<p style=\"text-align: center;\">PRIS 800kr\/p <\/p>\n<\/div><\/section> <\/p><\/div> <\/p>\n<\/p>","protected":false},"excerpt":{"rendered":"","protected":false},"author":2,"featured_media":0,"parent":971,"menu_order":0,"comment_status":"closed","ping_status":"closed","template":"","meta":{"footnotes":""},"class_list":["post-972","page","type-page","status-publish","hentry"],"yoast_head":"<!-- This site is optimized with the Yoast SEO plugin v22.8 - https:\/\/yoast.com\/wordpress\/plugins\/seo\/ -->\n<title>\u00c4lgsafari - Kynnefj\u00e4lls Natur<\/title>\n<meta name=\"robots\" content=\"index, follow, max-snippet:-1, max-image-preview:large, max-video-preview:-1\" \/>\n<link rel=\"canonical\" href=\"https:\/\/kynnefjall.com\/en\/activities-adventures\/naturguidningar\/algsafari\/\" \/>\n<meta property=\"og:locale\" content=\"en_US\" \/>\n<meta property=\"og:type\" content=\"article\" \/>\n<meta property=\"og:title\" content=\"\u00c4lgsafari - Kynnefj\u00e4lls Natur\" \/>\n<meta property=\"og:url\" content=\"https:\/\/kynnefjall.com\/en\/activities-adventures\/naturguidningar\/algsafari\/\" \/>\n<meta property=\"og:site_name\" content=\"Kynnefj\u00e4lls Natur\" \/>\n<meta property=\"article:modified_time\" content=\"2020-03-18T05:27:00+00:00\" \/>\n<meta name=\"twitter:card\" content=\"summary_large_image\" \/>\n<meta name=\"twitter:label1\" content=\"Est. reading time\" \/>\n\t<meta name=\"twitter:data1\" content=\"6 minutes\" \/>\n<script type=\"application\/ld+json\" class=\"yoast-schema-graph\">{\"@context\":\"https:\/\/schema.org\",\"@graph\":[{\"@type\":\"WebPage\",\"@id\":\"https:\/\/kynnefjall.com\/en\/activities-adventures\/naturguidningar\/algsafari\/\",\"url\":\"https:\/\/kynnefjall.com\/en\/activities-adventures\/naturguidningar\/algsafari\/\",\"name\":\"\u00c4lgsafari - Kynnefj\u00e4lls Natur\",\"isPartOf\":{\"@id\":\"https:\/\/kynnefjall.com\/#website\"},\"datePublished\":\"2020-02-24T12:48:15+00:00\",\"dateModified\":\"2020-03-18T05:27:00+00:00\",\"breadcrumb\":{\"@id\":\"https:\/\/kynnefjall.com\/en\/activities-adventures\/naturguidningar\/algsafari\/#breadcrumb\"},\"inLanguage\":\"en-US\",\"potentialAction\":[{\"@type\":\"ReadAction\",\"target\":[\"https:\/\/kynnefjall.com\/en\/activities-adventures\/naturguidningar\/algsafari\/\"]}]},{\"@type\":\"BreadcrumbList\",\"@id\":\"https:\/\/kynnefjall.com\/en\/activities-adventures\/naturguidningar\/algsafari\/#breadcrumb\",\"itemListElement\":[{\"@type\":\"ListItem\",\"position\":1,\"name\":\"Hem\",\"item\":\"https:\/\/kynnefjall.com\/en\/home\/\"},{\"@type\":\"ListItem\",\"position\":2,\"name\":\"Activities &#038; Adventures\",\"item\":\"https:\/\/kynnefjall.com\/en\/activities-adventures\/\"},{\"@type\":\"ListItem\",\"position\":3,\"name\":\"Naturguidningar\",\"item\":\"https:\/\/kynnefjall.com\/en\/activities-adventures\/naturguidningar\/\"},{\"@type\":\"ListItem\",\"position\":4,\"name\":\"\u00c4lgsafari\"}]},{\"@type\":\"WebSite\",\"@id\":\"https:\/\/kynnefjall.com\/#website\",\"url\":\"https:\/\/kynnefjall.com\/\",\"name\":\"Kynnefj\u00e4lls Natur\",\"description\":\"\",\"potentialAction\":[{\"@type\":\"SearchAction\",\"target\":{\"@type\":\"EntryPoint\",\"urlTemplate\":\"https:\/\/kynnefjall.com\/?s={search_term_string}\"},\"query-input\":\"required name=search_term_string\"}],\"inLanguage\":\"en-US\"}]}<\/script>\n<!-- \/ Yoast SEO plugin. -->","yoast_head_json":{"title":"\u00c4lgsafari - Kynnefj\u00e4lls Natur","robots":{"index":"index","follow":"follow","max-snippet":"max-snippet:-1","max-image-preview":"max-image-preview:large","max-video-preview":"max-video-preview:-1"},"canonical":"https:\/\/kynnefjall.com\/en\/activities-adventures\/naturguidningar\/algsafari\/","og_locale":"en_US","og_type":"article","og_title":"\u00c4lgsafari - Kynnefj\u00e4lls Natur","og_url":"https:\/\/kynnefjall.com\/en\/activities-adventures\/naturguidningar\/algsafari\/","og_site_name":"Kynnefj\u00e4lls Natur","article_modified_time":"2020-03-18T05:27:00+00:00","twitter_card":"summary_large_image","twitter_misc":{"Est. reading time":"6 minutes"},"schema":{"@context":"https:\/\/schema.org","@graph":[{"@type":"WebPage","@id":"https:\/\/kynnefjall.com\/en\/activities-adventures\/naturguidningar\/algsafari\/","url":"https:\/\/kynnefjall.com\/en\/activities-adventures\/naturguidningar\/algsafari\/","name":"\u00c4lgsafari - Kynnefj\u00e4lls Natur","isPartOf":{"@id":"https:\/\/kynnefjall.com\/#website"},"datePublished":"2020-02-24T12:48:15+00:00","dateModified":"2020-03-18T05:27:00+00:00","breadcrumb":{"@id":"https:\/\/kynnefjall.com\/en\/activities-adventures\/naturguidningar\/algsafari\/#breadcrumb"},"inLanguage":"en-US","potentialAction":[{"@type":"ReadAction","target":["https:\/\/kynnefjall.com\/en\/activities-adventures\/naturguidningar\/algsafari\/"]}]},{"@type":"BreadcrumbList","@id":"https:\/\/kynnefjall.com\/en\/activities-adventures\/naturguidningar\/algsafari\/#breadcrumb","itemListElement":[{"@type":"ListItem","position":1,"name":"Hem","item":"https:\/\/kynnefjall.com\/en\/home\/"},{"@type":"ListItem","position":2,"name":"Activities &#038; Adventures","item":"https:\/\/kynnefjall.com\/en\/activities-adventures\/"},{"@type":"ListItem","position":3,"name":"Naturguidningar","item":"https:\/\/kynnefjall.com\/en\/activities-adventures\/naturguidningar\/"},{"@type":"ListItem","position":4,"name":"\u00c4lgsafari"}]},{"@type":"WebSite","@id":"https:\/\/kynnefjall.com\/#website","url":"https:\/\/kynnefjall.com\/","name":"Kynnefj\u00e4lls Natur","description":"","potentialAction":[{"@type":"SearchAction","target":{"@type":"EntryPoint","urlTemplate":"https:\/\/kynnefjall.com\/?s={search_term_string}"},"query-input":"required name=search_term_string"}],"inLanguage":"en-US"}]}},"_links":{"self":[{"href":"https:\/\/kynnefjall.com\/en\/wp-json\/wp\/v2\/pages\/972","targetHints":{"allow":["GET"]}}],"collection":[{"href":"https:\/\/kynnefjall.com\/en\/wp-json\/wp\/v2\/pages"}],"about":[{"href":"https:\/\/kynnefjall.com\/en\/wp-json\/wp\/v2\/types\/page"}],"author":[{"embeddable":true,"href":"https:\/\/kynnefjall.com\/en\/wp-json\/wp\/v2\/users\/2"}],"replies":[{"embeddable":true,"href":"https:\/\/kynnefjall.com\/en\/wp-json\/wp\/v2\/comments?post=972"}],"version-history":[{"count":2,"href":"https:\/\/kynnefjall.com\/en\/wp-json\/wp\/v2\/pages\/972\/revisions"}],"predecessor-version":[{"id":982,"href":"https:\/\/kynnefjall.com\/en\/wp-json\/wp\/v2\/pages\/972\/revisions\/982"}],"up":[{"embeddable":true,"href":"https:\/\/kynnefjall.com\/en\/wp-json\/wp\/v2\/pages\/971"}],"wp:attachment":[{"href":"https:\/\/kynnefjall.com\/en\/wp-json\/wp\/v2\/media?parent=972"}],"curies":[{"name":"wp","href":"https:\/\/api.w.org\/{rel}","templated":true}]}}