{"id":7307,"date":"2020-05-13T15:11:32","date_gmt":"2020-05-13T13:11:32","guid":{"rendered":"https:\/\/kynnefjall.com\/offers-packages\/fira-hundvanligt-nyar-pa-kynnefjall-2\/"},"modified":"2024-09-09T02:25:48","modified_gmt":"2024-09-09T00:25:48","slug":"celebrate-a-dog-friendly-new-year-at-kynnefjall","status":"publish","type":"page","link":"https:\/\/kynnefjall.com\/en\/offers-packages\/celebrate-a-dog-friendly-new-year-at-kynnefjall\/","title":{"rendered":"Celebrate a dog-friendly New Year at Kynnefj\u00e4ll"},"content":{"rendered":"<div id='full_slider_1' class='avia-fullwidth-slider main_color avia-shadow  av-small-hide av-mini-hide  avia-builder-el-0  el_before_av_slideshow_full  avia-builder-el-first   container_wrap fullsize' style=' '  ><div  data-size='desktop_banner'  data-lightbox_size='large'  data-animation='slide'  data-conditional_play=''  data-ids='2044,3634,3636,3684,2091'  data-video_counter='0'  data-autoplay='false'  data-bg_slider='false'  data-slide_height=''  data-handle='av_slideshow_full'  data-interval='5'  data-class=' '  data-css_id=''  data-scroll_down=''  data-control_layout='av-control-default'  data-custom_markup=''  data-perma_caption=''  data-autoplay_stopper=''  data-image_attachment=''  data-min_height='0px'  data-src=''  data-position='top left'  data-repeat='no-repeat'  data-attach='scroll'  data-stretch=''  data-default-height='31.25'  class='avia-slideshow avia-slideshow-1  av-control-default av-default-height-applied avia-slideshow-desktop_banner av_slideshow_full   avia-slide-slider '  itemprop=\"image\" itemscope=\"itemscope\" itemtype=\"https:\/\/schema.org\/ImageObject\" ><ul class='avia-slideshow-inner ' style='padding-bottom: 31.25%;' ><li  class=' slide-1 ' ><div data-rel='slideshow-1' class='avia-slide-wrap '   ><img src='https:\/\/kynnefjall.com\/wp-content\/uploads\/2020\/05\/restaurang-grillbuff\u00e9-mat-ny\u00e5r-1920x600.jpg' width='1920' height='600' title='restaurang grillbuff\u00e9 mat ny\u00e5r' alt=''  itemprop=\"thumbnailUrl\"   \/><\/div><\/li><li  class=' slide-2 ' ><div data-rel='slideshow-1' class='avia-slide-wrap '   ><img src='https:\/\/kynnefjall.com\/wp-content\/uploads\/2020\/05\/vinter-jul-ny\u00e5r-reception-2-1920x600.jpg' width='1920' height='600' title='vinter jul ny\u00e5r reception (2)' alt=''  itemprop=\"thumbnailUrl\"   \/><\/div><\/li><li  class=' slide-3 ' ><div data-rel='slideshow-1' class='avia-slide-wrap '   ><img src='https:\/\/kynnefjall.com\/wp-content\/uploads\/2020\/05\/vinter-jul-ny\u00e5r-reception-1920x600.jpg' width='1920' height='600' title='vinter jul ny\u00e5r reception' alt=''  itemprop=\"thumbnailUrl\"   \/><\/div><\/li><li  class=' slide-4 ' ><div data-rel='slideshow-1' class='avia-slide-wrap '   ><img src='https:\/\/kynnefjall.com\/wp-content\/uploads\/2020\/05\/Trollets-rum-1920x600.jpg' width='1920' height='600' title='Trollets rum' alt=''  itemprop=\"thumbnailUrl\"   \/><\/div><\/li><li  class=' slide-5 ' ><div data-rel='slideshow-1' class='avia-slide-wrap '   ><img src='https:\/\/kynnefjall.com\/wp-content\/uploads\/2020\/05\/rum-l\u00e4nga-boende-1920x600.jpg' width='1920' height='600' title='rum l\u00e4nga boende' alt=''  itemprop=\"thumbnailUrl\"   \/><\/div><\/li><\/ul><div class='avia-slideshow-arrows avia-slideshow-controls'><a href='#prev' class='prev-slide' aria-hidden='true' data-av_icon='\ue87c' data-av_iconfont='entypo-fontello'>Previous<\/a><a href='#next' class='next-slide' aria-hidden='true' data-av_icon='\ue87d' data-av_iconfont='entypo-fontello'>Next<\/a><\/div><div class='avia-slideshow-dots avia-slideshow-controls'><a href='#1' class='goto-slide active' >1<\/a><a href='#2' class='goto-slide ' >2<\/a><a href='#3' class='goto-slide ' >3<\/a><a href='#4' class='goto-slide ' >4<\/a><a href='#5' class='goto-slide ' >5<\/a><\/div><\/div><\/div>\n<div id='full_slider_2' class='avia-fullwidth-slider main_color avia-shadow  av-desktop-hide av-medium-hide  avia-builder-el-1  el_after_av_slideshow_full  el_before_av_section   slider-not-first container_wrap fullsize' style=' '  ><div  data-size='large'  data-lightbox_size='large'  data-animation='slide'  data-conditional_play=''  data-ids='2044,3634,3636,3684,2091'  data-video_counter='0'  data-autoplay='false'  data-bg_slider='false'  data-slide_height=''  data-handle='av_slideshow_full'  data-interval='5'  data-class=' '  data-css_id=''  data-scroll_down=''  data-control_layout='av-control-default'  data-custom_markup=''  data-perma_caption=''  data-autoplay_stopper=''  data-image_attachment=''  data-min_height='0px'  data-src=''  data-position='top left'  data-repeat='no-repeat'  data-attach='scroll'  data-stretch=''  class='avia-slideshow avia-slideshow-2  av-control-default av-default-height-applied avia-slideshow-large av_slideshow_full   avia-slide-slider '  itemprop=\"image\" itemscope=\"itemscope\" itemtype=\"https:\/\/schema.org\/ImageObject\" ><ul class='avia-slideshow-inner ' style='padding-bottom: 48.640776699029%;' ><li  class=' slide-1 ' ><div data-rel='slideshow-2' class='avia-slide-wrap '   ><img src='https:\/\/kynnefjall.com\/wp-content\/uploads\/2020\/05\/restaurang-grillbuff\u00e9-mat-ny\u00e5r-1030x501.jpg' width='1030' height='501' title='restaurang grillbuff\u00e9 mat ny\u00e5r' alt=''  itemprop=\"thumbnailUrl\"   \/><\/div><\/li><li  class=' slide-2 ' ><div data-rel='slideshow-2' class='avia-slide-wrap '   ><img src='https:\/\/kynnefjall.com\/wp-content\/uploads\/2020\/05\/vinter-jul-ny\u00e5r-reception-2-1030x1030.jpg' width='1030' height='1030' title='vinter jul ny\u00e5r reception (2)' alt=''  itemprop=\"thumbnailUrl\"   \/><\/div><\/li><li  class=' slide-3 ' ><div data-rel='slideshow-2' class='avia-slide-wrap '   ><img src='https:\/\/kynnefjall.com\/wp-content\/uploads\/2020\/05\/vinter-jul-ny\u00e5r-reception-1030x501.jpg' width='1030' height='501' title='vinter jul ny\u00e5r reception' alt=''  itemprop=\"thumbnailUrl\"   \/><\/div><\/li><li  class=' slide-4 ' ><div data-rel='slideshow-2' class='avia-slide-wrap '   ><img src='https:\/\/kynnefjall.com\/wp-content\/uploads\/2020\/05\/Trollets-rum-1030x687.jpg' width='1030' height='687' title='Trollets rum' alt=''  itemprop=\"thumbnailUrl\"   \/><\/div><\/li><li  class=' slide-5 ' ><div data-rel='slideshow-2' class='avia-slide-wrap '   ><img src='https:\/\/kynnefjall.com\/wp-content\/uploads\/2020\/05\/rum-l\u00e4nga-boende-1030x773.jpg' width='1030' height='773' title='rum l\u00e4nga boende' alt=''  itemprop=\"thumbnailUrl\"   \/><\/div><\/li><\/ul><div class='avia-slideshow-arrows avia-slideshow-controls'><a href='#prev' class='prev-slide' aria-hidden='true' data-av_icon='\ue87c' data-av_iconfont='entypo-fontello'>Previous<\/a><a href='#next' class='next-slide' aria-hidden='true' data-av_icon='\ue87d' data-av_iconfont='entypo-fontello'>Next<\/a><\/div><div class='avia-slideshow-dots avia-slideshow-controls'><a href='#1' class='goto-slide active' >1<\/a><a href='#2' class='goto-slide ' >2<\/a><a href='#3' class='goto-slide ' >3<\/a><a href='#4' class='goto-slide ' >4<\/a><a href='#5' class='goto-slide ' >5<\/a><\/div><\/div><\/div>\n<div id='av_section_1' class='avia-section main_color avia-section-default avia-no-border-styling avia-bg-style-scroll  avia-builder-el-2  el_after_av_slideshow_full  el_before_av_button  full-width-content  container_wrap fullsize' style=' '  ><div class='container' ><div class='template-page content  av-content-full alpha units'><div class='post-entry post-entry-type-page post-entry-7307'><div class='entry-content-wrapper clearfix'>\n<div class=\"flex_column av_one_full  flex_column_div av-zero-column-padding first  avia-builder-el-3  el_before_av_one_full  avia-builder-el-first   \" style='border-radius:0px; '><p><div style='padding-bottom:0px; ' class='av-special-heading av-special-heading-h1  blockquote modern-quote modern-centered  avia-builder-el-4  el_before_av_textblock  avia-builder-el-first   '><h1 class='av-special-heading-tag '  itemprop=\"headline\"  >Celebrate a dog-friendly New Year at Kynnefj\u00e4ll<\/h1><div class ='av-subheading av-subheading_below  ' style='font-size:18px;'><p>Give you and your dog a peaceful and natural New Year&#8217;s celebration with a golden edge<br \/>\n&#8211; free from firecrackers and rockets<\/p>\n<\/div><div class='special-heading-border'><div class='special-heading-inner-border' ><\/div><\/div><\/div><br \/>\n<section class=\"av_textblock_section \"  itemscope=\"itemscope\" itemtype=\"https:\/\/schema.org\/CreativeWork\" ><div class='avia_textblock  '   itemprop=\"text\" ><p style=\"text-align: center;\">Far from the noise and chaos of the big cities lies the beautiful and peaceful Kynnefj\u00e4ll. Several dog owners have a tradition of gathering at Kynnefj\u00e4ll precisely on New Year&#8217;s Eve, for the sake of their four-legged friends.<\/p>\n<p style=\"text-align: center;\">We are happy to invite more people to our tradition when we meet, socialize and grill together in the middle of the day and go on a classic tip walk as a conclusion.Towards evening, we gather indoors in the heat together with the dogs and eat New Year&#8217;s dinner and melt New Year&#8217;s bricks, before it is time for the toast at twelve o&#8217;clock. Melting tin is an old tradition to usher in the new year.<\/p>\n<p style=\"text-align: center;\">In the New Year, we adapt all activities at Kynnefj\u00e4llsNatur to you and your dog. Feel free to bring your dogs to the New Year&#8217;s dinner, or bring your food up to the room if you prefer.<\/p>\n<p style=\"text-align: center;\">The nearest neighbor who could possibly set off firecrackers lives approx. 2 km away.<\/p>\n<p style=\"text-align: center;\">Three-course New Year&#8217;s dinner<br \/>\nserved partly on a buffet at 20.00<br \/>\n(Menu will be published closer to the New Year)<\/p>\n<p style=\"text-align: center;\">Barbecue buffet &#8211; grill together outdoors<br \/>\nArrive at Kynnefj\u00e4ll no later than 2 p.m. and barbecue outdoors together with dogs, rugs and houses. We have prepared a lovely barbecue buffet in the restaurant for you to grill yourself. The barbecue buffet is laid out in the restaurant and the grill is lit between 14-15. In fine weather, it is also possible to eat outside, otherwise you take the ready-grilled food and your dogs into the restaurant and eat there.<\/p>\n<p style=\"text-align: center;\">Content of the barbecue buffet: Grill plate \u2022 Thick sausage \u2022 Vegetable skewers with onion, eggplant, tomato and paprika \u2022 Green salad \u2022 Creamy homemade potato salad \u2022 Meal drink \u2022 Coffee &amp; small cake.<\/p>\n<\/div><\/section><\/p><\/div><div class=\"flex_column av_one_full  flex_column_div av-zero-column-padding first  avia-builder-el-6  el_after_av_one_full  avia-builder-el-last   column-top-margin\" style='border-radius:0px; '><section class=\"av_textblock_section \"  itemscope=\"itemscope\" itemtype=\"https:\/\/schema.org\/CreativeWork\" ><div class='avia_textblock  '   itemprop=\"text\" ><h3 style=\"text-align: left;\">Included in the package:<\/h3>\n<ul>\n<li>Accommodation one night, part in double room<\/li>\n<li>Dogs stay for free<\/li>\n<li>Barbecue buffet at 2 p.m<\/li>\n<li>Three-course New Year&#8217;s dinner, partly served buffet style at 8:00 p.m<\/li>\n<li>Overview of hiking trails, map and terrain (for possible dog walks)<\/li>\n<li>Melt Pewter (Foretell the Coming Year in Pewter)<\/li>\n<li>Tip walk<\/li>\n<li>Sparkling New Year&#8217;s toast at midnight<\/li>\n<li>Breakfast<\/li>\n<li>Sheets and towels<\/li>\n<li>Final cleaning<\/li>\n<\/ul>\n<h3><\/h3>\n<p style=\"text-align: left;\">It is of course possible to book more nights in connection with the New Year&#8217;s package if you wish, you then get a 10% discount on any extra nights.<\/p>\n<h3><\/h3>\n<\/div><\/section><\/div><\/div><\/div><\/div><!-- close content main div --><\/div><\/div><div id='after_section_1' class='main_color av_default_container_wrap container_wrap fullsize' style=' '  ><div class='container' ><div class='template-page content  av-content-full alpha units'><div class='post-entry post-entry-type-page post-entry-7307'><div class='entry-content-wrapper clearfix'><div class='avia-button-wrap avia-button-left  avia-builder-el-8  el_after_av_section  el_before_av_button  avia-builder-el-first  '><a href='https:\/\/kynnefjall.com\/en\/contact\/'  class='avia-button   avia-icon_select-no avia-color-theme-color avia-size-small avia-position-left '  target=\"_blank\"   ><span class='avia_iconbox_title' >Contact us here, via email or phone - we will accept bookings closer to the New Year, but feel free to put yourself on our waiting list in the meantime<\/span><\/a><\/div><\/p>\n<div class='avia-button-wrap avia-button-left  avia-builder-el-9  el_after_av_button  avia-builder-el-last  '><a href='https:\/\/kynnefjall.com\/en\/accommodation\/good-to-know\/dogs\/'  class='avia-button   avia-icon_select-no avia-color-theme-color avia-size-small avia-position-left '   ><span class='avia_iconbox_title' >Living with a dog at Kynnefj\u00e4ll - read more<\/span><\/a><\/div>\n","protected":false},"excerpt":{"rendered":"","protected":false},"author":3,"featured_media":0,"parent":1130,"menu_order":0,"comment_status":"closed","ping_status":"closed","template":"","meta":{"footnotes":""},"class_list":["post-7307","page","type-page","status-publish","hentry"],"yoast_head":"<!-- This site is optimized with the Yoast SEO plugin v22.8 - https:\/\/yoast.com\/wordpress\/plugins\/seo\/ -->\n<title>Celebrate a dog-friendly New Year at Kynnefj\u00e4ll - Kynnefj\u00e4lls Natur<\/title>\n<meta name=\"robots\" content=\"index, follow, max-snippet:-1, max-image-preview:large, max-video-preview:-1\" \/>\n<link rel=\"canonical\" href=\"https:\/\/kynnefjall.com\/en\/offers-packages\/celebrate-a-dog-friendly-new-year-at-kynnefjall\/\" \/>\n<meta property=\"og:locale\" content=\"en_US\" \/>\n<meta property=\"og:type\" content=\"article\" \/>\n<meta property=\"og:title\" content=\"Celebrate a dog-friendly New Year at Kynnefj\u00e4ll - Kynnefj\u00e4lls Natur\" \/>\n<meta property=\"og:url\" content=\"https:\/\/kynnefjall.com\/en\/offers-packages\/celebrate-a-dog-friendly-new-year-at-kynnefjall\/\" \/>\n<meta property=\"og:site_name\" content=\"Kynnefj\u00e4lls Natur\" \/>\n<meta property=\"article:modified_time\" content=\"2024-09-09T00:25:48+00:00\" \/>\n<meta name=\"twitter:card\" content=\"summary_large_image\" \/>\n<meta name=\"twitter:label1\" content=\"Est. reading time\" \/>\n\t<meta name=\"twitter:data1\" content=\"6 minutes\" \/>\n<script type=\"application\/ld+json\" class=\"yoast-schema-graph\">{\"@context\":\"https:\/\/schema.org\",\"@graph\":[{\"@type\":\"WebPage\",\"@id\":\"https:\/\/kynnefjall.com\/en\/offers-packages\/celebrate-a-dog-friendly-new-year-at-kynnefjall\/\",\"url\":\"https:\/\/kynnefjall.com\/en\/offers-packages\/celebrate-a-dog-friendly-new-year-at-kynnefjall\/\",\"name\":\"Celebrate a dog-friendly New Year at Kynnefj\u00e4ll - Kynnefj\u00e4lls Natur\",\"isPartOf\":{\"@id\":\"https:\/\/kynnefjall.com\/#website\"},\"datePublished\":\"2020-05-13T13:11:32+00:00\",\"dateModified\":\"2024-09-09T00:25:48+00:00\",\"breadcrumb\":{\"@id\":\"https:\/\/kynnefjall.com\/en\/offers-packages\/celebrate-a-dog-friendly-new-year-at-kynnefjall\/#breadcrumb\"},\"inLanguage\":\"en-US\",\"potentialAction\":[{\"@type\":\"ReadAction\",\"target\":[\"https:\/\/kynnefjall.com\/en\/offers-packages\/celebrate-a-dog-friendly-new-year-at-kynnefjall\/\"]}]},{\"@type\":\"BreadcrumbList\",\"@id\":\"https:\/\/kynnefjall.com\/en\/offers-packages\/celebrate-a-dog-friendly-new-year-at-kynnefjall\/#breadcrumb\",\"itemListElement\":[{\"@type\":\"ListItem\",\"position\":1,\"name\":\"Hem\",\"item\":\"https:\/\/kynnefjall.com\/en\/home\/\"},{\"@type\":\"ListItem\",\"position\":2,\"name\":\"Offers &#038; Packages\",\"item\":\"https:\/\/kynnefjall.com\/en\/offers-packages\/\"},{\"@type\":\"ListItem\",\"position\":3,\"name\":\"Celebrate a dog-friendly New Year at Kynnefj\u00e4ll\"}]},{\"@type\":\"WebSite\",\"@id\":\"https:\/\/kynnefjall.com\/#website\",\"url\":\"https:\/\/kynnefjall.com\/\",\"name\":\"Kynnefj\u00e4lls Natur\",\"description\":\"\",\"potentialAction\":[{\"@type\":\"SearchAction\",\"target\":{\"@type\":\"EntryPoint\",\"urlTemplate\":\"https:\/\/kynnefjall.com\/?s={search_term_string}\"},\"query-input\":\"required name=search_term_string\"}],\"inLanguage\":\"en-US\"}]}<\/script>\n<!-- \/ Yoast SEO plugin. -->","yoast_head_json":{"title":"Celebrate a dog-friendly New Year at Kynnefj\u00e4ll - Kynnefj\u00e4lls Natur","robots":{"index":"index","follow":"follow","max-snippet":"max-snippet:-1","max-image-preview":"max-image-preview:large","max-video-preview":"max-video-preview:-1"},"canonical":"https:\/\/kynnefjall.com\/en\/offers-packages\/celebrate-a-dog-friendly-new-year-at-kynnefjall\/","og_locale":"en_US","og_type":"article","og_title":"Celebrate a dog-friendly New Year at Kynnefj\u00e4ll - Kynnefj\u00e4lls Natur","og_url":"https:\/\/kynnefjall.com\/en\/offers-packages\/celebrate-a-dog-friendly-new-year-at-kynnefjall\/","og_site_name":"Kynnefj\u00e4lls Natur","article_modified_time":"2024-09-09T00:25:48+00:00","twitter_card":"summary_large_image","twitter_misc":{"Est. reading time":"6 minutes"},"schema":{"@context":"https:\/\/schema.org","@graph":[{"@type":"WebPage","@id":"https:\/\/kynnefjall.com\/en\/offers-packages\/celebrate-a-dog-friendly-new-year-at-kynnefjall\/","url":"https:\/\/kynnefjall.com\/en\/offers-packages\/celebrate-a-dog-friendly-new-year-at-kynnefjall\/","name":"Celebrate a dog-friendly New Year at Kynnefj\u00e4ll - Kynnefj\u00e4lls Natur","isPartOf":{"@id":"https:\/\/kynnefjall.com\/#website"},"datePublished":"2020-05-13T13:11:32+00:00","dateModified":"2024-09-09T00:25:48+00:00","breadcrumb":{"@id":"https:\/\/kynnefjall.com\/en\/offers-packages\/celebrate-a-dog-friendly-new-year-at-kynnefjall\/#breadcrumb"},"inLanguage":"en-US","potentialAction":[{"@type":"ReadAction","target":["https:\/\/kynnefjall.com\/en\/offers-packages\/celebrate-a-dog-friendly-new-year-at-kynnefjall\/"]}]},{"@type":"BreadcrumbList","@id":"https:\/\/kynnefjall.com\/en\/offers-packages\/celebrate-a-dog-friendly-new-year-at-kynnefjall\/#breadcrumb","itemListElement":[{"@type":"ListItem","position":1,"name":"Hem","item":"https:\/\/kynnefjall.com\/en\/home\/"},{"@type":"ListItem","position":2,"name":"Offers &#038; Packages","item":"https:\/\/kynnefjall.com\/en\/offers-packages\/"},{"@type":"ListItem","position":3,"name":"Celebrate a dog-friendly New Year at Kynnefj\u00e4ll"}]},{"@type":"WebSite","@id":"https:\/\/kynnefjall.com\/#website","url":"https:\/\/kynnefjall.com\/","name":"Kynnefj\u00e4lls Natur","description":"","potentialAction":[{"@type":"SearchAction","target":{"@type":"EntryPoint","urlTemplate":"https:\/\/kynnefjall.com\/?s={search_term_string}"},"query-input":"required name=search_term_string"}],"inLanguage":"en-US"}]}},"_links":{"self":[{"href":"https:\/\/kynnefjall.com\/en\/wp-json\/wp\/v2\/pages\/7307","targetHints":{"allow":["GET"]}}],"collection":[{"href":"https:\/\/kynnefjall.com\/en\/wp-json\/wp\/v2\/pages"}],"about":[{"href":"https:\/\/kynnefjall.com\/en\/wp-json\/wp\/v2\/types\/page"}],"author":[{"embeddable":true,"href":"https:\/\/kynnefjall.com\/en\/wp-json\/wp\/v2\/users\/3"}],"replies":[{"embeddable":true,"href":"https:\/\/kynnefjall.com\/en\/wp-json\/wp\/v2\/comments?post=7307"}],"version-history":[{"count":2,"href":"https:\/\/kynnefjall.com\/en\/wp-json\/wp\/v2\/pages\/7307\/revisions"}],"predecessor-version":[{"id":7309,"href":"https:\/\/kynnefjall.com\/en\/wp-json\/wp\/v2\/pages\/7307\/revisions\/7309"}],"up":[{"embeddable":true,"href":"https:\/\/kynnefjall.com\/en\/wp-json\/wp\/v2\/pages\/1130"}],"wp:attachment":[{"href":"https:\/\/kynnefjall.com\/en\/wp-json\/wp\/v2\/media?parent=7307"}],"curies":[{"name":"wp","href":"https:\/\/api.w.org\/{rel}","templated":true}]}}