{"id":7243,"date":"2020-05-13T12:23:23","date_gmt":"2020-05-13T10:23:23","guid":{"rendered":"https:\/\/kynnefjall.com\/activities-adventures\/hiking\/vandringspaket-med-halvpension\/"},"modified":"2024-09-08T02:49:08","modified_gmt":"2024-09-08T00:49:08","slug":"hiking-package-with-self-service","status":"publish","type":"page","link":"https:\/\/kynnefjall.com\/en\/activities-adventures\/hiking\/hiking-package-with-self-service\/","title":{"rendered":"Hiking package with Self-service"},"content":{"rendered":"<div id='full_slider_1' class='avia-fullwidth-slider main_color avia-shadow  av-small-hide av-mini-hide  avia-builder-el-0  el_before_av_slideshow_full  avia-builder-el-first   container_wrap fullsize' style=' '  ><div  data-size='desktop_banner'  data-lightbox_size='large'  data-animation='slide'  data-conditional_play=''  data-ids='2060,2006,2015'  data-video_counter='0'  data-autoplay='false'  data-bg_slider='false'  data-slide_height=''  data-handle='av_slideshow_full'  data-interval='5'  data-class=' '  data-css_id=''  data-scroll_down=''  data-control_layout='av-control-default'  data-custom_markup=''  data-perma_caption=''  data-autoplay_stopper=''  data-image_attachment=''  data-min_height='0px'  data-src=''  data-position='top left'  data-repeat='no-repeat'  data-attach='scroll'  data-stretch=''  data-default-height='31.25'  class='avia-slideshow avia-slideshow-1  av-control-default av-default-height-applied avia-slideshow-desktop_banner av_slideshow_full   avia-slide-slider '  itemprop=\"image\" itemscope=\"itemscope\" itemtype=\"https:\/\/schema.org\/ImageObject\" ><ul class='avia-slideshow-inner ' style='padding-bottom: 31.25%;' ><li  class=' slide-1 ' ><div data-rel='slideshow-1' class='avia-slide-wrap '   ><img src='https:\/\/kynnefjall.com\/wp-content\/uploads\/2020\/05\/Vindskydd-11-s\u00e4veleken-vandra-vandring-002-1920x600.jpg' width='1920' height='600' title='Vindskydd 11 s\u00e4veleken vandra vandring (002)' alt=''  itemprop=\"thumbnailUrl\"   \/><\/div><\/li><li  class=' slide-2 ' ><div data-rel='slideshow-1' class='avia-slide-wrap '   ><img src='https:\/\/kynnefjall.com\/wp-content\/uploads\/2020\/05\/\u00d6revattnet-Kynnefj\u00e4ll-1-1920x600.jpg' width='1920' height='600' title='\u00d6revattnet Kynnefj\u00e4ll (1)' alt=''  itemprop=\"thumbnailUrl\"   \/><\/div><\/li><li  class=' slide-3 ' ><div data-rel='slideshow-1' class='avia-slide-wrap '   ><img src='https:\/\/kynnefjall.com\/wp-content\/uploads\/2020\/05\/Vindskydd-Kasebo-vandra-vandringsleder-1920x600.jpg' width='1920' height='600' title='Vindskydd Kasebo vandra vandringsleder' alt=''  itemprop=\"thumbnailUrl\"   \/><\/div><\/li><\/ul><div class='avia-slideshow-arrows avia-slideshow-controls'><a href='#prev' class='prev-slide' aria-hidden='true' data-av_icon='\ue87c' data-av_iconfont='entypo-fontello'>Previous<\/a><a href='#next' class='next-slide' aria-hidden='true' data-av_icon='\ue87d' data-av_iconfont='entypo-fontello'>Next<\/a><\/div><div class='avia-slideshow-dots avia-slideshow-controls'><a href='#1' class='goto-slide active' >1<\/a><a href='#2' class='goto-slide ' >2<\/a><a href='#3' class='goto-slide ' >3<\/a><\/div><\/div><\/div>\n<div id='full_slider_2' class='avia-fullwidth-slider main_color avia-shadow  av-desktop-hide av-medium-hide  avia-builder-el-1  el_after_av_slideshow_full  el_before_av_section   slider-not-first container_wrap fullsize' style=' '  ><div  data-size='large'  data-lightbox_size='large'  data-animation='slide'  data-conditional_play=''  data-ids='2060,2006,2015'  data-video_counter='0'  data-autoplay='false'  data-bg_slider='false'  data-slide_height=''  data-handle='av_slideshow_full'  data-interval='5'  data-class=' '  data-css_id=''  data-scroll_down=''  data-control_layout='av-control-default'  data-custom_markup=''  data-perma_caption=''  data-autoplay_stopper=''  data-image_attachment=''  data-min_height='0px'  data-src=''  data-position='top left'  data-repeat='no-repeat'  data-attach='scroll'  data-stretch=''  class='avia-slideshow avia-slideshow-2  av-control-default av-default-height-applied avia-slideshow-large av_slideshow_full   avia-slide-slider '  itemprop=\"image\" itemscope=\"itemscope\" itemtype=\"https:\/\/schema.org\/ImageObject\" ><ul class='avia-slideshow-inner ' style='padding-bottom: 56.21359223301%;' ><li  class=' slide-1 ' ><div data-rel='slideshow-2' class='avia-slide-wrap '   ><img src='https:\/\/kynnefjall.com\/wp-content\/uploads\/2020\/05\/Vindskydd-11-s\u00e4veleken-vandra-vandring-002-1030x579.jpg' width='1030' height='579' title='Vindskydd 11 s\u00e4veleken vandra vandring (002)' alt=''  itemprop=\"thumbnailUrl\"   \/><\/div><\/li><li  class=' slide-2 ' ><div data-rel='slideshow-2' class='avia-slide-wrap '   ><img src='https:\/\/kynnefjall.com\/wp-content\/uploads\/2020\/05\/\u00d6revattnet-Kynnefj\u00e4ll-1-1030x773.jpg' width='1030' height='773' title='\u00d6revattnet Kynnefj\u00e4ll (1)' alt=''  itemprop=\"thumbnailUrl\"   \/><\/div><\/li><li  class=' slide-3 ' ><div data-rel='slideshow-2' class='avia-slide-wrap '   ><img src='https:\/\/kynnefjall.com\/wp-content\/uploads\/2020\/05\/Vindskydd-Kasebo-vandra-vandringsleder-1030x579.jpg' width='1030' height='579' title='Vindskydd Kasebo vandra vandringsleder' alt=''  itemprop=\"thumbnailUrl\"   \/><\/div><\/li><\/ul><div class='avia-slideshow-arrows avia-slideshow-controls'><a href='#prev' class='prev-slide' aria-hidden='true' data-av_icon='\ue87c' data-av_iconfont='entypo-fontello'>Previous<\/a><a href='#next' class='next-slide' aria-hidden='true' data-av_icon='\ue87d' data-av_iconfont='entypo-fontello'>Next<\/a><\/div><div class='avia-slideshow-dots avia-slideshow-controls'><a href='#1' class='goto-slide active' >1<\/a><a href='#2' class='goto-slide ' >2<\/a><a href='#3' class='goto-slide ' >3<\/a><\/div><\/div><\/div>\n<div id='av_section_1' class='avia-section main_color avia-section-default avia-no-border-styling avia-bg-style-scroll  avia-builder-el-2  el_after_av_slideshow_full  el_before_av_section  full-width-content  container_wrap fullsize' style=' '  ><div class='container' ><div class='template-page content  av-content-full alpha units'><div class='post-entry post-entry-type-page post-entry-7243'><div class='entry-content-wrapper clearfix'>\n<div class=\"flex_column av_one_full  flex_column_div av-zero-column-padding first  avia-builder-el-3  el_before_av_one_full  avia-builder-el-first   \" style='border-radius:0px; '><p><div style='padding-bottom:0px; ' class='av-special-heading av-special-heading-h1  blockquote modern-quote modern-centered  avia-builder-el-4  el_before_av_textblock  avia-builder-el-first   '><h1 class='av-special-heading-tag '  itemprop=\"headline\"  >Hiking package with Self-service<\/h1><div class='special-heading-border'><div class='special-heading-inner-border' ><\/div><\/div><\/div><br \/>\n<section class=\"av_textblock_section \"  itemscope=\"itemscope\" itemtype=\"https:\/\/schema.org\/CreativeWork\" ><div class='avia_textblock  '   itemprop=\"text\" ><p style=\"text-align: center;\">In the spring, the wild and beautiful nature on Kynnefj\u00e4ll blossoms and in the autumn the forest bursts in yellow, orange and red. Discover Bohusl\u00e4n&#8217;s hinterland on your own, where the majority of trails of varying lengths start right outside Kynnefj\u00e4llsNatur&#8217;s facility.<\/p>\n<p style=\"text-align: center;\">Parts of Kynnefj\u00e4ll are nature reserves and are seen as the southernmost mountain area in Sweden. There are also ancient remains such as Stenk\u00e4rringa on Kynnefj\u00e4ll.<\/p>\n<p style=\"text-align: center;\">You cook dinner yourself in our guest kitchen. Either you buy with your own food or you can buy our ready-made menus (prepared for you to cook yourself, must be booked in advance)<br \/>\nDuring low season, breakfast is prepared in our guest kitchen. You take your own cold goods in the fridge, toaster and coffee maker are available. During high season, breakfast is served in our restaurant. In connection with breakfast, you also prepare a packed lunch for today&#8217;s hike. If you are six people or more, it may be possible to pre-order dinner in the restaurant instead of cooking the food yourself in the guest kitchen.<\/p>\n<\/div><\/section><\/p><\/div><div class=\"flex_column av_one_full  flex_column_div av-zero-column-padding first  avia-builder-el-6  el_after_av_one_full  avia-builder-el-last   column-top-margin\" style='border-radius:0px; '><section class=\"av_textblock_section \"  itemscope=\"itemscope\" itemtype=\"https:\/\/schema.org\/CreativeWork\" ><div class='avia_textblock  '   itemprop=\"text\" ><h3 style=\"text-align: left;\">Included in the package<\/h3>\n<ul>\n<li style=\"text-align: left;\">Accommodation, part in a double room incl. breakfast<\/li>\n<li style=\"text-align: left;\">Packed lunch<\/li>\n<li style=\"text-align: left;\">Review of maps and terrain.<\/li>\n<li style=\"text-align: left;\">Access to guest kitchen, dining and TV room<\/li>\n<li style=\"text-align: left;\">Sheets and towels<\/li>\n<li style=\"text-align: left;\">Final cleaning. Contact us to confirm what applies to your particular booking. Book directly via our online booking.<\/li>\n<\/ul>\n<h3>Price<\/h3>\n<p style=\"text-align: left;\">From 640 SEK per person and night, share in a double room<br \/>\nSingle room supplement: 300 SEK\/night<\/p>\n<p><strong>Enter hiking package self service when booking.<\/strong><\/p>\n<\/div><\/section><br \/>\n<div class='avia-button-wrap avia-button-left  avia-builder-el-8  el_after_av_textblock  avia-builder-el-last  '><a href='https:\/\/592423222a024.sirvoy.me\/'  class='avia-button   avia-icon_select-no avia-color-theme-color avia-size-small avia-position-left '  target=\"_blank\"   ><span class='avia_iconbox_title' >See prices and availability<\/span><\/a><\/div><\/p><\/div><\/div><\/div><\/div><!-- close content main div --><\/div><\/div><div id='av_section_2' class='avia-section main_color avia-section-default avia-no-border-styling avia-bg-style-scroll  avia-builder-el-9  el_after_av_section  avia-builder-el-last  testimonial-section  container_wrap fullsize' style=' '  ><div class='container' ><div class='template-page content  av-content-full alpha units'><div class='post-entry post-entry-type-page post-entry-7243'><div class='entry-content-wrapper clearfix'>\n<div class=\"flex_column av_one_fifth  av-hide-on-mobile  flex_column_div av-zero-column-padding first  avia-builder-el-10  el_before_av_three_fifth  avia-builder-el-first   \" style='border-radius:0px; '><\/div><div class=\"flex_column av_three_fifth  flex_column_div   avia-builder-el-11  el_after_av_one_fifth  el_before_av_one_fifth   \" style='background: #fff; border-width:1px; border-color:#e4e4e4; border-style:solid; box-shadow: 0 0 5px 0 #e0e0e0; padding:30px; background-color:#fff; border-radius:0px; '><p><section class=\"av_textblock_section \"  itemscope=\"itemscope\" itemtype=\"https:\/\/schema.org\/CreativeWork\" ><div class='avia_textblock  '   itemprop=\"text\" ><p>Christina from Halmstad and daughter Susanna from Gothenburg have been with us on a 2-day hiking package.<\/p>\n<blockquote>\n<p><em>&#8220;It has been great fun. It&#8217;s a cool environment here,&#8221; says Susanna, petting the dog Texas.<\/em><\/p>\n<p><em>&#8220;I&#8217;ve hiked quite a bit before and here there really was a varied environment at the same time as it was easy going. I&#8217;ve always wanted to hike Kynnefj\u00e4ll and now it finally happened&#8221;<\/em><\/p>\n<\/blockquote>\n<p>Christina says with a smile.<\/p>\n<\/div><\/section><br \/>\n<div class='avia-image-container  av-styling-no-styling    avia-builder-el-13  el_after_av_textblock  el_before_av_textblock   avia-align-left '  itemprop=\"image\" itemscope=\"itemscope\" itemtype=\"https:\/\/schema.org\/ImageObject\"  ><div class='avia-image-container-inner'><div class='avia-image-overlay-wrap'><img class='avia_image' src='https:\/\/kynnefjall.com\/wp-content\/uploads\/2020\/02\/kynnefjall_img24-80x80.png' alt='' title='kynnefjall_img24' height=\"80\" width=\"80\"  itemprop=\"thumbnailUrl\"  \/><\/div><\/div><\/div><br \/>\n<section class=\"av_textblock_section \"  itemscope=\"itemscope\" itemtype=\"https:\/\/schema.org\/CreativeWork\" ><div class='avia_textblock  '   itemprop=\"text\" ><p>Christina , Susanna &amp; the dog Texas<\/p>\n<\/div><\/section><\/p><\/div><div class=\"flex_column av_one_fifth  av-hide-on-mobile  flex_column_div av-zero-column-padding   avia-builder-el-15  el_after_av_three_fifth  avia-builder-el-last   \" style='border-radius:0px; '><\/div><\/p>\n","protected":false},"excerpt":{"rendered":"","protected":false},"author":3,"featured_media":0,"parent":1063,"menu_order":0,"comment_status":"closed","ping_status":"closed","template":"","meta":{"footnotes":""},"class_list":["post-7243","page","type-page","status-publish","hentry"],"yoast_head":"<!-- This site is optimized with the Yoast SEO plugin v22.8 - https:\/\/yoast.com\/wordpress\/plugins\/seo\/ -->\n<title>Hiking package with Self-service - Kynnefj\u00e4lls Natur<\/title>\n<meta name=\"robots\" content=\"index, follow, max-snippet:-1, max-image-preview:large, max-video-preview:-1\" \/>\n<link rel=\"canonical\" href=\"https:\/\/kynnefjall.com\/en\/activities-adventures\/hiking\/hiking-package-with-self-service\/\" \/>\n<meta property=\"og:locale\" content=\"en_US\" \/>\n<meta property=\"og:type\" content=\"article\" \/>\n<meta property=\"og:title\" content=\"Hiking package with Self-service - Kynnefj\u00e4lls Natur\" \/>\n<meta property=\"og:url\" content=\"https:\/\/kynnefjall.com\/en\/activities-adventures\/hiking\/hiking-package-with-self-service\/\" \/>\n<meta property=\"og:site_name\" content=\"Kynnefj\u00e4lls Natur\" \/>\n<meta property=\"article:modified_time\" content=\"2024-09-08T00:49:08+00:00\" \/>\n<meta name=\"twitter:card\" content=\"summary_large_image\" \/>\n<meta name=\"twitter:label1\" content=\"Est. reading time\" \/>\n\t<meta name=\"twitter:data1\" content=\"5 minutes\" \/>\n<script type=\"application\/ld+json\" class=\"yoast-schema-graph\">{\"@context\":\"https:\/\/schema.org\",\"@graph\":[{\"@type\":\"WebPage\",\"@id\":\"https:\/\/kynnefjall.com\/en\/activities-adventures\/hiking\/hiking-package-with-self-service\/\",\"url\":\"https:\/\/kynnefjall.com\/en\/activities-adventures\/hiking\/hiking-package-with-self-service\/\",\"name\":\"Hiking package with Self-service - Kynnefj\u00e4lls Natur\",\"isPartOf\":{\"@id\":\"https:\/\/kynnefjall.com\/#website\"},\"datePublished\":\"2020-05-13T10:23:23+00:00\",\"dateModified\":\"2024-09-08T00:49:08+00:00\",\"breadcrumb\":{\"@id\":\"https:\/\/kynnefjall.com\/en\/activities-adventures\/hiking\/hiking-package-with-self-service\/#breadcrumb\"},\"inLanguage\":\"en-US\",\"potentialAction\":[{\"@type\":\"ReadAction\",\"target\":[\"https:\/\/kynnefjall.com\/en\/activities-adventures\/hiking\/hiking-package-with-self-service\/\"]}]},{\"@type\":\"BreadcrumbList\",\"@id\":\"https:\/\/kynnefjall.com\/en\/activities-adventures\/hiking\/hiking-package-with-self-service\/#breadcrumb\",\"itemListElement\":[{\"@type\":\"ListItem\",\"position\":1,\"name\":\"Hem\",\"item\":\"https:\/\/kynnefjall.com\/en\/home\/\"},{\"@type\":\"ListItem\",\"position\":2,\"name\":\"Activities &#038; Adventures\",\"item\":\"https:\/\/kynnefjall.com\/en\/activities-adventures\/\"},{\"@type\":\"ListItem\",\"position\":3,\"name\":\"Hiking\",\"item\":\"https:\/\/kynnefjall.com\/en\/activities-adventures\/hiking\/\"},{\"@type\":\"ListItem\",\"position\":4,\"name\":\"Hiking package with Self-service\"}]},{\"@type\":\"WebSite\",\"@id\":\"https:\/\/kynnefjall.com\/#website\",\"url\":\"https:\/\/kynnefjall.com\/\",\"name\":\"Kynnefj\u00e4lls Natur\",\"description\":\"\",\"potentialAction\":[{\"@type\":\"SearchAction\",\"target\":{\"@type\":\"EntryPoint\",\"urlTemplate\":\"https:\/\/kynnefjall.com\/?s={search_term_string}\"},\"query-input\":\"required name=search_term_string\"}],\"inLanguage\":\"en-US\"}]}<\/script>\n<!-- \/ Yoast SEO plugin. -->","yoast_head_json":{"title":"Hiking package with Self-service - Kynnefj\u00e4lls Natur","robots":{"index":"index","follow":"follow","max-snippet":"max-snippet:-1","max-image-preview":"max-image-preview:large","max-video-preview":"max-video-preview:-1"},"canonical":"https:\/\/kynnefjall.com\/en\/activities-adventures\/hiking\/hiking-package-with-self-service\/","og_locale":"en_US","og_type":"article","og_title":"Hiking package with Self-service - Kynnefj\u00e4lls Natur","og_url":"https:\/\/kynnefjall.com\/en\/activities-adventures\/hiking\/hiking-package-with-self-service\/","og_site_name":"Kynnefj\u00e4lls Natur","article_modified_time":"2024-09-08T00:49:08+00:00","twitter_card":"summary_large_image","twitter_misc":{"Est. reading time":"5 minutes"},"schema":{"@context":"https:\/\/schema.org","@graph":[{"@type":"WebPage","@id":"https:\/\/kynnefjall.com\/en\/activities-adventures\/hiking\/hiking-package-with-self-service\/","url":"https:\/\/kynnefjall.com\/en\/activities-adventures\/hiking\/hiking-package-with-self-service\/","name":"Hiking package with Self-service - Kynnefj\u00e4lls Natur","isPartOf":{"@id":"https:\/\/kynnefjall.com\/#website"},"datePublished":"2020-05-13T10:23:23+00:00","dateModified":"2024-09-08T00:49:08+00:00","breadcrumb":{"@id":"https:\/\/kynnefjall.com\/en\/activities-adventures\/hiking\/hiking-package-with-self-service\/#breadcrumb"},"inLanguage":"en-US","potentialAction":[{"@type":"ReadAction","target":["https:\/\/kynnefjall.com\/en\/activities-adventures\/hiking\/hiking-package-with-self-service\/"]}]},{"@type":"BreadcrumbList","@id":"https:\/\/kynnefjall.com\/en\/activities-adventures\/hiking\/hiking-package-with-self-service\/#breadcrumb","itemListElement":[{"@type":"ListItem","position":1,"name":"Hem","item":"https:\/\/kynnefjall.com\/en\/home\/"},{"@type":"ListItem","position":2,"name":"Activities &#038; Adventures","item":"https:\/\/kynnefjall.com\/en\/activities-adventures\/"},{"@type":"ListItem","position":3,"name":"Hiking","item":"https:\/\/kynnefjall.com\/en\/activities-adventures\/hiking\/"},{"@type":"ListItem","position":4,"name":"Hiking package with Self-service"}]},{"@type":"WebSite","@id":"https:\/\/kynnefjall.com\/#website","url":"https:\/\/kynnefjall.com\/","name":"Kynnefj\u00e4lls Natur","description":"","potentialAction":[{"@type":"SearchAction","target":{"@type":"EntryPoint","urlTemplate":"https:\/\/kynnefjall.com\/?s={search_term_string}"},"query-input":"required name=search_term_string"}],"inLanguage":"en-US"}]}},"_links":{"self":[{"href":"https:\/\/kynnefjall.com\/en\/wp-json\/wp\/v2\/pages\/7243","targetHints":{"allow":["GET"]}}],"collection":[{"href":"https:\/\/kynnefjall.com\/en\/wp-json\/wp\/v2\/pages"}],"about":[{"href":"https:\/\/kynnefjall.com\/en\/wp-json\/wp\/v2\/types\/page"}],"author":[{"embeddable":true,"href":"https:\/\/kynnefjall.com\/en\/wp-json\/wp\/v2\/users\/3"}],"replies":[{"embeddable":true,"href":"https:\/\/kynnefjall.com\/en\/wp-json\/wp\/v2\/comments?post=7243"}],"version-history":[{"count":3,"href":"https:\/\/kynnefjall.com\/en\/wp-json\/wp\/v2\/pages\/7243\/revisions"}],"predecessor-version":[{"id":7253,"href":"https:\/\/kynnefjall.com\/en\/wp-json\/wp\/v2\/pages\/7243\/revisions\/7253"}],"up":[{"embeddable":true,"href":"https:\/\/kynnefjall.com\/en\/wp-json\/wp\/v2\/pages\/1063"}],"wp:attachment":[{"href":"https:\/\/kynnefjall.com\/en\/wp-json\/wp\/v2\/media?parent=7243"}],"curies":[{"name":"wp","href":"https:\/\/api.w.org\/{rel}","templated":true}]}}