{"id":7093,"date":"2020-03-26T12:31:23","date_gmt":"2020-03-26T11:31:23","guid":{"rendered":"https:\/\/kynnefjall.com\/?page_id=7093"},"modified":"2024-08-18T04:47:50","modified_gmt":"2024-08-18T02:47:50","slug":"family-with-children","status":"publish","type":"page","link":"https:\/\/kynnefjall.com\/en\/family-with-children\/","title":{"rendered":"Family with children"},"content":{"rendered":"<div id='full_slider_1' class='avia-fullwidth-slider main_color avia-shadow  av-small-hide av-mini-hide  avia-builder-el-0  el_before_av_slideshow_full  avia-builder-el-first   container_wrap fullsize' style=' '  ><div  data-size='desktop_banner'  data-lightbox_size='large'  data-animation='slide'  data-conditional_play=''  data-ids='398,3603'  data-video_counter='0'  data-autoplay='false'  data-bg_slider='false'  data-slide_height=''  data-handle='av_slideshow_full'  data-interval='5'  data-class=' '  data-css_id=''  data-scroll_down=''  data-control_layout='av-control-default'  data-custom_markup=''  data-perma_caption=''  data-autoplay_stopper=''  data-image_attachment=''  data-min_height='0px'  data-src=''  data-position='top left'  data-repeat='no-repeat'  data-attach='scroll'  data-stretch=''  data-default-height='31.25'  class='avia-slideshow avia-slideshow-1  av-control-default av-default-height-applied avia-slideshow-desktop_banner av_slideshow_full   avia-slide-slider '  itemprop=\"image\" itemscope=\"itemscope\" itemtype=\"https:\/\/schema.org\/ImageObject\" ><ul class='avia-slideshow-inner ' style='padding-bottom: 31.25%;' ><li  class=' slide-1 ' ><div data-rel='slideshow-1' class='avia-slide-wrap '   ><img src='https:\/\/kynnefjall.com\/wp-content\/uploads\/2020\/02\/kynnefjall_img43-1920x600.jpg' width='1920' height='600' title='kynnefjall_img43' alt=''  itemprop=\"thumbnailUrl\"   \/><\/div><\/li><li  class=' slide-2 ' ><div data-rel='slideshow-1' class='avia-slide-wrap '   ><img src='https:\/\/kynnefjall.com\/wp-content\/uploads\/2020\/05\/kanot-vatten-\u00f6rekils\u00e4lven-k\u00e4rnsj\u00f6n-aktiviteter-1-1920x600.jpg' width='1920' height='600' title='kanot vatten \u00f6rekils\u00e4lven k\u00e4rnsj\u00f6n aktiviteter (1)' alt=''  itemprop=\"thumbnailUrl\"   \/><\/div><\/li><\/ul><div class='avia-slideshow-arrows avia-slideshow-controls'><a href='#prev' class='prev-slide' aria-hidden='true' data-av_icon='\ue87c' data-av_iconfont='entypo-fontello'>Previous<\/a><a href='#next' class='next-slide' aria-hidden='true' data-av_icon='\ue87d' data-av_iconfont='entypo-fontello'>Next<\/a><\/div><div class='avia-slideshow-dots avia-slideshow-controls'><a href='#1' class='goto-slide active' >1<\/a><a href='#2' class='goto-slide ' >2<\/a><\/div><\/div><\/div>\n<div id='full_slider_2' class='avia-fullwidth-slider main_color avia-shadow  av-desktop-hide av-medium-hide  avia-builder-el-1  el_after_av_slideshow_full  el_before_av_section   slider-not-first container_wrap fullsize' style=' '  ><div  data-size='large'  data-lightbox_size='large'  data-animation='slide'  data-conditional_play=''  data-ids='398'  data-video_counter='0'  data-autoplay='false'  data-bg_slider='false'  data-slide_height=''  data-handle='av_slideshow_full'  data-interval='5'  data-class=' '  data-css_id=''  data-scroll_down=''  data-control_layout='av-control-default'  data-custom_markup=''  data-perma_caption=''  data-autoplay_stopper=''  data-image_attachment=''  data-min_height='0px'  data-src=''  data-position='top left'  data-repeat='no-repeat'  data-attach='scroll'  data-stretch=''  class='avia-slideshow avia-slideshow-2  av-control-default av-default-height-applied avia-slideshow-large av_slideshow_full   avia-slide-slider '  itemprop=\"image\" itemscope=\"itemscope\" itemtype=\"https:\/\/schema.org\/ImageObject\" ><ul class='avia-slideshow-inner ' style='padding-bottom: 66.601941747573%;' ><li  class=' av-single-slide slide-1 ' ><div data-rel='slideshow-2' class='avia-slide-wrap '   ><img src='https:\/\/kynnefjall.com\/wp-content\/uploads\/2020\/02\/kynnefjall_img43-1030x686.jpg' width='1030' height='686' title='kynnefjall_img43' alt=''  itemprop=\"thumbnailUrl\"   \/><\/div><\/li><\/ul><\/div><\/div>\n<div id='av_section_1' class='avia-section main_color avia-section-default avia-no-border-styling avia-bg-style-scroll  avia-builder-el-2  el_after_av_slideshow_full  el_before_av_layout_row  full-width-content  container_wrap fullsize' style=' '  ><div class='container' ><div class='template-page content  av-content-full alpha units'><div class='post-entry post-entry-type-page post-entry-7093'><div class='entry-content-wrapper clearfix'>\n<div class=\"flex_column av_one_full  flex_column_div av-zero-column-padding first  avia-builder-el-3  avia-builder-el-no-sibling   \" style='border-radius:0px; '><p><div style='padding-bottom:0px; ' class='av-special-heading av-special-heading-h1  blockquote modern-quote modern-centered  avia-builder-el-4  el_before_av_textblock  avia-builder-el-first   '><h1 class='av-special-heading-tag '  itemprop=\"headline\"  >Family with children<\/h1><div class='special-heading-border'><div class='special-heading-inner-border' ><\/div><\/div><\/div><br \/>\n<section class=\"av_textblock_section \"  itemscope=\"itemscope\" itemtype=\"https:\/\/schema.org\/CreativeWork\" ><div class='avia_textblock  '   itemprop=\"text\" ><p style=\"text-align: center;\">Kynnefj\u00e4llsNatur is perfect for families with children. The facility with rooms and cottages is far from busy roads. Our log cabins and our family room with 6 beds are particularly suitable for families with children. Enjoy nature here at Kynnefj\u00e4ll and let the desire for discovery be awakened in you and the children by fishing, hiking, barbecuing and teaching the children more about the &#8220;allemansr\u00e4tten&#8221;. Also read below about the various day trips you can do from here if you want to see more of Bohusl\u00e4n and our surrounding area.<\/p>\n<\/div><\/section><\/p><\/div><\/div><\/div><\/div><!-- close content main div --><\/div><\/div><div id='av-layout-grid-1' class='av-layout-grid-container entry-content-wrapper main_color av-flex-cells    avia-builder-el-6  el_after_av_section  el_before_av_layout_row  submenu-not-first container_wrap fullsize' style=' '  >\n<div class=\"flex_cell no_margin av_one_half  avia-builder-el-7  el_before_av_cell_one_half  avia-builder-el-first    \" style='background: #f6f6f6; vertical-align:top; padding:50px 30px 50px 50px ; background-color:#f6f6f6; '><div class='flex_cell_inner' ><p><div class='avia-image-container  av-styling-no-styling   av-desktop-hide av-medium-hide  avia-builder-el-8  el_before_av_textblock  avia-builder-el-first   avia-align-center '  itemprop=\"image\" itemscope=\"itemscope\" itemtype=\"https:\/\/schema.org\/ImageObject\"  ><div class='avia-image-container-inner'><div class='avia-image-overlay-wrap'><img class='avia_image' src='https:\/\/kynnefjall.com\/wp-content\/uploads\/2022\/03\/Pojke-fiskar-1030x687.jpg' alt='' title='Pojke fiskar' height=\"687\" width=\"1030\"  itemprop=\"thumbnailUrl\"  \/><\/div><\/div><\/div><br \/>\n<section class=\"av_textblock_section \"  itemscope=\"itemscope\" itemtype=\"https:\/\/schema.org\/CreativeWork\" ><div class='avia_textblock  '   itemprop=\"text\" ><h2>Tips for families with children!<\/h2>\n<p>Here at Kynnefj\u00e4llsNatur there are a number of different activities suitable for families with children. For example, you can hike with the children around beautiful Kynnefj\u00e4ll. Take a break at a wind shelter and maybe a dip in a pond. Go on a discovery trip with the children in the forest and learn more about Allemansr\u00e4tten. If you have your own fishing equipment &#8211; try your luck fishing in a cozy mountain pond located about 2 kilometers from the facility. There is also a barbecue area on site.Take a day trip to one of our nearby exciting excursion destinations or to the coast for salty swimming.<\/p>\n<\/div><\/section><\/p>\n<\/div><\/div><div class=\"flex_cell no_margin av_one_half  avia-builder-el-10  el_after_av_cell_one_half  avia-builder-el-last    av-zero-padding av-hide-on-mobile  \" style='background:url(https:\/\/kynnefjall.com\/wp-content\/uploads\/2022\/03\/Pojke-fiskar-1030x687.jpg) center center no-repeat scroll; vertical-align:top; padding:0; '><div class='flex_cell_inner' ><\/div><\/div><\/div><div id='av-layout-grid-2' class='av-layout-grid-container entry-content-wrapper main_color av-flex-cells    avia-builder-el-11  el_after_av_layout_row  el_before_av_layout_row  submenu-not-first container_wrap fullsize' style=' '  >\n<div class=\"flex_cell no_margin av_one_half  avia-builder-el-12  el_before_av_cell_one_half  avia-builder-el-first    av-zero-padding av-hide-on-mobile  \" style='background:url(https:\/\/kynnefjall.com\/wp-content\/uploads\/2020\/02\/kynnefjall_img12.jpg) center center no-repeat scroll; vertical-align:top; padding:0; '><div class='flex_cell_inner' ><\/div><\/div><div class=\"flex_cell no_margin av_one_half  avia-builder-el-13  el_after_av_cell_one_half  avia-builder-el-last    \" style='vertical-align:top; padding:50px 30px 50px 50px ; '><div class='flex_cell_inner' ><p><div class='avia-image-container  av-styling-no-styling   av-desktop-hide av-medium-hide  avia-builder-el-14  el_before_av_textblock  avia-builder-el-first   avia-align-center '  itemprop=\"image\" itemscope=\"itemscope\" itemtype=\"https:\/\/schema.org\/ImageObject\"  ><div class='avia-image-container-inner'><div class='avia-image-overlay-wrap'><img class='avia_image' src='https:\/\/kynnefjall.com\/wp-content\/uploads\/2020\/02\/kynnefjall_img12.jpg' alt='' title='kynnefjall_img12' height=\"750\" width=\"1000\"  itemprop=\"thumbnailUrl\"  \/><\/div><\/div><\/div><br \/>\n<section class=\"av_textblock_section \"  itemscope=\"itemscope\" itemtype=\"https:\/\/schema.org\/CreativeWork\" ><div class='avia_textblock  '   itemprop=\"text\" ><h2>The cottage or the multi-bedroom is suitable for families with children<\/h2>\n<p>Our log cabins are secluded and are an excellent size for families with children. So does the family multi-bedroom &#8220;Loftet&#8221;. ATTENTION! Check the room descriptions and pictures before you book. The cabins are designed a little differently and there are e.g. stairs in the lodgings, so a baby gate or similar may be good to bring with you for some.<\/p>\n<\/div><\/section><br \/>\n<div class='avia-button-wrap avia-button-left  avia-builder-el-16  el_after_av_textblock  avia-builder-el-last  '><a href='https:\/\/kynnefjall.com\/en\/activities-adventures\/'  class='avia-button   avia-icon_select-no avia-color-theme-color avia-size-small avia-position-left '   ><span class='avia_iconbox_title' >Read more<\/span><\/a><\/div><\/p>\n<\/div><\/div><\/div><div id='av-layout-grid-3' class='av-layout-grid-container entry-content-wrapper main_color av-flex-cells    avia-builder-el-17  el_after_av_layout_row  el_before_av_layout_row  submenu-not-first container_wrap fullsize' style=' '  >\n<div class=\"flex_cell no_margin av_one_half  avia-builder-el-18  el_before_av_cell_one_half  avia-builder-el-first    \" style='background: #f6f6f6; vertical-align:top; padding:50px 30px 50px 50px ; background-color:#f6f6f6; '><div class='flex_cell_inner' ><p><div class='avia-image-container  av-styling-no-styling   av-desktop-hide av-medium-hide  avia-builder-el-19  el_before_av_textblock  avia-builder-el-first   avia-align-center '  itemprop=\"image\" itemscope=\"itemscope\" itemtype=\"https:\/\/schema.org\/ImageObject\"  ><div class='avia-image-container-inner'><div class='avia-image-overlay-wrap'><img class='avia_image' src='https:\/\/kynnefjall.com\/wp-content\/uploads\/2022\/03\/snow-leopard-g0be178cb2_19201892-1030x687.jpg' alt='' title='snow-leopard-g0be178cb2_1920[1892]' height=\"687\" width=\"1030\"  itemprop=\"thumbnailUrl\"  \/><\/div><\/div><\/div><br \/>\n<section class=\"av_textblock_section \"  itemscope=\"itemscope\" itemtype=\"https:\/\/schema.org\/CreativeWork\" ><div class='avia_textblock  '   itemprop=\"text\" ><h2>Day trips in the local area<\/h2>\n<p>Here you will get tips on exciting destinations that are almost a must if you visit this part of Sweden. Destinations such as Havets Hus, Stella&#8217;s playland, Nordens Ark, Vitlycke museum and Tanum&#8217;s world heritage which usually have activities for children throughout the summer, such as archeology school and Bronze Age activities.<\/p>\n<\/div><\/section><br \/>\n<div class='avia-button-wrap avia-button-left  avia-builder-el-21  el_after_av_textblock  avia-builder-el-last  '><a href='https:\/\/kynnefjall.com\/en\/activities-adventures\/'  class='avia-button   avia-icon_select-no avia-color-theme-color avia-size-small avia-position-left '   ><span class='avia_iconbox_title' >Read more<\/span><\/a><\/div><\/p>\n<\/div><\/div><div class=\"flex_cell no_margin av_one_half  avia-builder-el-22  el_after_av_cell_one_half  avia-builder-el-last    av-zero-padding av-hide-on-mobile  \" style='background:url(https:\/\/kynnefjall.com\/wp-content\/uploads\/2022\/03\/snow-leopard-g0be178cb2_19201892-1030x687.jpg) center center no-repeat scroll; vertical-align:top; padding:0; '><div class='flex_cell_inner' ><\/div><\/div><\/div><div id='av-layout-grid-4' class='av-layout-grid-container entry-content-wrapper main_color av-flex-cells    avia-builder-el-23  el_after_av_layout_row  el_before_av_layout_row  submenu-not-first container_wrap fullsize' style=' '  >\n<div class=\"flex_cell no_margin av_one_half  avia-builder-el-24  el_before_av_cell_one_half  avia-builder-el-first    av-zero-padding av-hide-on-mobile  \" style='background:url(https:\/\/kynnefjall.com\/wp-content\/uploads\/2022\/03\/Bohusleden_Etapp19-Photo-Cred-Fredrik-Schenholm-11894.jpg) center center no-repeat scroll; vertical-align:top; padding:0; '><div class='flex_cell_inner' ><\/div><\/div><div class=\"flex_cell no_margin av_one_half  avia-builder-el-25  el_after_av_cell_one_half  avia-builder-el-last    \" style='vertical-align:top; padding:50px 30px 50px 50px ; '><div class='flex_cell_inner' ><p><div class='avia-image-container  av-styling-no-styling   av-desktop-hide av-medium-hide  avia-builder-el-26  el_before_av_textblock  avia-builder-el-first   avia-align-center '  itemprop=\"image\" itemscope=\"itemscope\" itemtype=\"https:\/\/schema.org\/ImageObject\"  ><div class='avia-image-container-inner'><div class='avia-image-overlay-wrap'><img class='avia_image' src='https:\/\/kynnefjall.com\/wp-content\/uploads\/2022\/03\/Bohusleden_Etapp19-Photo-Cred-Fredrik-Schenholm-11894.jpg' alt='' title='Bohusleden_Etapp19- Photo Cred Fredrik Schenholm (1)[1894]' height=\"380\" width=\"540\"  itemprop=\"thumbnailUrl\"  \/><\/div><\/div><\/div><br \/>\n<section class=\"av_textblock_section \"  itemscope=\"itemscope\" itemtype=\"https:\/\/schema.org\/CreativeWork\" ><div class='avia_textblock  '   itemprop=\"text\" ><h2>Hike with children<\/h2>\n<p>Hiking with children doesn&#8217;t have to be complicated. You can live comfortably in a room or cabin at Kynnefj\u00e4llsNatur or sleep in one of the wind shelters at Kynnefj\u00e4ll. Along Bohusleden and up on Kynnefj\u00e4ll there are several shelters and an overnight cabin with 12 beds at Vaktarekullen. The cottage cannot be pre-booked. You can also hike around the forest roads at Kynnefj\u00e4llsNatur or use one of our trails. Two of them start and end at Kynnefj\u00e4llsNatur. The trails are approximately 5 km and 14 km.<\/p>\n<\/div><\/section><br \/>\n<div class='avia-button-wrap avia-button-left  avia-builder-el-28  el_after_av_textblock  avia-builder-el-last  '><a href='https:\/\/www.vastsverige.com\/munkedal\/produkter\/veckovis-6-aventyr-kynnefjall\/?site=3492'  class='avia-button   avia-icon_select-no avia-color-theme-color avia-size-small avia-position-left '   ><span class='avia_iconbox_title' >Find your adventure at Kynnefj\u00e4ll<\/span><\/a><\/div><\/p>\n<\/div><\/div><\/div><div id='av-layout-grid-5' class='av-layout-grid-container entry-content-wrapper main_color av-flex-cells    avia-builder-el-29  el_after_av_layout_row  avia-builder-el-last  submenu-not-first container_wrap fullsize' style=' '  >\n<div class=\"flex_cell no_margin av_one_full  avia-builder-el-30  avia-builder-el-no-sibling    \" style='background: #f6f6f6; vertical-align:top; padding:50px 30px 50px 50px ; background-color:#f6f6f6; '><div class='flex_cell_inner' ><p><br \/>\n<section class=\"av_textblock_section \"  itemscope=\"itemscope\" itemtype=\"https:\/\/schema.org\/CreativeWork\" ><div class='avia_textblock  '   itemprop=\"text\" ><\/div><\/section><\/p>\n<\/div><\/div>\n<\/div><\/p>\n","protected":false},"excerpt":{"rendered":"","protected":false},"author":3,"featured_media":0,"parent":0,"menu_order":0,"comment_status":"closed","ping_status":"closed","template":"","meta":{"footnotes":""},"class_list":["post-7093","page","type-page","status-publish","hentry"],"yoast_head":"<!-- This site is optimized with the Yoast SEO plugin v22.8 - https:\/\/yoast.com\/wordpress\/plugins\/seo\/ -->\n<title>Family with children - Kynnefj\u00e4lls Natur<\/title>\n<meta name=\"robots\" content=\"index, follow, max-snippet:-1, max-image-preview:large, max-video-preview:-1\" \/>\n<link rel=\"canonical\" href=\"https:\/\/kynnefjall.com\/en\/family-with-children\/\" \/>\n<meta property=\"og:locale\" content=\"en_US\" \/>\n<meta property=\"og:type\" content=\"article\" \/>\n<meta property=\"og:title\" content=\"Family with children - Kynnefj\u00e4lls Natur\" \/>\n<meta property=\"og:url\" content=\"https:\/\/kynnefjall.com\/en\/family-with-children\/\" \/>\n<meta property=\"og:site_name\" content=\"Kynnefj\u00e4lls Natur\" \/>\n<meta property=\"article:modified_time\" content=\"2024-08-18T02:47:50+00:00\" \/>\n<meta name=\"twitter:card\" content=\"summary_large_image\" \/>\n<meta name=\"twitter:label1\" content=\"Est. reading time\" \/>\n\t<meta name=\"twitter:data1\" content=\"6 minutes\" \/>\n<script type=\"application\/ld+json\" class=\"yoast-schema-graph\">{\"@context\":\"https:\/\/schema.org\",\"@graph\":[{\"@type\":\"WebPage\",\"@id\":\"https:\/\/kynnefjall.com\/en\/family-with-children\/\",\"url\":\"https:\/\/kynnefjall.com\/en\/family-with-children\/\",\"name\":\"Family with children - Kynnefj\u00e4lls Natur\",\"isPartOf\":{\"@id\":\"https:\/\/kynnefjall.com\/#website\"},\"datePublished\":\"2020-03-26T11:31:23+00:00\",\"dateModified\":\"2024-08-18T02:47:50+00:00\",\"breadcrumb\":{\"@id\":\"https:\/\/kynnefjall.com\/en\/family-with-children\/#breadcrumb\"},\"inLanguage\":\"en-US\",\"potentialAction\":[{\"@type\":\"ReadAction\",\"target\":[\"https:\/\/kynnefjall.com\/en\/family-with-children\/\"]}]},{\"@type\":\"BreadcrumbList\",\"@id\":\"https:\/\/kynnefjall.com\/en\/family-with-children\/#breadcrumb\",\"itemListElement\":[{\"@type\":\"ListItem\",\"position\":1,\"name\":\"Hem\",\"item\":\"https:\/\/kynnefjall.com\/en\/home\/\"},{\"@type\":\"ListItem\",\"position\":2,\"name\":\"Family with children\"}]},{\"@type\":\"WebSite\",\"@id\":\"https:\/\/kynnefjall.com\/#website\",\"url\":\"https:\/\/kynnefjall.com\/\",\"name\":\"Kynnefj\u00e4lls Natur\",\"description\":\"\",\"potentialAction\":[{\"@type\":\"SearchAction\",\"target\":{\"@type\":\"EntryPoint\",\"urlTemplate\":\"https:\/\/kynnefjall.com\/?s={search_term_string}\"},\"query-input\":\"required name=search_term_string\"}],\"inLanguage\":\"en-US\"}]}<\/script>\n<!-- \/ Yoast SEO plugin. -->","yoast_head_json":{"title":"Family with children - Kynnefj\u00e4lls Natur","robots":{"index":"index","follow":"follow","max-snippet":"max-snippet:-1","max-image-preview":"max-image-preview:large","max-video-preview":"max-video-preview:-1"},"canonical":"https:\/\/kynnefjall.com\/en\/family-with-children\/","og_locale":"en_US","og_type":"article","og_title":"Family with children - Kynnefj\u00e4lls Natur","og_url":"https:\/\/kynnefjall.com\/en\/family-with-children\/","og_site_name":"Kynnefj\u00e4lls Natur","article_modified_time":"2024-08-18T02:47:50+00:00","twitter_card":"summary_large_image","twitter_misc":{"Est. reading time":"6 minutes"},"schema":{"@context":"https:\/\/schema.org","@graph":[{"@type":"WebPage","@id":"https:\/\/kynnefjall.com\/en\/family-with-children\/","url":"https:\/\/kynnefjall.com\/en\/family-with-children\/","name":"Family with children - Kynnefj\u00e4lls Natur","isPartOf":{"@id":"https:\/\/kynnefjall.com\/#website"},"datePublished":"2020-03-26T11:31:23+00:00","dateModified":"2024-08-18T02:47:50+00:00","breadcrumb":{"@id":"https:\/\/kynnefjall.com\/en\/family-with-children\/#breadcrumb"},"inLanguage":"en-US","potentialAction":[{"@type":"ReadAction","target":["https:\/\/kynnefjall.com\/en\/family-with-children\/"]}]},{"@type":"BreadcrumbList","@id":"https:\/\/kynnefjall.com\/en\/family-with-children\/#breadcrumb","itemListElement":[{"@type":"ListItem","position":1,"name":"Hem","item":"https:\/\/kynnefjall.com\/en\/home\/"},{"@type":"ListItem","position":2,"name":"Family with children"}]},{"@type":"WebSite","@id":"https:\/\/kynnefjall.com\/#website","url":"https:\/\/kynnefjall.com\/","name":"Kynnefj\u00e4lls Natur","description":"","potentialAction":[{"@type":"SearchAction","target":{"@type":"EntryPoint","urlTemplate":"https:\/\/kynnefjall.com\/?s={search_term_string}"},"query-input":"required name=search_term_string"}],"inLanguage":"en-US"}]}},"_links":{"self":[{"href":"https:\/\/kynnefjall.com\/en\/wp-json\/wp\/v2\/pages\/7093","targetHints":{"allow":["GET"]}}],"collection":[{"href":"https:\/\/kynnefjall.com\/en\/wp-json\/wp\/v2\/pages"}],"about":[{"href":"https:\/\/kynnefjall.com\/en\/wp-json\/wp\/v2\/types\/page"}],"author":[{"embeddable":true,"href":"https:\/\/kynnefjall.com\/en\/wp-json\/wp\/v2\/users\/3"}],"replies":[{"embeddable":true,"href":"https:\/\/kynnefjall.com\/en\/wp-json\/wp\/v2\/comments?post=7093"}],"version-history":[{"count":2,"href":"https:\/\/kynnefjall.com\/en\/wp-json\/wp\/v2\/pages\/7093\/revisions"}],"predecessor-version":[{"id":7095,"href":"https:\/\/kynnefjall.com\/en\/wp-json\/wp\/v2\/pages\/7093\/revisions\/7095"}],"wp:attachment":[{"href":"https:\/\/kynnefjall.com\/en\/wp-json\/wp\/v2\/media?parent=7093"}],"curies":[{"name":"wp","href":"https:\/\/api.w.org\/{rel}","templated":true}]}}