{"id":1282,"date":"2020-02-24T11:15:39","date_gmt":"2020-02-24T10:15:39","guid":{"rendered":"http:\/\/kynnefjall.com\/rum-stugor\/talt-husbil\/"},"modified":"2020-03-18T06:59:55","modified_gmt":"2020-03-18T05:59:55","slug":"talt-husbil","status":"publish","type":"page","link":"https:\/\/kynnefjall.com\/en\/accommodation\/talt-husbil\/","title":{"rendered":"T\u00e4lt &#038; Husbil"},"content":{"rendered":"<p><div id='full_slider_1' class='avia-fullwidth-slider main_color avia-shadow  av-small-hide av-mini-hide  avia-builder-el-0  el_before_av_slideshow_full  avia-builder-el-first   container_wrap fullsize' style=' '  ><div  data-size='desktop_banner'  data-lightbox_size='large'  data-animation='slide'  data-conditional_play=''  data-ids='344'  data-video_counter='0'  data-autoplay='false'  data-bg_slider='false'  data-slide_height=''  data-handle='av_slideshow_full'  data-interval='5'  data-class=' '  data-css_id=''  data-scroll_down=''  data-control_layout='av-control-default'  data-custom_markup=''  data-perma_caption=''  data-autoplay_stopper=''  data-image_attachment=''  data-min_height='0px'  data-src=''  data-position='top left'  data-repeat='no-repeat'  data-attach='scroll'  data-stretch=''  data-default-height='31.25'  class='avia-slideshow avia-slideshow-1  av-control-default av-default-height-applied avia-slideshow-desktop_banner av_slideshow_full   avia-slide-slider '  itemprop=\"image\" itemscope=\"itemscope\" itemtype=\"https:\/\/schema.org\/ImageObject\" ><ul class='avia-slideshow-inner ' style='padding-bottom: 34.682080924855%;' ><li  class=' av-single-slide slide-1 ' ><div data-rel='slideshow-1' class='avia-slide-wrap '   ><img src='https:\/\/kynnefjall.com\/wp-content\/uploads\/2020\/02\/kynnefjall_banner_01.jpg' width='1730' height='600' title='kynnefjall_banner_01' alt=''  itemprop=\"thumbnailUrl\"   \/><\/div><\/li><\/ul><\/div><\/div> <div id='full_slider_2' class='avia-fullwidth-slider main_color avia-shadow  av-desktop-hide av-medium-hide  avia-builder-el-1  el_after_av_slideshow_full  el_before_av_section   slider-not-first container_wrap fullsize' style=' '  ><div  data-size='large'  data-lightbox_size='large'  data-animation='slide'  data-conditional_play=''  data-ids='344'  data-video_counter='0'  data-autoplay='false'  data-bg_slider='false'  data-slide_height=''  data-handle='av_slideshow_full'  data-interval='5'  data-class=' '  data-css_id=''  data-scroll_down=''  data-control_layout='av-control-default'  data-custom_markup=''  data-perma_caption=''  data-autoplay_stopper=''  data-image_attachment=''  data-min_height='300px'  data-src=''  data-position='top left'  data-repeat='no-repeat'  data-attach='scroll'  data-stretch=''  class='avia-slideshow avia-slideshow-2  av-control-default av-default-height-applied avia-slideshow-large av_slideshow_full   avia-slide-slider '  itemprop=\"image\" itemscope=\"itemscope\" itemtype=\"https:\/\/schema.org\/ImageObject\" ><ul class='avia-slideshow-inner ' style='padding-bottom: 34.660194174757%;' ><li  class=' av-single-slide slide-1 ' ><div data-rel='slideshow-2' class='avia-slide-wrap '   ><img src='https:\/\/kynnefjall.com\/wp-content\/uploads\/2020\/02\/kynnefjall_banner_01-1030x357.jpg' width='1030' height='357' title='kynnefjall_banner_01' alt=''  itemprop=\"thumbnailUrl\"  style='min-height:300px; min-width:866px; ' \/><\/div><\/li><\/ul><\/div><\/div> <div id='av_section_1' class='avia-section main_color avia-section-default avia-no-border-styling avia-bg-style-scroll  avia-builder-el-2  el_after_av_slideshow_full  el_before_av_layout_row  full-width-content  container_wrap fullsize' style=' '  ><div class='container' ><div class='template-page content  av-content-full alpha units'><div class='post-entry post-entry-type-page post-entry-1282'><div class='entry-content-wrapper clearfix'> <div class=\"flex_column av_one_full  flex_column_div av-zero-column-padding first  avia-builder-el-3  avia-builder-el-no-sibling   \" style='border-radius:0px; '><div style='padding-bottom:0px; ' class='av-special-heading av-special-heading-h1  blockquote modern-quote modern-centered  avia-builder-el-4  avia-builder-el-no-sibling   '><h1 class='av-special-heading-tag '  itemprop=\"headline\"  >T\u00e4lt <span class='special_amp'>&amp;<\/span> Husbil<\/h1><div class='special-heading-border'><div class='special-heading-inner-border' ><\/div><\/div><\/div><\/div>  <\/div><\/div><\/div><!-- close content main div --><\/div><\/div><div id='av-layout-grid-1' class='av-layout-grid-container entry-content-wrapper main_color av-flex-cells    avia-builder-el-5  el_after_av_section  avia-builder-el-last  submenu-not-first container_wrap fullsize' style=' '  > <div class=\"flex_cell no_margin av_one_half  avia-builder-el-6  el_before_av_cell_one_half  avia-builder-el-first    \" style='background: #f6f6f6; vertical-align:top; padding:50px 30px 50px 50px ; background-color:#f6f6f6; '><div class='flex_cell_inner' ><p> <div class='avia-image-container  av-styling-no-styling   av-desktop-hide av-medium-hide  avia-builder-el-7  el_before_av_textblock  avia-builder-el-first   avia-align-center '  itemprop=\"image\" itemscope=\"itemscope\" itemtype=\"https:\/\/schema.org\/ImageObject\"  ><div class='avia-image-container-inner'><div class='avia-image-overlay-wrap'><img class='avia_image' src='https:\/\/kynnefjall.com\/wp-content\/uploads\/2020\/02\/kynnefjall_banner_01.jpg' alt='' title='kynnefjall_banner_01' height=\"660\" width=\"1903\"  itemprop=\"thumbnailUrl\"  \/><\/div><\/div><\/div> <section class=\"av_textblock_section \"  itemscope=\"itemscope\" itemtype=\"https:\/\/schema.org\/CreativeWork\" ><div class='avia_textblock  '   itemprop=\"text\" ><h2>Husbil och t\u00e4lt<\/h2>\n<p>Den som st\u00e5r hos oss med husbil eller sover i t\u00e4lt, lever n\u00e4ra naturen men har samtidigt n\u00e4ra till bekv\u00e4mligheter s\u00e5 som g\u00e4stk\u00f6k, dusch, toalett, s\u00e4llskapsrum med Wi-fi och TV. P.g.a servicen som alltid \u00e4r \u00f6ppen f\u00f6r v\u00e5ra campingg\u00e4ster s\u00e5 har vi slutat hyra ut platser utan el. Vi \u00e4r ingen camping i den bem\u00e4rkelsen, men vi har \u00e4nd\u00e5 gott om gr\u00f6nytor f\u00f6r husbilar och t\u00e4lt. Husvagnar rekommenderar vi inte att k\u00f6ra upp till oss p\u00e5 Kynnefj\u00e4llsNatur p\u00e5 grund av den v\u00e4ldigt branta backen. Kontakta oss f\u00f6r bokning. <strong>Husbil\/Husvagn: 200kr\/natt T\u00e4lt 1-5 personer: 150kr\/natt<\/strong> <\/p>\n<\/div><\/section> <div class='avia-button-wrap avia-button-left  avia-builder-el-9  el_after_av_textblock  avia-builder-el-last  '><a href='https:\/\/kynnefjall.com\/boende\/talt-husbil\/husbil-och-talt\/'  class='avia-button   avia-icon_select-no avia-color-theme-color avia-size-small avia-position-left '   ><span class='avia_iconbox_title' >L\u00e4s mer<\/span><\/a><\/div> <\/p>\n<\/div><\/div><div class=\"flex_cell no_margin av_one_half  avia-builder-el-10  el_after_av_cell_one_half  avia-builder-el-last    av-zero-padding av-hide-on-mobile  \" style='background:url(https:\/\/kynnefjall.com\/wp-content\/uploads\/2020\/02\/kynnefjall_banner_01.jpg) top left no-repeat scroll; vertical-align:top; padding:0; '><div class='flex_cell_inner' ><\/div><\/div><\/div><\/p>\n","protected":false},"excerpt":{"rendered":"","protected":false},"author":2,"featured_media":0,"parent":1230,"menu_order":0,"comment_status":"closed","ping_status":"closed","template":"","meta":{"footnotes":""},"class_list":["post-1282","page","type-page","status-publish","hentry"],"yoast_head":"<!-- This site is optimized with the Yoast SEO plugin v22.8 - https:\/\/yoast.com\/wordpress\/plugins\/seo\/ -->\n<title>T\u00e4lt &amp; Husbil - Kynnefj\u00e4lls Natur<\/title>\n<meta name=\"robots\" content=\"index, follow, max-snippet:-1, max-image-preview:large, max-video-preview:-1\" \/>\n<link rel=\"canonical\" href=\"https:\/\/kynnefjall.com\/en\/accommodation\/talt-husbil\/\" \/>\n<meta property=\"og:locale\" content=\"en_US\" \/>\n<meta property=\"og:type\" content=\"article\" \/>\n<meta property=\"og:title\" content=\"T\u00e4lt &amp; Husbil - Kynnefj\u00e4lls Natur\" \/>\n<meta property=\"og:url\" content=\"https:\/\/kynnefjall.com\/en\/accommodation\/talt-husbil\/\" \/>\n<meta property=\"og:site_name\" content=\"Kynnefj\u00e4lls Natur\" \/>\n<meta property=\"article:modified_time\" content=\"2020-03-18T05:59:55+00:00\" \/>\n<meta name=\"twitter:card\" content=\"summary_large_image\" \/>\n<meta name=\"twitter:label1\" content=\"Est. reading time\" \/>\n\t<meta name=\"twitter:data1\" content=\"6 minutes\" \/>\n<script type=\"application\/ld+json\" class=\"yoast-schema-graph\">{\"@context\":\"https:\/\/schema.org\",\"@graph\":[{\"@type\":\"WebPage\",\"@id\":\"https:\/\/kynnefjall.com\/en\/accommodation\/talt-husbil\/\",\"url\":\"https:\/\/kynnefjall.com\/en\/accommodation\/talt-husbil\/\",\"name\":\"T\u00e4lt & Husbil - Kynnefj\u00e4lls Natur\",\"isPartOf\":{\"@id\":\"https:\/\/kynnefjall.com\/#website\"},\"datePublished\":\"2020-02-24T10:15:39+00:00\",\"dateModified\":\"2020-03-18T05:59:55+00:00\",\"breadcrumb\":{\"@id\":\"https:\/\/kynnefjall.com\/en\/accommodation\/talt-husbil\/#breadcrumb\"},\"inLanguage\":\"en-US\",\"potentialAction\":[{\"@type\":\"ReadAction\",\"target\":[\"https:\/\/kynnefjall.com\/en\/accommodation\/talt-husbil\/\"]}]},{\"@type\":\"BreadcrumbList\",\"@id\":\"https:\/\/kynnefjall.com\/en\/accommodation\/talt-husbil\/#breadcrumb\",\"itemListElement\":[{\"@type\":\"ListItem\",\"position\":1,\"name\":\"Hem\",\"item\":\"https:\/\/kynnefjall.com\/en\/home\/\"},{\"@type\":\"ListItem\",\"position\":2,\"name\":\"Accommodation\",\"item\":\"https:\/\/kynnefjall.com\/en\/accommodation\/\"},{\"@type\":\"ListItem\",\"position\":3,\"name\":\"T\u00e4lt &#038; Husbil\"}]},{\"@type\":\"WebSite\",\"@id\":\"https:\/\/kynnefjall.com\/#website\",\"url\":\"https:\/\/kynnefjall.com\/\",\"name\":\"Kynnefj\u00e4lls Natur\",\"description\":\"\",\"potentialAction\":[{\"@type\":\"SearchAction\",\"target\":{\"@type\":\"EntryPoint\",\"urlTemplate\":\"https:\/\/kynnefjall.com\/?s={search_term_string}\"},\"query-input\":\"required name=search_term_string\"}],\"inLanguage\":\"en-US\"}]}<\/script>\n<!-- \/ Yoast SEO plugin. -->","yoast_head_json":{"title":"T\u00e4lt & Husbil - Kynnefj\u00e4lls Natur","robots":{"index":"index","follow":"follow","max-snippet":"max-snippet:-1","max-image-preview":"max-image-preview:large","max-video-preview":"max-video-preview:-1"},"canonical":"https:\/\/kynnefjall.com\/en\/accommodation\/talt-husbil\/","og_locale":"en_US","og_type":"article","og_title":"T\u00e4lt & Husbil - Kynnefj\u00e4lls Natur","og_url":"https:\/\/kynnefjall.com\/en\/accommodation\/talt-husbil\/","og_site_name":"Kynnefj\u00e4lls Natur","article_modified_time":"2020-03-18T05:59:55+00:00","twitter_card":"summary_large_image","twitter_misc":{"Est. reading time":"6 minutes"},"schema":{"@context":"https:\/\/schema.org","@graph":[{"@type":"WebPage","@id":"https:\/\/kynnefjall.com\/en\/accommodation\/talt-husbil\/","url":"https:\/\/kynnefjall.com\/en\/accommodation\/talt-husbil\/","name":"T\u00e4lt & Husbil - Kynnefj\u00e4lls Natur","isPartOf":{"@id":"https:\/\/kynnefjall.com\/#website"},"datePublished":"2020-02-24T10:15:39+00:00","dateModified":"2020-03-18T05:59:55+00:00","breadcrumb":{"@id":"https:\/\/kynnefjall.com\/en\/accommodation\/talt-husbil\/#breadcrumb"},"inLanguage":"en-US","potentialAction":[{"@type":"ReadAction","target":["https:\/\/kynnefjall.com\/en\/accommodation\/talt-husbil\/"]}]},{"@type":"BreadcrumbList","@id":"https:\/\/kynnefjall.com\/en\/accommodation\/talt-husbil\/#breadcrumb","itemListElement":[{"@type":"ListItem","position":1,"name":"Hem","item":"https:\/\/kynnefjall.com\/en\/home\/"},{"@type":"ListItem","position":2,"name":"Accommodation","item":"https:\/\/kynnefjall.com\/en\/accommodation\/"},{"@type":"ListItem","position":3,"name":"T\u00e4lt &#038; Husbil"}]},{"@type":"WebSite","@id":"https:\/\/kynnefjall.com\/#website","url":"https:\/\/kynnefjall.com\/","name":"Kynnefj\u00e4lls Natur","description":"","potentialAction":[{"@type":"SearchAction","target":{"@type":"EntryPoint","urlTemplate":"https:\/\/kynnefjall.com\/?s={search_term_string}"},"query-input":"required name=search_term_string"}],"inLanguage":"en-US"}]}},"_links":{"self":[{"href":"https:\/\/kynnefjall.com\/en\/wp-json\/wp\/v2\/pages\/1282","targetHints":{"allow":["GET"]}}],"collection":[{"href":"https:\/\/kynnefjall.com\/en\/wp-json\/wp\/v2\/pages"}],"about":[{"href":"https:\/\/kynnefjall.com\/en\/wp-json\/wp\/v2\/types\/page"}],"author":[{"embeddable":true,"href":"https:\/\/kynnefjall.com\/en\/wp-json\/wp\/v2\/users\/2"}],"replies":[{"embeddable":true,"href":"https:\/\/kynnefjall.com\/en\/wp-json\/wp\/v2\/comments?post=1282"}],"version-history":[{"count":2,"href":"https:\/\/kynnefjall.com\/en\/wp-json\/wp\/v2\/pages\/1282\/revisions"}],"predecessor-version":[{"id":1288,"href":"https:\/\/kynnefjall.com\/en\/wp-json\/wp\/v2\/pages\/1282\/revisions\/1288"}],"up":[{"embeddable":true,"href":"https:\/\/kynnefjall.com\/en\/wp-json\/wp\/v2\/pages\/1230"}],"wp:attachment":[{"href":"https:\/\/kynnefjall.com\/en\/wp-json\/wp\/v2\/media?parent=1282"}],"curies":[{"name":"wp","href":"https:\/\/api.w.org\/{rel}","templated":true}]}}