{"id":1277,"date":"2020-02-24T10:44:20","date_gmt":"2020-02-24T09:44:20","guid":{"rendered":"http:\/\/kynnefjall.com\/rum-stugor\/stugor\/ugglebo\/"},"modified":"2020-03-18T06:59:58","modified_gmt":"2020-03-18T05:59:58","slug":"ugglebo","status":"publish","type":"page","link":"https:\/\/kynnefjall.com\/en\/accommodation\/service\/ugglebo\/","title":{"rendered":"Ugglebo"},"content":{"rendered":"<p><div id='full_slider_1' class='avia-fullwidth-slider main_color avia-shadow  av-small-hide av-mini-hide  avia-builder-el-0  el_before_av_slideshow_full  avia-builder-el-first   container_wrap fullsize' style=' '  ><div  data-size='desktop_banner'  data-lightbox_size='large'  data-animation='slide'  data-conditional_play=''  data-ids='344'  data-video_counter='0'  data-autoplay='false'  data-bg_slider='false'  data-slide_height=''  data-handle='av_slideshow_full'  data-interval='5'  data-class=' '  data-css_id=''  data-scroll_down=''  data-control_layout='av-control-default'  data-custom_markup=''  data-perma_caption=''  data-autoplay_stopper=''  data-image_attachment=''  data-min_height='0px'  data-src=''  data-position='top left'  data-repeat='no-repeat'  data-attach='scroll'  data-stretch=''  data-default-height='31.25'  class='avia-slideshow avia-slideshow-1  av-control-default av-default-height-applied avia-slideshow-desktop_banner av_slideshow_full   avia-slide-slider '  itemprop=\"image\" itemscope=\"itemscope\" itemtype=\"https:\/\/schema.org\/ImageObject\" ><ul class='avia-slideshow-inner ' style='padding-bottom: 34.682080924855%;' ><li  class=' av-single-slide slide-1 ' ><div data-rel='slideshow-1' class='avia-slide-wrap '   ><img src='https:\/\/kynnefjall.com\/wp-content\/uploads\/2020\/02\/kynnefjall_banner_01.jpg' width='1730' height='600' title='kynnefjall_banner_01' alt=''  itemprop=\"thumbnailUrl\"   \/><\/div><\/li><\/ul><\/div><\/div> <div id='full_slider_2' class='avia-fullwidth-slider main_color avia-shadow  av-desktop-hide av-medium-hide  avia-builder-el-1  el_after_av_slideshow_full  el_before_av_section   slider-not-first container_wrap fullsize' style=' '  ><div  data-size='large'  data-lightbox_size='large'  data-animation='slide'  data-conditional_play=''  data-ids='344'  data-video_counter='0'  data-autoplay='false'  data-bg_slider='false'  data-slide_height=''  data-handle='av_slideshow_full'  data-interval='5'  data-class=' '  data-css_id=''  data-scroll_down=''  data-control_layout='av-control-default'  data-custom_markup=''  data-perma_caption=''  data-autoplay_stopper=''  data-image_attachment=''  data-min_height='300px'  data-src=''  data-position='top left'  data-repeat='no-repeat'  data-attach='scroll'  data-stretch=''  class='avia-slideshow avia-slideshow-2  av-control-default av-default-height-applied avia-slideshow-large av_slideshow_full   avia-slide-slider '  itemprop=\"image\" itemscope=\"itemscope\" itemtype=\"https:\/\/schema.org\/ImageObject\" ><ul class='avia-slideshow-inner ' style='padding-bottom: 34.660194174757%;' ><li  class=' av-single-slide slide-1 ' ><div data-rel='slideshow-2' class='avia-slide-wrap '   ><img src='https:\/\/kynnefjall.com\/wp-content\/uploads\/2020\/02\/kynnefjall_banner_01-1030x357.jpg' width='1030' height='357' title='kynnefjall_banner_01' alt=''  itemprop=\"thumbnailUrl\"  style='min-height:300px; min-width:866px; ' \/><\/div><\/li><\/ul><\/div><\/div> <div id='av_section_1' class='avia-section main_color avia-section-default avia-no-border-styling avia-bg-style-scroll  avia-builder-el-2  el_after_av_slideshow_full  el_before_av_masonry_gallery  full-width-content  container_wrap fullsize' style=' '  ><div class='container' ><div class='template-page content  av-content-full alpha units'><div class='post-entry post-entry-type-page post-entry-1277'><div class='entry-content-wrapper clearfix'> <div class=\"flex_column av_one_full  flex_column_div av-zero-column-padding first  avia-builder-el-3  avia-builder-el-no-sibling   \" style='border-radius:0px; '><p> <div style='padding-bottom:10px; ' class='av-special-heading av-special-heading-h1  blockquote modern-quote modern-centered  avia-builder-el-4  el_before_av_textblock  avia-builder-el-first   '><h1 class='av-special-heading-tag '  itemprop=\"headline\"  >Ugglebo<\/h1><div class ='av-subheading av-subheading_below  ' style='font-size:18px;'><p> 5 b\u00e4ddar <\/p>\n<\/div><div class='special-heading-border'><div class='special-heading-inner-border' ><\/div><\/div><\/div> <section class=\"av_textblock_section \"  itemscope=\"itemscope\" itemtype=\"https:\/\/schema.org\/CreativeWork\" ><div class='avia_textblock  '   itemprop=\"text\" ><p style=\"text-align: center;\">Tre b\u00e4ddar f\u00f6rdelat p\u00e5 de tv\u00e5 sovloften och tv\u00e5 enkels\u00e4ngar i b\u00e4ddsoffa. H\u00e4r finns dusch, toalett och torksk\u00e5p samt k\u00f6ksavdelning kyl, frys, kaffebryggare och mikrov\u00e5gsugn. \u00d6ppen spis. Nedre plan \u00e4r handikappanpassat.<\/p>\n<p style=\"text-align: center;\">St\u00e4dning av stugan vid avf\u00e4rd ing\u00e5r inte i stughyran. St\u00e4dning g\u00f6rs p\u00e5 egen hand med hj\u00e4lp av st\u00e4dartiklarna i stugan. Vill ni inte st\u00e4da sj\u00e4lva? K\u00f6p d\u00e5 slutst\u00e4dning av oss. Boka g\u00e4rna st\u00e4dning i f\u00f6rv\u00e4g om s\u00e5 \u00f6nskas eller best\u00e4ll vid ankomst.<\/p>\n<p style=\"text-align: center;\">Fr\u00e5n 995 SEK\/ natt Logipriserna varierar n\u00e5got beroende p\u00e5 s\u00e4song. V\u00e4lj datum i v\u00e5r onlinebokning f\u00f6r exakt pris just ert \u00f6nskade datum. <\/p>\n<\/div><\/section> <\/p><\/div><\/div><\/div><\/div><!-- close content main div --><\/div><\/div><div id='av-layout-grid-1' class='av-layout-grid-container entry-content-wrapper main_color av-flex-cells    submenu-not-first container_wrap fullsize' style=' '  > <div class=\"flex_cell no_margin av_one_full    av-zero-padding \" style='vertical-align:top; padding:0; '><div class='flex_cell_inner' ><div id='av-masonry-1' class='av-masonry  noHover av-fixed-size av-large-gap av-hover-overlay- av-masonry-animation- av-masonry-col-5 av-caption-always av-caption-style- av-masonry-gallery   av-orientation-portrait   av-small-columns-overwrite av-small-columns-2 av-mini-columns-overwrite av-mini-columns-1'  ><div class='av-masonry-container isotope av-js-disabled ' ><div class='av-masonry-entry isotope-item av-masonry-item-no-image '><\/div><a href=\"https:\/\/kynnefjall.com\/wp-content\/uploads\/2020\/02\/kynnefjall_img9.jpg\" id='av-masonry-1-item-57' data-av-masonry-item='57' class='av-masonry-entry isotope-item post-57 attachment type-attachment status-inherit hentry  av-masonry-item-with-image' title=\"kynnefjall_img9\"  itemprop=\"thumbnailUrl\" ><div class='av-inner-masonry-sizer'><\/div><figure class='av-inner-masonry main_color'><div class=\"av-masonry-outerimage-container\"><div class=\"av-masonry-image-container\" style=\"background-image: url(https:\/\/kynnefjall.com\/wp-content\/uploads\/2020\/02\/kynnefjall_img9-470x705.jpg);\" title=\"kynnefjall_img9\" ><\/div><\/div><\/figure><\/a><!--end av-masonry entry--><a href=\"https:\/\/kynnefjall.com\/wp-content\/uploads\/2020\/02\/kynnefjall_img10.jpg\" id='av-masonry-1-item-59' data-av-masonry-item='59' class='av-masonry-entry isotope-item post-59 attachment type-attachment status-inherit hentry  av-masonry-item-with-image' title=\"kynnefjall_img10\"  itemprop=\"thumbnailUrl\" ><div class='av-inner-masonry-sizer'><\/div><figure class='av-inner-masonry main_color'><div class=\"av-masonry-outerimage-container\"><div class=\"av-masonry-image-container\" style=\"background-image: url(https:\/\/kynnefjall.com\/wp-content\/uploads\/2020\/02\/kynnefjall_img10-470x705.jpg);\" title=\"kynnefjall_img10\" ><\/div><\/div><\/figure><\/a><!--end av-masonry entry--><a href=\"https:\/\/kynnefjall.com\/wp-content\/uploads\/2020\/02\/kynnefjall_img11.jpg\" id='av-masonry-1-item-61' data-av-masonry-item='61' class='av-masonry-entry isotope-item post-61 attachment type-attachment status-inherit hentry  av-masonry-item-with-image' title=\"kynnefjall_img11\"  itemprop=\"thumbnailUrl\" ><div class='av-inner-masonry-sizer'><\/div><figure class='av-inner-masonry main_color'><div class=\"av-masonry-outerimage-container\"><div class=\"av-masonry-image-container\" style=\"background-image: url(https:\/\/kynnefjall.com\/wp-content\/uploads\/2020\/02\/kynnefjall_img11-470x705.jpg);\" title=\"kynnefjall_img11\" ><\/div><\/div><\/figure><\/a><!--end av-masonry entry--><a href=\"https:\/\/kynnefjall.com\/wp-content\/uploads\/2020\/02\/kynnefjall_img12.jpg\" id='av-masonry-1-item-63' data-av-masonry-item='63' class='av-masonry-entry isotope-item post-63 attachment type-attachment status-inherit hentry  av-masonry-item-with-image' title=\"kynnefjall_img12\"  itemprop=\"thumbnailUrl\" ><div class='av-inner-masonry-sizer'><\/div><figure class='av-inner-masonry main_color'><div class=\"av-masonry-outerimage-container\"><div class=\"av-masonry-image-container\" style=\"background-image: url(https:\/\/kynnefjall.com\/wp-content\/uploads\/2020\/02\/kynnefjall_img12-705x529.jpg);\" title=\"kynnefjall_img12\" ><\/div><\/div><\/figure><\/a><!--end av-masonry entry--><a href=\"https:\/\/kynnefjall.com\/wp-content\/uploads\/2020\/02\/kynnefjall_img13.jpg\" id='av-masonry-1-item-65' data-av-masonry-item='65' class='av-masonry-entry isotope-item post-65 attachment type-attachment status-inherit hentry  av-masonry-item-with-image' title=\"kynnefjall_img13\"  itemprop=\"thumbnailUrl\" ><div class='av-inner-masonry-sizer'><\/div><figure class='av-inner-masonry main_color'><div class=\"av-masonry-outerimage-container\"><div class=\"av-masonry-image-container\" style=\"background-image: url(https:\/\/kynnefjall.com\/wp-content\/uploads\/2020\/02\/kynnefjall_img13-705x470.jpg);\" title=\"kynnefjall_img13\" ><\/div><\/div><\/figure><\/a><!--end av-masonry entry--><\/div><\/div>\n<\/div><\/div><\/div> <\/p>\n<\/p>","protected":false},"excerpt":{"rendered":"","protected":false},"author":2,"featured_media":0,"parent":1274,"menu_order":0,"comment_status":"closed","ping_status":"closed","template":"","meta":{"footnotes":""},"class_list":["post-1277","page","type-page","status-publish","hentry"],"yoast_head":"<!-- This site is optimized with the Yoast SEO plugin v22.8 - https:\/\/yoast.com\/wordpress\/plugins\/seo\/ -->\n<title>Ugglebo - Kynnefj\u00e4lls Natur<\/title>\n<meta name=\"robots\" content=\"index, follow, max-snippet:-1, max-image-preview:large, max-video-preview:-1\" \/>\n<link rel=\"canonical\" href=\"https:\/\/kynnefjall.com\/en\/accommodation\/service\/ugglebo\/\" \/>\n<meta property=\"og:locale\" content=\"en_US\" \/>\n<meta property=\"og:type\" content=\"article\" \/>\n<meta property=\"og:title\" content=\"Ugglebo - Kynnefj\u00e4lls Natur\" \/>\n<meta property=\"og:url\" content=\"https:\/\/kynnefjall.com\/en\/accommodation\/service\/ugglebo\/\" \/>\n<meta property=\"og:site_name\" content=\"Kynnefj\u00e4lls Natur\" \/>\n<meta property=\"article:modified_time\" content=\"2020-03-18T05:59:58+00:00\" \/>\n<meta name=\"twitter:card\" content=\"summary_large_image\" \/>\n<meta name=\"twitter:label1\" content=\"Est. reading time\" \/>\n\t<meta name=\"twitter:data1\" content=\"5 minutes\" \/>\n<script type=\"application\/ld+json\" class=\"yoast-schema-graph\">{\"@context\":\"https:\/\/schema.org\",\"@graph\":[{\"@type\":\"WebPage\",\"@id\":\"https:\/\/kynnefjall.com\/en\/accommodation\/service\/ugglebo\/\",\"url\":\"https:\/\/kynnefjall.com\/en\/accommodation\/service\/ugglebo\/\",\"name\":\"Ugglebo - Kynnefj\u00e4lls Natur\",\"isPartOf\":{\"@id\":\"https:\/\/kynnefjall.com\/#website\"},\"datePublished\":\"2020-02-24T09:44:20+00:00\",\"dateModified\":\"2020-03-18T05:59:58+00:00\",\"breadcrumb\":{\"@id\":\"https:\/\/kynnefjall.com\/en\/accommodation\/service\/ugglebo\/#breadcrumb\"},\"inLanguage\":\"en-US\",\"potentialAction\":[{\"@type\":\"ReadAction\",\"target\":[\"https:\/\/kynnefjall.com\/en\/accommodation\/service\/ugglebo\/\"]}]},{\"@type\":\"BreadcrumbList\",\"@id\":\"https:\/\/kynnefjall.com\/en\/accommodation\/service\/ugglebo\/#breadcrumb\",\"itemListElement\":[{\"@type\":\"ListItem\",\"position\":1,\"name\":\"Hem\",\"item\":\"https:\/\/kynnefjall.com\/en\/home\/\"},{\"@type\":\"ListItem\",\"position\":2,\"name\":\"Accommodation\",\"item\":\"https:\/\/kynnefjall.com\/en\/accommodation\/\"},{\"@type\":\"ListItem\",\"position\":3,\"name\":\"Service\",\"item\":\"https:\/\/kynnefjall.com\/en\/accommodation\/service\/\"},{\"@type\":\"ListItem\",\"position\":4,\"name\":\"Ugglebo\"}]},{\"@type\":\"WebSite\",\"@id\":\"https:\/\/kynnefjall.com\/#website\",\"url\":\"https:\/\/kynnefjall.com\/\",\"name\":\"Kynnefj\u00e4lls Natur\",\"description\":\"\",\"potentialAction\":[{\"@type\":\"SearchAction\",\"target\":{\"@type\":\"EntryPoint\",\"urlTemplate\":\"https:\/\/kynnefjall.com\/?s={search_term_string}\"},\"query-input\":\"required name=search_term_string\"}],\"inLanguage\":\"en-US\"}]}<\/script>\n<!-- \/ Yoast SEO plugin. -->","yoast_head_json":{"title":"Ugglebo - Kynnefj\u00e4lls Natur","robots":{"index":"index","follow":"follow","max-snippet":"max-snippet:-1","max-image-preview":"max-image-preview:large","max-video-preview":"max-video-preview:-1"},"canonical":"https:\/\/kynnefjall.com\/en\/accommodation\/service\/ugglebo\/","og_locale":"en_US","og_type":"article","og_title":"Ugglebo - Kynnefj\u00e4lls Natur","og_url":"https:\/\/kynnefjall.com\/en\/accommodation\/service\/ugglebo\/","og_site_name":"Kynnefj\u00e4lls Natur","article_modified_time":"2020-03-18T05:59:58+00:00","twitter_card":"summary_large_image","twitter_misc":{"Est. reading time":"5 minutes"},"schema":{"@context":"https:\/\/schema.org","@graph":[{"@type":"WebPage","@id":"https:\/\/kynnefjall.com\/en\/accommodation\/service\/ugglebo\/","url":"https:\/\/kynnefjall.com\/en\/accommodation\/service\/ugglebo\/","name":"Ugglebo - Kynnefj\u00e4lls Natur","isPartOf":{"@id":"https:\/\/kynnefjall.com\/#website"},"datePublished":"2020-02-24T09:44:20+00:00","dateModified":"2020-03-18T05:59:58+00:00","breadcrumb":{"@id":"https:\/\/kynnefjall.com\/en\/accommodation\/service\/ugglebo\/#breadcrumb"},"inLanguage":"en-US","potentialAction":[{"@type":"ReadAction","target":["https:\/\/kynnefjall.com\/en\/accommodation\/service\/ugglebo\/"]}]},{"@type":"BreadcrumbList","@id":"https:\/\/kynnefjall.com\/en\/accommodation\/service\/ugglebo\/#breadcrumb","itemListElement":[{"@type":"ListItem","position":1,"name":"Hem","item":"https:\/\/kynnefjall.com\/en\/home\/"},{"@type":"ListItem","position":2,"name":"Accommodation","item":"https:\/\/kynnefjall.com\/en\/accommodation\/"},{"@type":"ListItem","position":3,"name":"Service","item":"https:\/\/kynnefjall.com\/en\/accommodation\/service\/"},{"@type":"ListItem","position":4,"name":"Ugglebo"}]},{"@type":"WebSite","@id":"https:\/\/kynnefjall.com\/#website","url":"https:\/\/kynnefjall.com\/","name":"Kynnefj\u00e4lls Natur","description":"","potentialAction":[{"@type":"SearchAction","target":{"@type":"EntryPoint","urlTemplate":"https:\/\/kynnefjall.com\/?s={search_term_string}"},"query-input":"required name=search_term_string"}],"inLanguage":"en-US"}]}},"_links":{"self":[{"href":"https:\/\/kynnefjall.com\/en\/wp-json\/wp\/v2\/pages\/1277","targetHints":{"allow":["GET"]}}],"collection":[{"href":"https:\/\/kynnefjall.com\/en\/wp-json\/wp\/v2\/pages"}],"about":[{"href":"https:\/\/kynnefjall.com\/en\/wp-json\/wp\/v2\/types\/page"}],"author":[{"embeddable":true,"href":"https:\/\/kynnefjall.com\/en\/wp-json\/wp\/v2\/users\/2"}],"replies":[{"embeddable":true,"href":"https:\/\/kynnefjall.com\/en\/wp-json\/wp\/v2\/comments?post=1277"}],"version-history":[{"count":2,"href":"https:\/\/kynnefjall.com\/en\/wp-json\/wp\/v2\/pages\/1277\/revisions"}],"predecessor-version":[{"id":1289,"href":"https:\/\/kynnefjall.com\/en\/wp-json\/wp\/v2\/pages\/1277\/revisions\/1289"}],"up":[{"embeddable":true,"href":"https:\/\/kynnefjall.com\/en\/wp-json\/wp\/v2\/pages\/1274"}],"wp:attachment":[{"href":"https:\/\/kynnefjall.com\/en\/wp-json\/wp\/v2\/media?parent=1277"}],"curies":[{"name":"wp","href":"https:\/\/api.w.org\/{rel}","templated":true}]}}