{"id":1232,"date":"2020-02-24T11:10:43","date_gmt":"2020-02-24T10:10:43","guid":{"rendered":"http:\/\/kynnefjall.com\/rum-stugor\/loftet\/sovloft-flerbaddsrum-1-5-baddar\/"},"modified":"2020-03-18T06:54:31","modified_gmt":"2020-03-18T05:54:31","slug":"sovloft-flerbaddsrum-1-5-baddar","status":"publish","type":"page","link":"https:\/\/kynnefjall.com\/en\/accommodation\/good-to-know\/sovloft-flerbaddsrum-1-5-baddar\/","title":{"rendered":"Sovloft \/ flerb\u00e4ddsrum 1-5 b\u00e4ddar"},"content":{"rendered":"<p><div id='full_slider_1' class='avia-fullwidth-slider main_color avia-shadow  av-small-hide av-mini-hide  avia-builder-el-0  el_before_av_slideshow_full  avia-builder-el-first   container_wrap fullsize' style=' '  ><div  data-size='desktop_banner'  data-lightbox_size='large'  data-animation='slide'  data-conditional_play=''  data-ids='344'  data-video_counter='0'  data-autoplay='false'  data-bg_slider='false'  data-slide_height=''  data-handle='av_slideshow_full'  data-interval='5'  data-class=' '  data-css_id=''  data-scroll_down=''  data-control_layout='av-control-default'  data-custom_markup=''  data-perma_caption=''  data-autoplay_stopper=''  data-image_attachment=''  data-min_height=''  data-src=''  data-position='top left'  data-repeat='no-repeat'  data-attach='scroll'  data-stretch=''  data-default-height='31.25'  class='avia-slideshow avia-slideshow-1  av-control-default av-default-height-applied avia-slideshow-desktop_banner av_slideshow_full   avia-slide-slider '  itemprop=\"image\" itemscope=\"itemscope\" itemtype=\"https:\/\/schema.org\/ImageObject\" ><ul class='avia-slideshow-inner ' style='padding-bottom: 34.682080924855%;' ><li  class=' av-single-slide slide-1 ' ><div data-rel='slideshow-1' class='avia-slide-wrap '   ><img src='https:\/\/kynnefjall.com\/wp-content\/uploads\/2020\/02\/kynnefjall_banner_01.jpg' width='1730' height='600' title='kynnefjall_banner_01' alt=''  itemprop=\"thumbnailUrl\"   \/><\/div><\/li><\/ul><\/div><\/div> <div id='full_slider_2' class='avia-fullwidth-slider main_color avia-shadow  av-desktop-hide av-medium-hide  avia-builder-el-1  el_after_av_slideshow_full  el_before_av_section   slider-not-first container_wrap fullsize' style=' '  ><div  data-size='large'  data-lightbox_size='large'  data-animation='slide'  data-conditional_play=''  data-ids='344'  data-video_counter='0'  data-autoplay='false'  data-bg_slider='false'  data-slide_height=''  data-handle='av_slideshow_full'  data-interval='5'  data-class=' '  data-css_id=''  data-scroll_down=''  data-control_layout='av-control-default'  data-custom_markup=''  data-perma_caption=''  data-autoplay_stopper=''  data-image_attachment=''  data-min_height='300px'  data-src=''  data-position='top left'  data-repeat='no-repeat'  data-attach='scroll'  data-stretch=''  class='avia-slideshow avia-slideshow-2  av-control-default av-default-height-applied avia-slideshow-large av_slideshow_full   avia-slide-slider '  itemprop=\"image\" itemscope=\"itemscope\" itemtype=\"https:\/\/schema.org\/ImageObject\" ><ul class='avia-slideshow-inner ' style='padding-bottom: 34.660194174757%;' ><li  class=' av-single-slide slide-1 ' ><div data-rel='slideshow-2' class='avia-slide-wrap '   ><img src='https:\/\/kynnefjall.com\/wp-content\/uploads\/2020\/02\/kynnefjall_banner_01-1030x357.jpg' width='1030' height='357' title='kynnefjall_banner_01' alt=''  itemprop=\"thumbnailUrl\"  style='min-height:300px; min-width:866px; ' \/><\/div><\/li><\/ul><\/div><\/div> <div id='av_section_1' class='avia-section main_color avia-section-default avia-no-border-styling avia-bg-style-scroll  avia-builder-el-2  el_after_av_slideshow_full  avia-builder-el-last  full-width-content  container_wrap fullsize' style=' '  ><div class='container' ><div class='template-page content  av-content-full alpha units'><div class='post-entry post-entry-type-page post-entry-1232'><div class='entry-content-wrapper clearfix'> <div class=\"flex_column av_one_full  flex_column_div av-zero-column-padding first  avia-builder-el-3  avia-builder-el-no-sibling   \" style='border-radius:0px; '><p> <div style='padding-bottom:0px; ' class='av-special-heading av-special-heading-h1  blockquote modern-quote modern-centered  avia-builder-el-4  el_before_av_textblock  avia-builder-el-first   '><h1 class='av-special-heading-tag '  itemprop=\"headline\"  >Sovloft \/ flerb\u00e4ddsrum 1-5 b\u00e4ddar<\/h1><div class ='av-subheading av-subheading_below  ' style='font-size:18px;'><p> Flerb\u00e4ddsrum p\u00e5 ca. 80 kvm med sj\u00e4lvhush\u00e5llning som ligger p\u00e5 andra v\u00e5ningen med egen ing\u00e5ng, balkong, toaletter och soffh\u00f6rna med TV. <\/p>\n<\/div><div class='special-heading-border'><div class='special-heading-inner-border' ><\/div><\/div><\/div> <section class=\"av_textblock_section \"  itemscope=\"itemscope\" itemtype=\"https:\/\/schema.org\/CreativeWork\" ><div class='avia_textblock  '   itemprop=\"text\" ><p style=\"text-align: center;\">Duschen, toalett, g\u00e4stk\u00f6k, matplats och ytterligare en TV finns en trappa ner p\u00e5 v\u00e5ningen under som ibland delas med fler g\u00e4ster.<\/p>\n<p style=\"text-align: center;\">Observera att s\u00e4nglinne, frukost och slutst\u00e4dning inte ing\u00e5r i detta rum men tj\u00e4nsterna g\u00e5r sj\u00e4lvklart att boka till. Vi beh\u00f6ver i s\u00e5 fall veta senast dagen innan ankomst vilka tj\u00e4nster ni \u00f6nskar. G\u00e4sten grovst\u00e4dar sj\u00e4lv. Fem fasta enkels\u00e4ngar finns, v\u00e4nligen kontakta oss om ni \u00e4r fler \u00e4n fem personer och vill hyra Loftet.<\/p>\n<p style=\"text-align: center;\">PRIS: fr\u00e5n 1095kr\/natt Logipriserna varierar n\u00e5got beroende p\u00e5 s\u00e4song V\u00e4lj datum i v\u00e5r bokningskalender f\u00f6r exakt pris just ert \u00f6nskade datum <\/p>\n<\/div><\/section> <\/p><\/div> <\/p>\n<\/p>","protected":false},"excerpt":{"rendered":"","protected":false},"author":2,"featured_media":0,"parent":1231,"menu_order":0,"comment_status":"closed","ping_status":"closed","template":"","meta":{"footnotes":""},"class_list":["post-1232","page","type-page","status-publish","hentry"],"yoast_head":"<!-- This site is optimized with the Yoast SEO plugin v22.8 - https:\/\/yoast.com\/wordpress\/plugins\/seo\/ -->\n<title>Sovloft \/ flerb\u00e4ddsrum 1-5 b\u00e4ddar - Kynnefj\u00e4lls Natur<\/title>\n<meta name=\"robots\" content=\"index, follow, max-snippet:-1, max-image-preview:large, max-video-preview:-1\" \/>\n<link rel=\"canonical\" href=\"https:\/\/kynnefjall.com\/en\/accommodation\/good-to-know\/sovloft-flerbaddsrum-1-5-baddar\/\" \/>\n<meta property=\"og:locale\" content=\"en_US\" \/>\n<meta property=\"og:type\" content=\"article\" \/>\n<meta property=\"og:title\" content=\"Sovloft \/ flerb\u00e4ddsrum 1-5 b\u00e4ddar - Kynnefj\u00e4lls Natur\" \/>\n<meta property=\"og:url\" content=\"https:\/\/kynnefjall.com\/en\/accommodation\/good-to-know\/sovloft-flerbaddsrum-1-5-baddar\/\" \/>\n<meta property=\"og:site_name\" content=\"Kynnefj\u00e4lls Natur\" \/>\n<meta property=\"article:modified_time\" content=\"2020-03-18T05:54:31+00:00\" \/>\n<meta name=\"twitter:card\" content=\"summary_large_image\" \/>\n<meta name=\"twitter:label1\" content=\"Est. reading time\" \/>\n\t<meta name=\"twitter:data1\" content=\"4 minutes\" \/>\n<script type=\"application\/ld+json\" class=\"yoast-schema-graph\">{\"@context\":\"https:\/\/schema.org\",\"@graph\":[{\"@type\":\"WebPage\",\"@id\":\"https:\/\/kynnefjall.com\/en\/accommodation\/good-to-know\/sovloft-flerbaddsrum-1-5-baddar\/\",\"url\":\"https:\/\/kynnefjall.com\/en\/accommodation\/good-to-know\/sovloft-flerbaddsrum-1-5-baddar\/\",\"name\":\"Sovloft \/ flerb\u00e4ddsrum 1-5 b\u00e4ddar - Kynnefj\u00e4lls Natur\",\"isPartOf\":{\"@id\":\"https:\/\/kynnefjall.com\/#website\"},\"datePublished\":\"2020-02-24T10:10:43+00:00\",\"dateModified\":\"2020-03-18T05:54:31+00:00\",\"breadcrumb\":{\"@id\":\"https:\/\/kynnefjall.com\/en\/accommodation\/good-to-know\/sovloft-flerbaddsrum-1-5-baddar\/#breadcrumb\"},\"inLanguage\":\"en-US\",\"potentialAction\":[{\"@type\":\"ReadAction\",\"target\":[\"https:\/\/kynnefjall.com\/en\/accommodation\/good-to-know\/sovloft-flerbaddsrum-1-5-baddar\/\"]}]},{\"@type\":\"BreadcrumbList\",\"@id\":\"https:\/\/kynnefjall.com\/en\/accommodation\/good-to-know\/sovloft-flerbaddsrum-1-5-baddar\/#breadcrumb\",\"itemListElement\":[{\"@type\":\"ListItem\",\"position\":1,\"name\":\"Hem\",\"item\":\"https:\/\/kynnefjall.com\/en\/home\/\"},{\"@type\":\"ListItem\",\"position\":2,\"name\":\"Accommodation\",\"item\":\"https:\/\/kynnefjall.com\/en\/accommodation\/\"},{\"@type\":\"ListItem\",\"position\":3,\"name\":\"Good to know\",\"item\":\"https:\/\/kynnefjall.com\/en\/accommodation\/good-to-know\/\"},{\"@type\":\"ListItem\",\"position\":4,\"name\":\"Sovloft \/ flerb\u00e4ddsrum 1-5 b\u00e4ddar\"}]},{\"@type\":\"WebSite\",\"@id\":\"https:\/\/kynnefjall.com\/#website\",\"url\":\"https:\/\/kynnefjall.com\/\",\"name\":\"Kynnefj\u00e4lls Natur\",\"description\":\"\",\"potentialAction\":[{\"@type\":\"SearchAction\",\"target\":{\"@type\":\"EntryPoint\",\"urlTemplate\":\"https:\/\/kynnefjall.com\/?s={search_term_string}\"},\"query-input\":\"required name=search_term_string\"}],\"inLanguage\":\"en-US\"}]}<\/script>\n<!-- \/ Yoast SEO plugin. -->","yoast_head_json":{"title":"Sovloft \/ flerb\u00e4ddsrum 1-5 b\u00e4ddar - Kynnefj\u00e4lls Natur","robots":{"index":"index","follow":"follow","max-snippet":"max-snippet:-1","max-image-preview":"max-image-preview:large","max-video-preview":"max-video-preview:-1"},"canonical":"https:\/\/kynnefjall.com\/en\/accommodation\/good-to-know\/sovloft-flerbaddsrum-1-5-baddar\/","og_locale":"en_US","og_type":"article","og_title":"Sovloft \/ flerb\u00e4ddsrum 1-5 b\u00e4ddar - Kynnefj\u00e4lls Natur","og_url":"https:\/\/kynnefjall.com\/en\/accommodation\/good-to-know\/sovloft-flerbaddsrum-1-5-baddar\/","og_site_name":"Kynnefj\u00e4lls Natur","article_modified_time":"2020-03-18T05:54:31+00:00","twitter_card":"summary_large_image","twitter_misc":{"Est. reading time":"4 minutes"},"schema":{"@context":"https:\/\/schema.org","@graph":[{"@type":"WebPage","@id":"https:\/\/kynnefjall.com\/en\/accommodation\/good-to-know\/sovloft-flerbaddsrum-1-5-baddar\/","url":"https:\/\/kynnefjall.com\/en\/accommodation\/good-to-know\/sovloft-flerbaddsrum-1-5-baddar\/","name":"Sovloft \/ flerb\u00e4ddsrum 1-5 b\u00e4ddar - Kynnefj\u00e4lls Natur","isPartOf":{"@id":"https:\/\/kynnefjall.com\/#website"},"datePublished":"2020-02-24T10:10:43+00:00","dateModified":"2020-03-18T05:54:31+00:00","breadcrumb":{"@id":"https:\/\/kynnefjall.com\/en\/accommodation\/good-to-know\/sovloft-flerbaddsrum-1-5-baddar\/#breadcrumb"},"inLanguage":"en-US","potentialAction":[{"@type":"ReadAction","target":["https:\/\/kynnefjall.com\/en\/accommodation\/good-to-know\/sovloft-flerbaddsrum-1-5-baddar\/"]}]},{"@type":"BreadcrumbList","@id":"https:\/\/kynnefjall.com\/en\/accommodation\/good-to-know\/sovloft-flerbaddsrum-1-5-baddar\/#breadcrumb","itemListElement":[{"@type":"ListItem","position":1,"name":"Hem","item":"https:\/\/kynnefjall.com\/en\/home\/"},{"@type":"ListItem","position":2,"name":"Accommodation","item":"https:\/\/kynnefjall.com\/en\/accommodation\/"},{"@type":"ListItem","position":3,"name":"Good to know","item":"https:\/\/kynnefjall.com\/en\/accommodation\/good-to-know\/"},{"@type":"ListItem","position":4,"name":"Sovloft \/ flerb\u00e4ddsrum 1-5 b\u00e4ddar"}]},{"@type":"WebSite","@id":"https:\/\/kynnefjall.com\/#website","url":"https:\/\/kynnefjall.com\/","name":"Kynnefj\u00e4lls Natur","description":"","potentialAction":[{"@type":"SearchAction","target":{"@type":"EntryPoint","urlTemplate":"https:\/\/kynnefjall.com\/?s={search_term_string}"},"query-input":"required name=search_term_string"}],"inLanguage":"en-US"}]}},"_links":{"self":[{"href":"https:\/\/kynnefjall.com\/en\/wp-json\/wp\/v2\/pages\/1232","targetHints":{"allow":["GET"]}}],"collection":[{"href":"https:\/\/kynnefjall.com\/en\/wp-json\/wp\/v2\/pages"}],"about":[{"href":"https:\/\/kynnefjall.com\/en\/wp-json\/wp\/v2\/types\/page"}],"author":[{"embeddable":true,"href":"https:\/\/kynnefjall.com\/en\/wp-json\/wp\/v2\/users\/2"}],"replies":[{"embeddable":true,"href":"https:\/\/kynnefjall.com\/en\/wp-json\/wp\/v2\/comments?post=1232"}],"version-history":[{"count":2,"href":"https:\/\/kynnefjall.com\/en\/wp-json\/wp\/v2\/pages\/1232\/revisions"}],"predecessor-version":[{"id":1251,"href":"https:\/\/kynnefjall.com\/en\/wp-json\/wp\/v2\/pages\/1232\/revisions\/1251"}],"up":[{"embeddable":true,"href":"https:\/\/kynnefjall.com\/en\/wp-json\/wp\/v2\/pages\/1231"}],"wp:attachment":[{"href":"https:\/\/kynnefjall.com\/en\/wp-json\/wp\/v2\/media?parent=1232"}],"curies":[{"name":"wp","href":"https:\/\/api.w.org\/{rel}","templated":true}]}}