{"id":1198,"date":"2020-02-25T14:54:19","date_gmt":"2020-02-25T13:54:19","guid":{"rendered":"http:\/\/kynnefjall.com\/hem\/"},"modified":"2025-07-15T21:50:48","modified_gmt":"2025-07-15T19:50:48","slug":"home","status":"publish","type":"page","link":"https:\/\/kynnefjall.com\/en\/","title":{"rendered":"Home"},"content":{"rendered":"<div id='fullscreen_slider_1' class='avia-fullscreen-slider main_color   avia-builder-el-0  el_before_av_section  avia-builder-el-first   container_wrap fullsize' style=' '  ><a href='#next-section' title='' class='scroll-down-link av-control-default' aria-hidden='true' data-av_icon='\ue877' data-av_iconfont='entypo-fontello'><\/a><div  data-size='no scaling'  data-lightbox_size='large'  data-animation='fade'  data-conditional_play=''  data-ids='1994,1998,3867,3857,3879'  data-video_counter='0'  data-autoplay='true'  data-bg_slider='true'  data-slide_height='100'  data-handle='av_fullscreen'  data-interval='5'  data-class=' '  data-css_id='fullscreen_slider_1'  data-scroll_down='aviaTBscroll_down'  data-control_layout='av-control-default'  data-custom_markup=''  data-perma_caption='aviaTBperma_caption'  data-autoplay_stopper=''  data-image_attachment=''  data-min_height='0px'  data-stretch=''  class='avia-slideshow avia-slideshow-1 av-slider-scroll-down-active av-control-default av-default-height-applied avia-slideshow-no scaling av_fullscreen   avia-fade-slider '  itemprop=\"image\" itemscope=\"itemscope\" itemtype=\"https:\/\/schema.org\/ImageObject\" ><ul class='avia-slideshow-inner ' style='padding-bottom: 74.7%;' ><li style='background-position:center center;' data-img-url='https:\/\/kynnefjall.com\/wp-content\/uploads\/2020\/05\/\u00f6rekils\u00e4lven-utsikt-natur-taget-med-iphone.jpg' class=' slide-1 ' ><div data-rel='slideshow-1' class='avia-slide-wrap '   ><div class='av-section-color-overlay' style='opacity: 0.3; background-color: #0a0a0a; '><\/div><\/div><\/li><li style='background-position:center center;' data-img-url='https:\/\/kynnefjall.com\/wp-content\/uploads\/2020\/05\/huvudbyggnad-kynnefj\u00e4llsnatur-anl\u00e4ggning-1.jpg' class=' slide-2 ' ><div data-rel='slideshow-1' class='avia-slide-wrap '   ><div class='av-section-color-overlay' style='opacity: 0.3; background-color: #0a0a0a; '><\/div><\/div><\/li><li style='background-position:center center;' data-img-url='https:\/\/kynnefjall.com\/wp-content\/uploads\/2020\/05\/naturb\u00e4ck-vatten-30.jpg' class=' slide-3 ' ><div data-rel='slideshow-1' class='avia-slide-wrap '   ><div class='av-section-color-overlay' style='opacity: 0.3; background-color: #0a0a0a; '><\/div><\/div><\/li><li style='background-position:center center;' data-img-url='https:\/\/kynnefjall.com\/wp-content\/uploads\/2020\/05\/natur-h\u00f6st.jpg' class=' slide-4 ' ><div data-rel='slideshow-1' class='avia-slide-wrap '   ><div class='av-section-color-overlay' style='opacity: 0.4; background-color: #0a0a0a; '><\/div><\/div><\/li><li style='background-position:center center;' data-img-url='https:\/\/kynnefjall.com\/wp-content\/uploads\/2020\/05\/sm\u00f6rblommor-sommar.jpg' class=' slide-5 ' ><div data-rel='slideshow-1' class='avia-slide-wrap '   ><div class='av-section-color-overlay' style='opacity: 0.3; background-color: #0a0a0a; '><\/div><\/div><\/li><\/ul><div class='avia-slideshow-arrows avia-slideshow-controls'><a href='#prev' class='prev-slide' aria-hidden='true' data-av_icon='\ue87c' data-av_iconfont='entypo-fontello'>Previous<\/a><a href='#next' class='next-slide' aria-hidden='true' data-av_icon='\ue87d' data-av_iconfont='entypo-fontello'>Next<\/a><\/div><div class='avia-slideshow-dots avia-slideshow-controls'><a href='#1' class='goto-slide active' >1<\/a><a href='#2' class='goto-slide ' >2<\/a><a href='#3' class='goto-slide ' >3<\/a><a href='#4' class='goto-slide ' >4<\/a><a href='#5' class='goto-slide ' >5<\/a><\/div><div class = \"caption_fullwidth av-slideshow-caption caption_center\"><div class = \"container caption_container\"><div class = \"slideshow_caption\"><div class = \"slideshow_inner_caption\"><div class = \"slideshow_align_caption\"><div class='avia-caption-content  '  itemprop=\"description\"  ><h1>The Kynnefj\u00e4ll adventure begins here!<\/h1>\n<p>Hiking &#8211; sights &#8211; hunting &#8211; fishing &#8211; rooms &#8211; cabins<\/p>\n<\/div><\/div><\/div><\/div><\/div><\/div><\/div><\/div>\n<div id='av_section_1' class='avia-section main_color avia-section-small avia-no-border-styling avia-bg-style-scroll  avia-builder-el-1  el_after_av_fullscreen  el_before_av_section  booking-section  container_wrap fullsize' style='background-color: #f6f6f6;  '  ><div class='container' ><div class='template-page content  av-content-full alpha units'><div class='post-entry post-entry-type-page post-entry-1198'><div class='entry-content-wrapper clearfix'>\n<div class=\"flex_column av_two_third  flex_column_div av-zero-column-padding first  avia-builder-el-2  el_before_av_one_third  avia-builder-el-first  \" style='border-radius:0px; '><p><div style='padding-bottom:10px; ' class='av-special-heading av-special-heading-h2  blockquote modern-quote  avia-builder-el-3  el_before_av_textblock  avia-builder-el-first   '><h2 class='av-special-heading-tag '  itemprop=\"headline\"  >Welcome to<br \/>\nKynnefj\u00e4llsNatur!<\/h2><div class='special-heading-border'><div class='special-heading-inner-border' ><\/div><\/div><\/div><br \/>\n<section class=\"av_textblock_section \"  itemscope=\"itemscope\" itemtype=\"https:\/\/schema.org\/CreativeWork\" ><div class='avia_textblock  '   itemprop=\"text\" ><p>Only an hour&#8217;s drive from Svinesund and 1.5 hours from Gothenburg lies this fantastic gem. You will find us on the famous Kynnefj\u00e4ll. We have real home-cooked food from scratch, with game, berries and mushrooms from Kynnefj\u00e4ll&#8217;s own forests. Conference in a converted barn. Live in the middle of the forest. Get Fj\u00e4llet&#8217;s exciting story with local heroes and a 20-year-long protest action told to you.<\/p>\n<\/div><\/section><\/p><\/div><div class=\"flex_column av_one_third  flex_column_div av-zero-column-padding   avia-builder-el-5  el_after_av_two_third  el_before_av_one_third  \" style='border-radius:0px; '><div class='avia-button-wrap avia-button-center  avia-builder-el-6  avia-builder-el-no-sibling  '><a href='https:\/\/592423222a024.sirvoy.me'  class='avia-button   avia-icon_select-no avia-color-theme-color avia-size-small avia-position-center '  target=\"_blank\"   ><span class='avia_iconbox_title' >Book now<\/span><\/a><\/div><\/div><div class=\"flex_column av_one_third  flex_column_div av-zero-column-padding first  avia-builder-el-7  el_after_av_one_third  avia-builder-el-last  column-top-margin\" style='border-radius:0px; '><div class='avia-button-wrap avia-button-center  avia-builder-el-8  avia-builder-el-no-sibling  '><a href='https:\/\/kynnefjall.com\/en\/offers-packages\/'  class='avia-button   avia-icon_select-no avia-color-green avia-size-medium avia-position-center '   ><span class='avia_iconbox_title' >Click to see our offers!<\/span><\/a><\/div><\/div>\n\n<\/div><\/div><\/div><!-- close content main div --><\/div><\/div><div id='av_section_2' class='avia-section main_color avia-section-default avia-no-border-styling avia-bg-style-scroll  avia-builder-el-9  el_after_av_section  el_before_av_section  who_r_section  container_wrap fullsize' style=' '  ><div class='container' ><div class='template-page content  av-content-full alpha units'><div class='post-entry post-entry-type-page post-entry-1198'><div class='entry-content-wrapper clearfix'>\n<div style='padding-bottom:10px; margin-bottom:0; ' class='av-special-heading av-special-heading-h3  blockquote modern-quote modern-centered  avia-builder-el-10  el_before_av_one_third  avia-builder-el-first   '><h3 class='av-special-heading-tag '  itemprop=\"headline\"  >Who are you?<\/h3><div class ='av-subheading av-subheading_below  ' style='font-size:19px;'><p>We&#8217;ve put together a few different suggestions based on what your interests are&#8230;<\/p>\n<\/div><div class='special-heading-border'><div class='special-heading-inner-border' ><\/div><\/div><\/div>\n<div class=\"flex_column av_one_third  flex_column_div av-zero-column-padding avia-link-column av-column-link first  avia-builder-el-11  el_after_av_heading  el_before_av_one_third   \" style='border-radius:0px; ' data-link-column-url=\"https:\/\/kynnefjall.com\/nyfikna-upptackaren\/\" ><a class=\"av-screen-reader-only\" href=https:\/\/kynnefjall.com\/nyfikna-upptackaren\/ >Link to: Nyfikna uppt\u00e4ckaren<\/a><div class='avia-image-container  av-styling-no-styling  noHover  av-overlay-hover-deactivate   avia-builder-el-12  avia-builder-el-no-sibling   avia-align-center '  itemprop=\"image\" itemscope=\"itemscope\" itemtype=\"https:\/\/schema.org\/ImageObject\"  ><div class='avia-image-container-inner'><div class='avia-image-overlay-wrap'><div class='av-image-caption-overlay'><div class='av-caption-image-overlay-bg' style='opacity:0.3; background-color:#0a0a0a; '><\/div><div class='av-image-caption-overlay-position'><div class='av-image-caption-overlay-center' style='color:#ffffff; '><h4>The curious discoverer<\/h4>\n<\/div><\/div><\/div><img class='avia_image' src='https:\/\/kynnefjall.com\/wp-content\/uploads\/2020\/03\/svampnatur.jpg' alt='' title='svampnatur' height=\"571\" width=\"762\"  itemprop=\"thumbnailUrl\"  \/><\/div><\/div><\/div><\/div><div class=\"flex_column av_one_third  flex_column_div av-zero-column-padding avia-link-column av-column-link   avia-builder-el-13  el_after_av_one_third  el_before_av_one_third   \" style='border-radius:0px; ' data-link-column-url=\"https:\/\/kynnefjall.com\/barnfamiljen\/\" ><a class=\"av-screen-reader-only\" href=https:\/\/kynnefjall.com\/barnfamiljen\/ >Link to: Barnfamiljen<\/a><div class='avia-image-container  av-styling-no-styling  noHover  av-overlay-hover-deactivate   avia-builder-el-14  avia-builder-el-no-sibling   avia-align-center '  itemprop=\"image\" itemscope=\"itemscope\" itemtype=\"https:\/\/schema.org\/ImageObject\"  ><div class='avia-image-container-inner'><div class='avia-image-overlay-wrap'><div class='av-image-caption-overlay'><div class='av-caption-image-overlay-bg' style='opacity:0.3; background-color:#0a0a0a; '><\/div><div class='av-image-caption-overlay-position'><div class='av-image-caption-overlay-center' style='color:#ffffff; '><h4>The family with children<\/h4>\n<\/div><\/div><\/div><img class='avia_image' src='https:\/\/kynnefjall.com\/wp-content\/uploads\/2020\/02\/kynnefjall_img43-845x684.jpg' alt='' title='kynnefjall_img43' height=\"684\" width=\"845\"  itemprop=\"thumbnailUrl\"  \/><\/div><\/div><\/div><\/div><div class=\"flex_column av_one_third  flex_column_div av-zero-column-padding avia-link-column av-column-link   avia-builder-el-15  el_after_av_one_third  el_before_av_one_third   \" style='border-radius:0px; ' data-link-column-url=\"https:\/\/kynnefjall.com\/foretag\/\" ><a class=\"av-screen-reader-only\" href=https:\/\/kynnefjall.com\/foretag\/ >Link to: F\u00f6retag<\/a><div class='avia-image-container  av-styling-no-styling  noHover  av-overlay-hover-deactivate   avia-builder-el-16  avia-builder-el-no-sibling   avia-align-center '  itemprop=\"image\" itemscope=\"itemscope\" itemtype=\"https:\/\/schema.org\/ImageObject\"  ><div class='avia-image-container-inner'><div class='avia-image-overlay-wrap'><div class='av-image-caption-overlay'><div class='av-caption-image-overlay-bg' style='opacity:0.3; background-color:#0a0a0a; '><\/div><div class='av-image-caption-overlay-position'><div class='av-image-caption-overlay-center' style='color:#ffffff; '><h4>Business<\/h4>\n<\/div><\/div><\/div><img class='avia_image' src='https:\/\/kynnefjall.com\/wp-content\/uploads\/2020\/05\/konferens-logen-1030x773.jpg' alt='' title='konferens logen' height=\"773\" width=\"1030\"  itemprop=\"thumbnailUrl\"  \/><\/div><\/div><\/div><\/div><div class=\"flex_column av_one_third  flex_column_div av-zero-column-padding avia-link-column av-column-link first  avia-builder-el-17  el_after_av_one_third  el_before_av_one_third   column-top-margin\" style='border-radius:0px; ' data-link-column-url=\"https:\/\/kynnefjall.com\/grupper-konferens\/grupper\/\" ><a class=\"av-screen-reader-only\" href=https:\/\/kynnefjall.com\/grupper-konferens\/grupper\/ >Link to: Grupper<\/a><div class='avia-image-container  av-styling-no-styling  noHover  av-overlay-hover-deactivate   avia-builder-el-18  avia-builder-el-no-sibling   avia-align-center '  itemprop=\"image\" itemscope=\"itemscope\" itemtype=\"https:\/\/schema.org\/ImageObject\"  ><div class='avia-image-container-inner'><div class='avia-image-overlay-wrap'><a href='https:\/\/kynnefjall.com\/grupper-konferens\/grupper\/' class='avia_image'  ><div class='av-image-caption-overlay'><div class='av-caption-image-overlay-bg' style='opacity:0.3; background-color:#0a0a0a; '><\/div><div class='av-image-caption-overlay-position'><div class='av-image-caption-overlay-center' style='color:#ffffff; '><h4>Groups<\/h4>\n<\/div><\/div><\/div><img class='avia_image ' src='https:\/\/kynnefjall.com\/wp-content\/uploads\/2020\/02\/kynnefjall_img8-1-845x684.jpg' alt='' title='kynnefjall_img8'  itemprop=\"thumbnailUrl\"  \/><\/a><\/div><\/div><\/div><\/div><div class=\"flex_column av_one_third  flex_column_div av-zero-column-padding avia-link-column av-column-link   avia-builder-el-19  el_after_av_one_third  avia-builder-el-last   column-top-margin\" style='border-radius:0px; ' data-link-column-url=\"https:\/\/kynnefjall.com\/aktiviteter-aventyr\/jakt-och-fiske\/\" ><a class=\"av-screen-reader-only\" href=https:\/\/kynnefjall.com\/aktiviteter-aventyr\/jakt-och-fiske\/ >Link to: Jakt och fiske<\/a><div class='avia-image-container  av-styling-no-styling  noHover  av-overlay-hover-deactivate   avia-builder-el-20  avia-builder-el-no-sibling   avia-align-center '  itemprop=\"image\" itemscope=\"itemscope\" itemtype=\"https:\/\/schema.org\/ImageObject\"  ><div class='avia-image-container-inner'><div class='avia-image-overlay-wrap'><a href='https:\/\/kynnefjall.com\/aktiviteter-aventyr\/jakt-och-fiske\/' class='avia_image'  ><div class='av-image-caption-overlay'><div class='av-caption-image-overlay-bg' style='opacity:0.3; background-color:#0a0a0a; '><\/div><div class='av-image-caption-overlay-position'><div class='av-image-caption-overlay-center' style='color:#ffffff; '><h4>The Hunter and the Fisherman<\/h4>\n<\/div><\/div><\/div><img class='avia_image ' src='https:\/\/kynnefjall.com\/wp-content\/uploads\/2020\/02\/kynnefjall_img34-845x684.jpg' alt='' title='kynnefjall_img34'  itemprop=\"thumbnailUrl\"  \/><\/a><\/div><\/div><\/div><\/div>\n\n<\/div><\/div><\/div><!-- close content main div --><\/div><\/div><div id='av_section_3' class='avia-section main_color avia-section-default avia-no-border-styling avia-bg-style-scroll  avia-builder-el-21  el_after_av_section  el_before_av_section    container_wrap fullsize' style='background-color: #f6f6f6;  '  ><div class='container' ><div class='template-page content  av-content-full alpha units'><div class='post-entry post-entry-type-page post-entry-1198'><div class='entry-content-wrapper clearfix'>\n\n<\/div><\/div><\/div><!-- close content main div --><\/div><\/div><div id='av_section_4' class='avia-section main_color avia-section-default avia-no-border-styling avia-bg-style-scroll  avia-builder-el-23  el_after_av_section  el_before_av_layout_row    container_wrap fullsize' style='background-color: #f6f6f6;  '  ><div class='container' ><div class='template-page content  av-content-full alpha units'><div class='post-entry post-entry-type-page post-entry-1198'><div class='entry-content-wrapper clearfix'>\n<div style='padding-bottom:10px; ' class='av-special-heading av-special-heading-h3  blockquote modern-quote modern-centered  avia-builder-el-24  el_before_av_codeblock  avia-builder-el-first   '><h3 class='av-special-heading-tag '  itemprop=\"headline\"  >Images from Instagram<\/h3><div class='special-heading-border'><div class='special-heading-inner-border' ><\/div><\/div><\/div>\n\n<\/p>\n<\/div><\/div><\/div><!-- close content main div --><\/div><\/div><div id='av-layout-grid-1' class='av-layout-grid-container entry-content-wrapper main_color av-flex-cells    avia-builder-el-26  el_after_av_section  avia-builder-el-last  submenu-not-first container_wrap fullsize' style=' '  >\n<div class=\"flex_cell no_margin av_one_full  avia-builder-el-27  avia-builder-el-no-sibling    av-zero-padding \" style='vertical-align:top; padding:0px; '><div class='flex_cell_inner' >\n<\/div><\/div>\n<\/div>\n","protected":false},"excerpt":{"rendered":"","protected":false},"author":2,"featured_media":345,"parent":0,"menu_order":0,"comment_status":"closed","ping_status":"closed","template":"","meta":{"footnotes":""},"class_list":["post-1198","page","type-page","status-publish","has-post-thumbnail","hentry"],"yoast_head":"<!-- This site is optimized with the Yoast SEO plugin v22.8 - https:\/\/yoast.com\/wordpress\/plugins\/seo\/ -->\n<title>Home - Kynnefj\u00e4lls Natur<\/title>\n<meta name=\"robots\" content=\"index, follow, max-snippet:-1, max-image-preview:large, max-video-preview:-1\" \/>\n<link rel=\"canonical\" href=\"https:\/\/kynnefjall.com\/en\/home\/\" \/>\n<meta property=\"og:locale\" content=\"en_US\" \/>\n<meta property=\"og:type\" content=\"article\" \/>\n<meta property=\"og:title\" content=\"Home - Kynnefj\u00e4lls Natur\" \/>\n<meta property=\"og:url\" content=\"https:\/\/kynnefjall.com\/en\/home\/\" \/>\n<meta property=\"og:site_name\" content=\"Kynnefj\u00e4lls Natur\" \/>\n<meta property=\"article:modified_time\" content=\"2025-07-15T19:50:48+00:00\" \/>\n<meta property=\"og:image\" content=\"https:\/\/kynnefjall.com\/wp-content\/uploads\/2020\/02\/kynnefjall_banner_01.jpg\" \/>\n\t<meta property=\"og:image:width\" content=\"1903\" \/>\n\t<meta property=\"og:image:height\" content=\"660\" \/>\n\t<meta property=\"og:image:type\" content=\"image\/jpeg\" \/>\n<meta name=\"twitter:card\" content=\"summary_large_image\" \/>\n<meta name=\"twitter:label1\" content=\"Est. reading time\" \/>\n\t<meta name=\"twitter:data1\" content=\"6 minutes\" \/>\n<script type=\"application\/ld+json\" class=\"yoast-schema-graph\">{\"@context\":\"https:\/\/schema.org\",\"@graph\":[{\"@type\":\"WebPage\",\"@id\":\"https:\/\/kynnefjall.com\/en\/home\/\",\"url\":\"https:\/\/kynnefjall.com\/en\/home\/\",\"name\":\"Home - Kynnefj\u00e4lls Natur\",\"isPartOf\":{\"@id\":\"https:\/\/kynnefjall.com\/#website\"},\"primaryImageOfPage\":{\"@id\":\"https:\/\/kynnefjall.com\/en\/home\/#primaryimage\"},\"image\":{\"@id\":\"https:\/\/kynnefjall.com\/en\/home\/#primaryimage\"},\"thumbnailUrl\":\"https:\/\/kynnefjall.com\/wp-content\/uploads\/2020\/02\/kynnefjall_banner_01.jpg\",\"datePublished\":\"2020-02-25T13:54:19+00:00\",\"dateModified\":\"2025-07-15T19:50:48+00:00\",\"breadcrumb\":{\"@id\":\"https:\/\/kynnefjall.com\/en\/home\/#breadcrumb\"},\"inLanguage\":\"en-US\",\"potentialAction\":[{\"@type\":\"ReadAction\",\"target\":[\"https:\/\/kynnefjall.com\/en\/home\/\"]}]},{\"@type\":\"ImageObject\",\"inLanguage\":\"en-US\",\"@id\":\"https:\/\/kynnefjall.com\/en\/home\/#primaryimage\",\"url\":\"https:\/\/kynnefjall.com\/wp-content\/uploads\/2020\/02\/kynnefjall_banner_01.jpg\",\"contentUrl\":\"https:\/\/kynnefjall.com\/wp-content\/uploads\/2020\/02\/kynnefjall_banner_01.jpg\",\"width\":1903,\"height\":660},{\"@type\":\"BreadcrumbList\",\"@id\":\"https:\/\/kynnefjall.com\/en\/home\/#breadcrumb\",\"itemListElement\":[{\"@type\":\"ListItem\",\"position\":1,\"name\":\"Hem\",\"item\":\"https:\/\/kynnefjall.com\/en\/home\/\"},{\"@type\":\"ListItem\",\"position\":2,\"name\":\"Home\"}]},{\"@type\":\"WebSite\",\"@id\":\"https:\/\/kynnefjall.com\/#website\",\"url\":\"https:\/\/kynnefjall.com\/\",\"name\":\"Kynnefj\u00e4lls Natur\",\"description\":\"\",\"potentialAction\":[{\"@type\":\"SearchAction\",\"target\":{\"@type\":\"EntryPoint\",\"urlTemplate\":\"https:\/\/kynnefjall.com\/?s={search_term_string}\"},\"query-input\":\"required name=search_term_string\"}],\"inLanguage\":\"en-US\"}]}<\/script>\n<!-- \/ Yoast SEO plugin. -->","yoast_head_json":{"title":"Home - Kynnefj\u00e4lls Natur","robots":{"index":"index","follow":"follow","max-snippet":"max-snippet:-1","max-image-preview":"max-image-preview:large","max-video-preview":"max-video-preview:-1"},"canonical":"https:\/\/kynnefjall.com\/en\/home\/","og_locale":"en_US","og_type":"article","og_title":"Home - Kynnefj\u00e4lls Natur","og_url":"https:\/\/kynnefjall.com\/en\/home\/","og_site_name":"Kynnefj\u00e4lls Natur","article_modified_time":"2025-07-15T19:50:48+00:00","og_image":[{"width":1903,"height":660,"url":"https:\/\/kynnefjall.com\/wp-content\/uploads\/2020\/02\/kynnefjall_banner_01.jpg","type":"image\/jpeg"}],"twitter_card":"summary_large_image","twitter_misc":{"Est. reading time":"6 minutes"},"schema":{"@context":"https:\/\/schema.org","@graph":[{"@type":"WebPage","@id":"https:\/\/kynnefjall.com\/en\/home\/","url":"https:\/\/kynnefjall.com\/en\/home\/","name":"Home - Kynnefj\u00e4lls Natur","isPartOf":{"@id":"https:\/\/kynnefjall.com\/#website"},"primaryImageOfPage":{"@id":"https:\/\/kynnefjall.com\/en\/home\/#primaryimage"},"image":{"@id":"https:\/\/kynnefjall.com\/en\/home\/#primaryimage"},"thumbnailUrl":"https:\/\/kynnefjall.com\/wp-content\/uploads\/2020\/02\/kynnefjall_banner_01.jpg","datePublished":"2020-02-25T13:54:19+00:00","dateModified":"2025-07-15T19:50:48+00:00","breadcrumb":{"@id":"https:\/\/kynnefjall.com\/en\/home\/#breadcrumb"},"inLanguage":"en-US","potentialAction":[{"@type":"ReadAction","target":["https:\/\/kynnefjall.com\/en\/home\/"]}]},{"@type":"ImageObject","inLanguage":"en-US","@id":"https:\/\/kynnefjall.com\/en\/home\/#primaryimage","url":"https:\/\/kynnefjall.com\/wp-content\/uploads\/2020\/02\/kynnefjall_banner_01.jpg","contentUrl":"https:\/\/kynnefjall.com\/wp-content\/uploads\/2020\/02\/kynnefjall_banner_01.jpg","width":1903,"height":660},{"@type":"BreadcrumbList","@id":"https:\/\/kynnefjall.com\/en\/home\/#breadcrumb","itemListElement":[{"@type":"ListItem","position":1,"name":"Hem","item":"https:\/\/kynnefjall.com\/en\/home\/"},{"@type":"ListItem","position":2,"name":"Home"}]},{"@type":"WebSite","@id":"https:\/\/kynnefjall.com\/#website","url":"https:\/\/kynnefjall.com\/","name":"Kynnefj\u00e4lls Natur","description":"","potentialAction":[{"@type":"SearchAction","target":{"@type":"EntryPoint","urlTemplate":"https:\/\/kynnefjall.com\/?s={search_term_string}"},"query-input":"required name=search_term_string"}],"inLanguage":"en-US"}]}},"_links":{"self":[{"href":"https:\/\/kynnefjall.com\/en\/wp-json\/wp\/v2\/pages\/1198","targetHints":{"allow":["GET"]}}],"collection":[{"href":"https:\/\/kynnefjall.com\/en\/wp-json\/wp\/v2\/pages"}],"about":[{"href":"https:\/\/kynnefjall.com\/en\/wp-json\/wp\/v2\/types\/page"}],"author":[{"embeddable":true,"href":"https:\/\/kynnefjall.com\/en\/wp-json\/wp\/v2\/users\/2"}],"replies":[{"embeddable":true,"href":"https:\/\/kynnefjall.com\/en\/wp-json\/wp\/v2\/comments?post=1198"}],"version-history":[{"count":6,"href":"https:\/\/kynnefjall.com\/en\/wp-json\/wp\/v2\/pages\/1198\/revisions"}],"predecessor-version":[{"id":8451,"href":"https:\/\/kynnefjall.com\/en\/wp-json\/wp\/v2\/pages\/1198\/revisions\/8451"}],"wp:featuredmedia":[{"embeddable":true,"href":"https:\/\/kynnefjall.com\/en\/wp-json\/wp\/v2\/media\/345"}],"wp:attachment":[{"href":"https:\/\/kynnefjall.com\/en\/wp-json\/wp\/v2\/media?parent=1198"}],"curies":[{"name":"wp","href":"https:\/\/api.w.org\/{rel}","templated":true}]}}