{"id":1164,"date":"2020-02-25T06:44:33","date_gmt":"2020-02-25T05:44:33","guid":{"rendered":"http:\/\/kynnefjall.com\/grupper-konferens\/konferenser\/dagkonferens\/"},"modified":"2024-09-09T03:31:52","modified_gmt":"2024-09-09T01:31:52","slug":"day-conference","status":"publish","type":"page","link":"https:\/\/kynnefjall.com\/en\/groups-conference\/conference\/day-conference\/","title":{"rendered":"Day conference"},"content":{"rendered":"<div id='full_slider_1' class='avia-fullwidth-slider main_color avia-shadow  av-small-hide av-mini-hide  avia-builder-el-0  el_before_av_slideshow_full  avia-builder-el-first   container_wrap fullsize' style=' '  ><div  data-size='desktop_banner'  data-lightbox_size='large'  data-animation='slide'  data-conditional_play=''  data-ids='1983,1985,1998'  data-video_counter='0'  data-autoplay='false'  data-bg_slider='false'  data-slide_height=''  data-handle='av_slideshow_full'  data-interval='5'  data-class=' '  data-css_id=''  data-scroll_down=''  data-control_layout='av-control-default'  data-custom_markup=''  data-perma_caption=''  data-autoplay_stopper=''  data-image_attachment=''  data-min_height='0px'  data-src=''  data-position='top left'  data-repeat='no-repeat'  data-attach='scroll'  data-stretch=''  data-default-height='31.25'  class='avia-slideshow avia-slideshow-1  av-control-default av-default-height-applied avia-slideshow-desktop_banner av_slideshow_full   avia-slide-slider '  itemprop=\"image\" itemscope=\"itemscope\" itemtype=\"https:\/\/schema.org\/ImageObject\" ><ul class='avia-slideshow-inner ' style='padding-bottom: 31.25%;' ><li  class=' slide-1 ' ><div data-rel='slideshow-1' class='avia-slide-wrap '   ><img src='https:\/\/kynnefjall.com\/wp-content\/uploads\/2020\/05\/KONFERENS-9-1920x600.jpg' width='1920' height='600' title='KONFERENS (9)' alt=''  itemprop=\"thumbnailUrl\"   \/><\/div><\/li><li  class=' slide-2 ' ><div data-rel='slideshow-1' class='avia-slide-wrap '   ><img src='https:\/\/kynnefjall.com\/wp-content\/uploads\/2020\/05\/konferens-logen-1920x600.jpg' width='1920' height='600' title='konferens logen' alt=''  itemprop=\"thumbnailUrl\"   \/><\/div><\/li><li  class=' slide-3 ' ><div data-rel='slideshow-1' class='avia-slide-wrap '   ><img src='https:\/\/kynnefjall.com\/wp-content\/uploads\/2020\/05\/huvudbyggnad-kynnefj\u00e4llsnatur-anl\u00e4ggning-1-1920x600.jpg' width='1920' height='600' title='huvudbyggnad kynnefj\u00e4llsnatur anl\u00e4ggning (1)' alt=''  itemprop=\"thumbnailUrl\"   \/><\/div><\/li><\/ul><div class='avia-slideshow-arrows avia-slideshow-controls'><a href='#prev' class='prev-slide' aria-hidden='true' data-av_icon='\ue87c' data-av_iconfont='entypo-fontello'>Previous<\/a><a href='#next' class='next-slide' aria-hidden='true' data-av_icon='\ue87d' data-av_iconfont='entypo-fontello'>Next<\/a><\/div><div class='avia-slideshow-dots avia-slideshow-controls'><a href='#1' class='goto-slide active' >1<\/a><a href='#2' class='goto-slide ' >2<\/a><a href='#3' class='goto-slide ' >3<\/a><\/div><\/div><\/div>\n<div id='full_slider_2' class='avia-fullwidth-slider main_color avia-shadow  av-desktop-hide av-medium-hide  avia-builder-el-1  el_after_av_slideshow_full  el_before_av_section   slider-not-first container_wrap fullsize' style=' '  ><div  data-size='large'  data-lightbox_size='large'  data-animation='slide'  data-conditional_play=''  data-ids='344'  data-video_counter='0'  data-autoplay='false'  data-bg_slider='false'  data-slide_height=''  data-handle='av_slideshow_full'  data-interval='5'  data-class=' '  data-css_id=''  data-scroll_down=''  data-control_layout='av-control-default'  data-custom_markup=''  data-perma_caption=''  data-autoplay_stopper=''  data-image_attachment=''  data-min_height='300px'  data-src=''  data-position='top left'  data-repeat='no-repeat'  data-attach='scroll'  data-stretch=''  class='avia-slideshow avia-slideshow-2  av-control-default av-default-height-applied avia-slideshow-large av_slideshow_full   avia-slide-slider '  itemprop=\"image\" itemscope=\"itemscope\" itemtype=\"https:\/\/schema.org\/ImageObject\" ><ul class='avia-slideshow-inner ' style='padding-bottom: 34.660194174757%;' ><li  class=' av-single-slide slide-1 ' ><div data-rel='slideshow-2' class='avia-slide-wrap '   ><img src='https:\/\/kynnefjall.com\/wp-content\/uploads\/2020\/02\/kynnefjall_banner_01-1030x357.jpg' width='1030' height='357' title='kynnefjall_banner_01' alt=''  itemprop=\"thumbnailUrl\"  style='min-height:300px; min-width:866px; ' \/><\/div><\/li><\/ul><\/div><\/div>\n<div id='av_section_1' class='avia-section main_color avia-section-default avia-no-border-styling avia-bg-style-scroll  avia-builder-el-2  el_after_av_slideshow_full  el_before_av_layout_row  full-width-content  container_wrap fullsize' style=' '  ><div class='container' ><div class='template-page content  av-content-full alpha units'><div class='post-entry post-entry-type-page post-entry-1164'><div class='entry-content-wrapper clearfix'>\n<div class=\"flex_column av_one_full  flex_column_div av-zero-column-padding first  avia-builder-el-3  avia-builder-el-no-sibling   \" style='border-radius:0px; '><p><div style='padding-bottom:0px; ' class='av-special-heading av-special-heading-h1  blockquote modern-quote modern-centered  avia-builder-el-4  el_before_av_textblock  avia-builder-el-first   '><h1 class='av-special-heading-tag '  itemprop=\"headline\"  >Day conference<\/h1><div class ='av-subheading av-subheading_below  ' style='font-size:18px;'><p>bookable all year round<\/p>\n<\/div><div class='special-heading-border'><div class='special-heading-inner-border' ><\/div><\/div><\/div><br \/>\n<section class=\"av_textblock_section \"  itemscope=\"itemscope\" itemtype=\"https:\/\/schema.org\/CreativeWork\" ><div class='avia_textblock  '   itemprop=\"text\" ><p style=\"text-align: center;\">Day conference at Kynnefj\u00e4ll means conference in the beautiful Bohusl\u00e4n inland, always clean air and wonderful nature.<br \/>\nIn addition, you get a familiar feeling at a facility in the middle of nature and with it as the focus!<\/p>\n<p style=\"text-align: center;\">In Day Conference Plus, you take your conference to a whole new level &#8211; a conference with a little something extra, such as a two-course lunch, etc.<\/p>\n<p style=\"text-align: center;\">Enjoy scenic views and go for a walk on one of the facility&#8217;s trails during your conference.<\/p>\n<\/div><\/section><\/p><\/div><\/div><\/div><\/div><!-- close content main div --><\/div><\/div><div id='av-layout-grid-1' class='av-layout-grid-container entry-content-wrapper main_color av-flex-cells    avia-builder-el-6  el_after_av_section  el_before_av_layout_row  submenu-not-first container_wrap fullsize' style=' '  >\n<div class=\"flex_cell no_margin av_one_half  avia-builder-el-7  el_before_av_cell_one_half  avia-builder-el-first    \" style='background: #f6f6f6; vertical-align:top; padding:50px 30px 50px 50px ; background-color:#f6f6f6; '><div class='flex_cell_inner' ><p><div class='avia-image-container  av-styling-no-styling   av-desktop-hide av-medium-hide  avia-builder-el-8  el_before_av_textblock  avia-builder-el-first   avia-align-center '  itemprop=\"image\" itemscope=\"itemscope\" itemtype=\"https:\/\/schema.org\/ImageObject\"  ><div class='avia-image-container-inner'><div class='avia-image-overlay-wrap'><img class='avia_image' src='https:\/\/kynnefjall.com\/wp-content\/uploads\/2020\/05\/KONFERENS-9-1030x773.jpg' alt='' title='KONFERENS (9)' height=\"773\" width=\"1030\"  itemprop=\"thumbnailUrl\"  \/><\/div><\/div><\/div><br \/>\n<section class=\"av_textblock_section \"  itemscope=\"itemscope\" itemtype=\"https:\/\/schema.org\/CreativeWork\" ><div class='avia_textblock  '   itemprop=\"text\" ><h3>Included in Day Conference &#8211; Standard<\/h3>\n<ul>\n<li>Morning coffee and sandwich<\/li>\n<li>Fruit and spring water<\/li>\n<li>Lunch is served buffet style<\/li>\n<li>Afternoon coffee with homemade cake (why not a picnic coffee)<\/li>\n<li>Access to hiking trails<\/li>\n<\/ul>\n<p>Cost for conference room is added for: 300 SEK + VAT<\/p>\n<h3>Price<\/h3>\n<p>595 SEK\/person + VAT<br \/>\n(min. 8 people)<\/p>\n<\/div><\/section><br \/>\n<div class='avia-button-wrap avia-button-left  avia-builder-el-10  el_after_av_textblock  avia-builder-el-last  '><a href='https:\/\/kynnefjall.com\/en\/contact\/group-request\/'  class='avia-button   avia-icon_select-no avia-color-theme-color avia-size-small avia-position-left '  target=\"_blank\"   ><span class='avia_iconbox_title' >Group request - contact form<\/span><\/a><\/div><\/p>\n<\/div><\/div><div class=\"flex_cell no_margin av_one_half  avia-builder-el-11  el_after_av_cell_one_half  avia-builder-el-last    av-zero-padding av-hide-on-mobile  \" style='background:url(https:\/\/kynnefjall.com\/wp-content\/uploads\/2020\/05\/KONFERENS-9-1030x773.jpg) center center no-repeat scroll; vertical-align:top; padding:0; '><div class='flex_cell_inner' ><\/div><\/div><\/div><div id='av-layout-grid-2' class='av-layout-grid-container entry-content-wrapper main_color av-flex-cells    avia-builder-el-12  el_after_av_layout_row  avia-builder-el-last  submenu-not-first container_wrap fullsize' style=' '  >\n<div class=\"flex_cell no_margin av_one_half  avia-builder-el-13  el_before_av_cell_one_half  avia-builder-el-first    av-zero-padding av-hide-on-mobile  \" style='background:url(https:\/\/kynnefjall.com\/wp-content\/uploads\/2020\/05\/konferens-logen-1030x773.jpg) top left no-repeat scroll; vertical-align:top; padding:0; '><div class='flex_cell_inner' ><\/div><\/div><div class=\"flex_cell no_margin av_one_half  avia-builder-el-14  el_after_av_cell_one_half  avia-builder-el-last    \" style='vertical-align:top; padding:50px 30px 50px 50px ; '><div class='flex_cell_inner' ><p><div class='avia-image-container  av-styling-no-styling   av-desktop-hide av-medium-hide  avia-builder-el-15  el_before_av_textblock  avia-builder-el-first   avia-align-center '  itemprop=\"image\" itemscope=\"itemscope\" itemtype=\"https:\/\/schema.org\/ImageObject\"  ><div class='avia-image-container-inner'><div class='avia-image-overlay-wrap'><img class='avia_image' src='https:\/\/kynnefjall.com\/wp-content\/uploads\/2020\/05\/konferens-logen-1030x773.jpg' alt='' title='konferens logen' height=\"773\" width=\"1030\"  itemprop=\"thumbnailUrl\"  \/><\/div><\/div><\/div><br \/>\n<section class=\"av_textblock_section \"  itemscope=\"itemscope\" itemtype=\"https:\/\/schema.org\/CreativeWork\" ><div class='avia_textblock  '   itemprop=\"text\" ><h3>Included in Day conference &#8211; Plus<\/h3>\n<ul>\n<li>Morning coffee and home-baked sandwich<\/li>\n<li>Coffee buffet, spring water, sweets and fruit in the conference room<\/li>\n<li>2-course lunch<\/li>\n<li>Afternoon coffee with homemade cake (why not a picnic coffee)<\/li>\n<li>Access to hiking trails<\/li>\n<\/ul>\n<p>Cost for conference room is added: for 300 SEK<\/p>\n<h3>Price<\/h3>\n<p>695 SEK\/person<br \/>\n(min. 8 people)<\/p>\n<p>All prices are exclusive of VAT<\/p>\n<\/div><\/section><br \/>\n<div class='avia-button-wrap avia-button-left  avia-builder-el-17  el_after_av_textblock  avia-builder-el-last  '><a href='https:\/\/kynnefjall.com\/en\/contact\/group-request\/'  class='avia-button   avia-icon_select-no avia-color-theme-color avia-size-small avia-position-left '  target=\"_blank\"   ><span class='avia_iconbox_title' >Group request - contact form<\/span><\/a><\/div><\/p>\n<\/div><\/div><\/div><\/p>\n","protected":false},"excerpt":{"rendered":"","protected":false},"author":2,"featured_media":0,"parent":1163,"menu_order":0,"comment_status":"closed","ping_status":"closed","template":"","meta":{"footnotes":""},"class_list":["post-1164","page","type-page","status-publish","hentry"],"yoast_head":"<!-- This site is optimized with the Yoast SEO plugin v22.8 - https:\/\/yoast.com\/wordpress\/plugins\/seo\/ -->\n<title>Day conference - Kynnefj\u00e4lls Natur<\/title>\n<meta name=\"robots\" content=\"index, follow, max-snippet:-1, max-image-preview:large, max-video-preview:-1\" \/>\n<link rel=\"canonical\" href=\"https:\/\/kynnefjall.com\/en\/groups-conference\/conference\/day-conference\/\" \/>\n<meta property=\"og:locale\" content=\"en_US\" \/>\n<meta property=\"og:type\" content=\"article\" \/>\n<meta property=\"og:title\" content=\"Day conference - Kynnefj\u00e4lls Natur\" \/>\n<meta property=\"og:url\" content=\"https:\/\/kynnefjall.com\/en\/groups-conference\/conference\/day-conference\/\" \/>\n<meta property=\"og:site_name\" content=\"Kynnefj\u00e4lls Natur\" \/>\n<meta property=\"article:modified_time\" content=\"2024-09-09T01:31:52+00:00\" \/>\n<meta name=\"twitter:card\" content=\"summary_large_image\" \/>\n<meta name=\"twitter:label1\" content=\"Est. reading time\" \/>\n\t<meta name=\"twitter:data1\" content=\"3 minutes\" \/>\n<script type=\"application\/ld+json\" class=\"yoast-schema-graph\">{\"@context\":\"https:\/\/schema.org\",\"@graph\":[{\"@type\":\"WebPage\",\"@id\":\"https:\/\/kynnefjall.com\/en\/groups-conference\/conference\/day-conference\/\",\"url\":\"https:\/\/kynnefjall.com\/en\/groups-conference\/conference\/day-conference\/\",\"name\":\"Day conference - Kynnefj\u00e4lls Natur\",\"isPartOf\":{\"@id\":\"https:\/\/kynnefjall.com\/#website\"},\"datePublished\":\"2020-02-25T05:44:33+00:00\",\"dateModified\":\"2024-09-09T01:31:52+00:00\",\"breadcrumb\":{\"@id\":\"https:\/\/kynnefjall.com\/en\/groups-conference\/conference\/day-conference\/#breadcrumb\"},\"inLanguage\":\"en-US\",\"potentialAction\":[{\"@type\":\"ReadAction\",\"target\":[\"https:\/\/kynnefjall.com\/en\/groups-conference\/conference\/day-conference\/\"]}]},{\"@type\":\"BreadcrumbList\",\"@id\":\"https:\/\/kynnefjall.com\/en\/groups-conference\/conference\/day-conference\/#breadcrumb\",\"itemListElement\":[{\"@type\":\"ListItem\",\"position\":1,\"name\":\"Hem\",\"item\":\"https:\/\/kynnefjall.com\/en\/home\/\"},{\"@type\":\"ListItem\",\"position\":2,\"name\":\"Groups &#038; Conference\",\"item\":\"https:\/\/kynnefjall.com\/en\/groups-conference\/\"},{\"@type\":\"ListItem\",\"position\":3,\"name\":\"Conference\",\"item\":\"https:\/\/kynnefjall.com\/en\/groups-conference\/conference\/\"},{\"@type\":\"ListItem\",\"position\":4,\"name\":\"Day conference\"}]},{\"@type\":\"WebSite\",\"@id\":\"https:\/\/kynnefjall.com\/#website\",\"url\":\"https:\/\/kynnefjall.com\/\",\"name\":\"Kynnefj\u00e4lls Natur\",\"description\":\"\",\"potentialAction\":[{\"@type\":\"SearchAction\",\"target\":{\"@type\":\"EntryPoint\",\"urlTemplate\":\"https:\/\/kynnefjall.com\/?s={search_term_string}\"},\"query-input\":\"required name=search_term_string\"}],\"inLanguage\":\"en-US\"}]}<\/script>\n<!-- \/ Yoast SEO plugin. -->","yoast_head_json":{"title":"Day conference - Kynnefj\u00e4lls Natur","robots":{"index":"index","follow":"follow","max-snippet":"max-snippet:-1","max-image-preview":"max-image-preview:large","max-video-preview":"max-video-preview:-1"},"canonical":"https:\/\/kynnefjall.com\/en\/groups-conference\/conference\/day-conference\/","og_locale":"en_US","og_type":"article","og_title":"Day conference - Kynnefj\u00e4lls Natur","og_url":"https:\/\/kynnefjall.com\/en\/groups-conference\/conference\/day-conference\/","og_site_name":"Kynnefj\u00e4lls Natur","article_modified_time":"2024-09-09T01:31:52+00:00","twitter_card":"summary_large_image","twitter_misc":{"Est. reading time":"3 minutes"},"schema":{"@context":"https:\/\/schema.org","@graph":[{"@type":"WebPage","@id":"https:\/\/kynnefjall.com\/en\/groups-conference\/conference\/day-conference\/","url":"https:\/\/kynnefjall.com\/en\/groups-conference\/conference\/day-conference\/","name":"Day conference - Kynnefj\u00e4lls Natur","isPartOf":{"@id":"https:\/\/kynnefjall.com\/#website"},"datePublished":"2020-02-25T05:44:33+00:00","dateModified":"2024-09-09T01:31:52+00:00","breadcrumb":{"@id":"https:\/\/kynnefjall.com\/en\/groups-conference\/conference\/day-conference\/#breadcrumb"},"inLanguage":"en-US","potentialAction":[{"@type":"ReadAction","target":["https:\/\/kynnefjall.com\/en\/groups-conference\/conference\/day-conference\/"]}]},{"@type":"BreadcrumbList","@id":"https:\/\/kynnefjall.com\/en\/groups-conference\/conference\/day-conference\/#breadcrumb","itemListElement":[{"@type":"ListItem","position":1,"name":"Hem","item":"https:\/\/kynnefjall.com\/en\/home\/"},{"@type":"ListItem","position":2,"name":"Groups &#038; Conference","item":"https:\/\/kynnefjall.com\/en\/groups-conference\/"},{"@type":"ListItem","position":3,"name":"Conference","item":"https:\/\/kynnefjall.com\/en\/groups-conference\/conference\/"},{"@type":"ListItem","position":4,"name":"Day conference"}]},{"@type":"WebSite","@id":"https:\/\/kynnefjall.com\/#website","url":"https:\/\/kynnefjall.com\/","name":"Kynnefj\u00e4lls Natur","description":"","potentialAction":[{"@type":"SearchAction","target":{"@type":"EntryPoint","urlTemplate":"https:\/\/kynnefjall.com\/?s={search_term_string}"},"query-input":"required name=search_term_string"}],"inLanguage":"en-US"}]}},"_links":{"self":[{"href":"https:\/\/kynnefjall.com\/en\/wp-json\/wp\/v2\/pages\/1164","targetHints":{"allow":["GET"]}}],"collection":[{"href":"https:\/\/kynnefjall.com\/en\/wp-json\/wp\/v2\/pages"}],"about":[{"href":"https:\/\/kynnefjall.com\/en\/wp-json\/wp\/v2\/types\/page"}],"author":[{"embeddable":true,"href":"https:\/\/kynnefjall.com\/en\/wp-json\/wp\/v2\/users\/2"}],"replies":[{"embeddable":true,"href":"https:\/\/kynnefjall.com\/en\/wp-json\/wp\/v2\/comments?post=1164"}],"version-history":[{"count":4,"href":"https:\/\/kynnefjall.com\/en\/wp-json\/wp\/v2\/pages\/1164\/revisions"}],"predecessor-version":[{"id":7323,"href":"https:\/\/kynnefjall.com\/en\/wp-json\/wp\/v2\/pages\/1164\/revisions\/7323"}],"up":[{"embeddable":true,"href":"https:\/\/kynnefjall.com\/en\/wp-json\/wp\/v2\/pages\/1163"}],"wp:attachment":[{"href":"https:\/\/kynnefjall.com\/en\/wp-json\/wp\/v2\/media?parent=1164"}],"curies":[{"name":"wp","href":"https:\/\/api.w.org\/{rel}","templated":true}]}}