{"id":1130,"date":"2020-02-25T06:21:16","date_gmt":"2020-02-25T05:21:16","guid":{"rendered":"http:\/\/kynnefjall.com\/erbjudanden-paket\/"},"modified":"2025-07-15T21:41:44","modified_gmt":"2025-07-15T19:41:44","slug":"offers-packages","status":"publish","type":"page","link":"https:\/\/kynnefjall.com\/en\/offers-packages\/","title":{"rendered":"Offers &#038; Packages"},"content":{"rendered":"<div class=\"flex_column av_one_full  flex_column_div av-zero-column-padding first  avia-builder-el-0  el_before_av_one_half  avia-builder-el-first  \" style='border-radius:0px; '><p><div style='padding-bottom:0px; ' class='av-special-heading av-special-heading-h1  blockquote modern-quote modern-centered  avia-builder-el-1  el_before_av_textblock  avia-builder-el-first   '><h1 class='av-special-heading-tag '  itemprop=\"headline\"  >Offers <span class='special_amp'>&amp;<\/span> Packages<\/h1><div class='special-heading-border'><div class='special-heading-inner-border' ><\/div><\/div><\/div><br \/>\n<section class=\"av_textblock_section \"  itemscope=\"itemscope\" itemtype=\"https:\/\/schema.org\/CreativeWork\" ><div class='avia_textblock  '   itemprop=\"text\" ><p style=\"text-align: center;\">Here you will find some of our finished packages.<\/p>\n<\/div><\/section><\/p><\/div>\n<div class=\"flex_column av_one_half  flex_column_div av-zero-column-padding avia-link-column av-column-link first  avia-builder-el-3  el_after_av_one_full  el_before_av_one_half   column-top-margin\" style='border-radius:0px; ' data-link-column-url=\"https:\/\/kynnefjall.com\/aktiviteter-aventyr\/vandring\/vandringspaket-med-halvpension\/\" ><a class=\"av-screen-reader-only\" href=https:\/\/kynnefjall.com\/aktiviteter-aventyr\/vandring\/vandringspaket-med-halvpension\/ >Link to: Vandringspaket med halvpension<\/a><div class='avia-image-container  av-styling-no-styling  noHover  av-overlay-hover-deactivate   avia-builder-el-4  avia-builder-el-no-sibling   avia-align-center '  itemprop=\"image\" itemscope=\"itemscope\" itemtype=\"https:\/\/schema.org\/ImageObject\"  ><div class='avia-image-container-inner'><div class='avia-image-overlay-wrap'><a href='https:\/\/kynnefjall.com\/en\/activities-adventures\/hiking\/hiking-package-with-self-service\/' class='avia_image'  ><div class='av-image-caption-overlay'><div class='av-caption-image-overlay-bg' style='opacity:0.3; background-color:#0a0a0a; '><\/div><div class='av-image-caption-overlay-position'><div class='av-image-caption-overlay-center' style='color:#ffffff; '><h3 style=\"color: white;\" data-darkreader-inline-color=\"\">Hiking package with Self-service<\/h3>\n<\/div><\/div><\/div><img class='avia_image ' src='https:\/\/kynnefjall.com\/wp-content\/uploads\/2020\/05\/Vindskydd-11-s\u00e4veleken-vandra-vandring-002-845x684.jpg' alt='' title='Vindskydd 11 s\u00e4veleken vandra vandring (002)'  itemprop=\"thumbnailUrl\"  \/><\/a><\/div><\/div><\/div><\/div>\n<div class=\"flex_column av_one_half  flex_column_div av-zero-column-padding avia-link-column av-column-link   avia-builder-el-5  el_after_av_one_half  el_before_av_hr   column-top-margin\" style='border-radius:0px; ' data-link-column-url=\"https:\/\/kynnefjall.com\/aktiviteter-aventyr\/vandring\/vandringspaket-med-helpension\/\" ><a class=\"av-screen-reader-only\" href=https:\/\/kynnefjall.com\/aktiviteter-aventyr\/vandring\/vandringspaket-med-helpension\/ >Link to: Vandringspaket med helpension<\/a><div class='avia-image-container  av-styling-no-styling  noHover  av-overlay-hover-deactivate   avia-builder-el-6  avia-builder-el-no-sibling   avia-align-center '  itemprop=\"image\" itemscope=\"itemscope\" itemtype=\"https:\/\/schema.org\/ImageObject\"  ><div class='avia-image-container-inner'><div class='avia-image-overlay-wrap'><a href='https:\/\/kynnefjall.com\/en\/activities-adventures\/hiking\/hiking-package-with-full-service\/' class='avia_image'  ><div class='av-image-caption-overlay'><div class='av-caption-image-overlay-bg' style='opacity:0.3; background-color:#0a0a0a; '><\/div><div class='av-image-caption-overlay-position'><div class='av-image-caption-overlay-center' style='color:#ffffff; '><h3 style=\"color: white;\" data-darkreader-inline-color=\"\">Hiking package with Full-service<\/h3>\n<\/div><\/div><\/div><img class='avia_image ' src='https:\/\/kynnefjall.com\/wp-content\/uploads\/2020\/02\/kynnefjall_img22-1-845x667.jpg' alt='' title='kynnefjall_img22'  itemprop=\"thumbnailUrl\"  \/><\/a><\/div><\/div><\/div><\/div>\n<div  class='hr hr-default   avia-builder-el-7  el_after_av_one_half  el_before_av_one_half '><span class='hr-inner ' ><span class='hr-inner-style'><\/span><\/span><\/div>\n<div class=\"flex_column av_one_half  flex_column_div av-zero-column-padding first  avia-builder-el-8  el_after_av_hr  el_before_av_one_half  \" style='border-radius:0px; '><div class='avia-image-container  av-styling-no-styling  noHover  av-overlay-hover-deactivate   avia-builder-el-9  avia-builder-el-no-sibling   avia-align-center '  itemprop=\"image\" itemscope=\"itemscope\" itemtype=\"https:\/\/schema.org\/ImageObject\"  ><div class='avia-image-container-inner'><div class='avia-image-overlay-wrap'><a href='https:\/\/kynnefjall.com\/en\/activities-adventures\/hunting-and-fishing\/' class='avia_image'  ><div class='av-image-caption-overlay'><div class='av-caption-image-overlay-bg' style='opacity:0.3; background-color:#0a0a0a; '><\/div><div class='av-image-caption-overlay-position'><div class='av-image-caption-overlay-center' style='color:#ffffff; '><h3 style=\"color: white;\" data-darkreader-inline-color=\"\">Hunting and fishing<\/h3>\n<\/div><\/div><\/div><img class='avia_image ' src='https:\/\/kynnefjall.com\/wp-content\/uploads\/2020\/02\/kynnefjall_img34-845x684.jpg' alt='' title='kynnefjall_img34'  itemprop=\"thumbnailUrl\"  \/><\/a><\/div><\/div><\/div><\/div>\n<div class=\"flex_column av_one_half  flex_column_div av-zero-column-padding   avia-builder-el-10  el_after_av_one_half  avia-builder-el-last  \" style='border-radius:0px; '><div class='avia-image-container  av-styling-no-styling  noHover  av-overlay-hover-deactivate   avia-builder-el-11  avia-builder-el-no-sibling   avia-align-center '  itemprop=\"image\" itemscope=\"itemscope\" itemtype=\"https:\/\/schema.org\/ImageObject\"  ><div class='avia-image-container-inner'><div class='avia-image-overlay-wrap'><a href='https:\/\/kynnefjall.com\/en\/offers-packages\/celebrate-a-dog-friendly-new-year-at-kynnefjall\/' class='avia_image'  ><div class='av-image-caption-overlay'><div class='av-caption-image-overlay-bg' style='opacity:0.3; background-color:#0a0a0a; '><\/div><div class='av-image-caption-overlay-position'><div class='av-image-caption-overlay-center' style='color:#ffffff; '><h3 style=\"color: white;\" data-darkreader-inline-color=\"\">Celebrate a dog-friendly New Year at Kynnefj\u00e4ll<\/h3>\n<\/div><\/div><\/div><img class='avia_image ' src='https:\/\/kynnefjall.com\/wp-content\/uploads\/2020\/05\/restaurang-grillbuff\u00e9-mat-ny\u00e5r-845x684.jpg' alt='' title='restaurang grillbuff\u00e9 mat ny\u00e5r'  itemprop=\"thumbnailUrl\"  \/><\/a><\/div><\/div><\/div><\/div>\n","protected":false},"excerpt":{"rendered":"","protected":false},"author":2,"featured_media":0,"parent":0,"menu_order":0,"comment_status":"closed","ping_status":"closed","template":"","meta":{"footnotes":""},"class_list":["post-1130","page","type-page","status-publish","hentry"],"yoast_head":"<!-- This site is optimized with the Yoast SEO plugin v22.8 - https:\/\/yoast.com\/wordpress\/plugins\/seo\/ -->\n<title>Offers &amp; Packages - Kynnefj\u00e4lls Natur<\/title>\n<meta name=\"robots\" content=\"index, follow, max-snippet:-1, max-image-preview:large, max-video-preview:-1\" \/>\n<link rel=\"canonical\" href=\"https:\/\/kynnefjall.com\/en\/offers-packages\/\" \/>\n<meta property=\"og:locale\" content=\"en_US\" \/>\n<meta property=\"og:type\" content=\"article\" \/>\n<meta property=\"og:title\" content=\"Offers &amp; Packages - Kynnefj\u00e4lls Natur\" \/>\n<meta property=\"og:url\" content=\"https:\/\/kynnefjall.com\/en\/offers-packages\/\" \/>\n<meta property=\"og:site_name\" content=\"Kynnefj\u00e4lls Natur\" \/>\n<meta property=\"article:modified_time\" content=\"2025-07-15T19:41:44+00:00\" \/>\n<meta name=\"twitter:card\" content=\"summary_large_image\" \/>\n<meta name=\"twitter:label1\" content=\"Est. reading time\" \/>\n\t<meta name=\"twitter:data1\" content=\"2 minutes\" \/>\n<script type=\"application\/ld+json\" class=\"yoast-schema-graph\">{\"@context\":\"https:\/\/schema.org\",\"@graph\":[{\"@type\":\"WebPage\",\"@id\":\"https:\/\/kynnefjall.com\/en\/offers-packages\/\",\"url\":\"https:\/\/kynnefjall.com\/en\/offers-packages\/\",\"name\":\"Offers & Packages - Kynnefj\u00e4lls Natur\",\"isPartOf\":{\"@id\":\"https:\/\/kynnefjall.com\/#website\"},\"datePublished\":\"2020-02-25T05:21:16+00:00\",\"dateModified\":\"2025-07-15T19:41:44+00:00\",\"breadcrumb\":{\"@id\":\"https:\/\/kynnefjall.com\/en\/offers-packages\/#breadcrumb\"},\"inLanguage\":\"en-US\",\"potentialAction\":[{\"@type\":\"ReadAction\",\"target\":[\"https:\/\/kynnefjall.com\/en\/offers-packages\/\"]}]},{\"@type\":\"BreadcrumbList\",\"@id\":\"https:\/\/kynnefjall.com\/en\/offers-packages\/#breadcrumb\",\"itemListElement\":[{\"@type\":\"ListItem\",\"position\":1,\"name\":\"Hem\",\"item\":\"https:\/\/kynnefjall.com\/en\/home\/\"},{\"@type\":\"ListItem\",\"position\":2,\"name\":\"Offers &#038; Packages\"}]},{\"@type\":\"WebSite\",\"@id\":\"https:\/\/kynnefjall.com\/#website\",\"url\":\"https:\/\/kynnefjall.com\/\",\"name\":\"Kynnefj\u00e4lls Natur\",\"description\":\"\",\"potentialAction\":[{\"@type\":\"SearchAction\",\"target\":{\"@type\":\"EntryPoint\",\"urlTemplate\":\"https:\/\/kynnefjall.com\/?s={search_term_string}\"},\"query-input\":\"required name=search_term_string\"}],\"inLanguage\":\"en-US\"}]}<\/script>\n<!-- \/ Yoast SEO plugin. -->","yoast_head_json":{"title":"Offers & Packages - Kynnefj\u00e4lls Natur","robots":{"index":"index","follow":"follow","max-snippet":"max-snippet:-1","max-image-preview":"max-image-preview:large","max-video-preview":"max-video-preview:-1"},"canonical":"https:\/\/kynnefjall.com\/en\/offers-packages\/","og_locale":"en_US","og_type":"article","og_title":"Offers & Packages - Kynnefj\u00e4lls Natur","og_url":"https:\/\/kynnefjall.com\/en\/offers-packages\/","og_site_name":"Kynnefj\u00e4lls Natur","article_modified_time":"2025-07-15T19:41:44+00:00","twitter_card":"summary_large_image","twitter_misc":{"Est. reading time":"2 minutes"},"schema":{"@context":"https:\/\/schema.org","@graph":[{"@type":"WebPage","@id":"https:\/\/kynnefjall.com\/en\/offers-packages\/","url":"https:\/\/kynnefjall.com\/en\/offers-packages\/","name":"Offers & Packages - Kynnefj\u00e4lls Natur","isPartOf":{"@id":"https:\/\/kynnefjall.com\/#website"},"datePublished":"2020-02-25T05:21:16+00:00","dateModified":"2025-07-15T19:41:44+00:00","breadcrumb":{"@id":"https:\/\/kynnefjall.com\/en\/offers-packages\/#breadcrumb"},"inLanguage":"en-US","potentialAction":[{"@type":"ReadAction","target":["https:\/\/kynnefjall.com\/en\/offers-packages\/"]}]},{"@type":"BreadcrumbList","@id":"https:\/\/kynnefjall.com\/en\/offers-packages\/#breadcrumb","itemListElement":[{"@type":"ListItem","position":1,"name":"Hem","item":"https:\/\/kynnefjall.com\/en\/home\/"},{"@type":"ListItem","position":2,"name":"Offers &#038; Packages"}]},{"@type":"WebSite","@id":"https:\/\/kynnefjall.com\/#website","url":"https:\/\/kynnefjall.com\/","name":"Kynnefj\u00e4lls Natur","description":"","potentialAction":[{"@type":"SearchAction","target":{"@type":"EntryPoint","urlTemplate":"https:\/\/kynnefjall.com\/?s={search_term_string}"},"query-input":"required name=search_term_string"}],"inLanguage":"en-US"}]}},"_links":{"self":[{"href":"https:\/\/kynnefjall.com\/en\/wp-json\/wp\/v2\/pages\/1130","targetHints":{"allow":["GET"]}}],"collection":[{"href":"https:\/\/kynnefjall.com\/en\/wp-json\/wp\/v2\/pages"}],"about":[{"href":"https:\/\/kynnefjall.com\/en\/wp-json\/wp\/v2\/types\/page"}],"author":[{"embeddable":true,"href":"https:\/\/kynnefjall.com\/en\/wp-json\/wp\/v2\/users\/2"}],"replies":[{"embeddable":true,"href":"https:\/\/kynnefjall.com\/en\/wp-json\/wp\/v2\/comments?post=1130"}],"version-history":[{"count":16,"href":"https:\/\/kynnefjall.com\/en\/wp-json\/wp\/v2\/pages\/1130\/revisions"}],"predecessor-version":[{"id":8447,"href":"https:\/\/kynnefjall.com\/en\/wp-json\/wp\/v2\/pages\/1130\/revisions\/8447"}],"wp:attachment":[{"href":"https:\/\/kynnefjall.com\/en\/wp-json\/wp\/v2\/media?parent=1130"}],"curies":[{"name":"wp","href":"https:\/\/api.w.org\/{rel}","templated":true}]}}