{"id":7831,"date":"2020-02-24T10:07:16","date_gmt":"2020-02-24T09:07:16","guid":{"rendered":"https:\/\/kynnefjall.com\/unterkunft\/gut-zu-wissen\/hundar\/"},"modified":"2024-11-05T04:15:20","modified_gmt":"2024-11-05T03:15:20","slug":"hunde","status":"publish","type":"page","link":"https:\/\/kynnefjall.com\/de\/unterkunft\/gut-zu-wissen\/hunde\/","title":{"rendered":"Hunde"},"content":{"rendered":"<div id='full_slider_1' class='avia-fullwidth-slider main_color avia-shadow  av-small-hide av-mini-hide  avia-builder-el-0  el_before_av_slideshow_full  avia-builder-el-first   container_wrap fullsize' style=' '  ><div  data-size='desktop_banner'  data-lightbox_size='large'  data-animation='slide'  data-conditional_play=''  data-ids='2270,2089,2006,2060,2022,2091'  data-video_counter='0'  data-autoplay='false'  data-bg_slider='false'  data-slide_height=''  data-handle='av_slideshow_full'  data-interval='5'  data-class=' '  data-css_id=''  data-scroll_down=''  data-control_layout='av-control-default'  data-custom_markup=''  data-perma_caption=''  data-autoplay_stopper=''  data-image_attachment=''  data-min_height='0px'  data-src=''  data-position='top left'  data-repeat='no-repeat'  data-attach='scroll'  data-stretch=''  data-default-height='31.25'  class='avia-slideshow avia-slideshow-1  av-control-default av-default-height-applied avia-slideshow-desktop_banner av_slideshow_full   avia-slide-slider '  itemprop=\"image\" itemscope=\"itemscope\" itemtype=\"https:\/\/schema.org\/ImageObject\" ><ul class='avia-slideshow-inner ' style='padding-bottom: 31.25%;' ><li  class=' slide-1 ' ><div data-rel='slideshow-1' class='avia-slide-wrap '   ><img src='https:\/\/kynnefjall.com\/wp-content\/uploads\/2020\/05\/20170828_101725-1920x600.jpg' width='1920' height='600' title='20170828_101725' alt=''  itemprop=\"thumbnailUrl\"   \/><\/div><\/li><li  class=' slide-2 ' ><div data-rel='slideshow-1' class='avia-slide-wrap '   ><img src='https:\/\/kynnefjall.com\/wp-content\/uploads\/2020\/05\/terass-utsikt-uteplats-djur-hund-omgivningar-1920x600.jpg' width='1920' height='600' title='terass utsikt uteplats djur hund omgivningar' alt=''  itemprop=\"thumbnailUrl\"   \/><\/div><\/li><li  class=' slide-3 ' ><div data-rel='slideshow-1' class='avia-slide-wrap '   ><img src='https:\/\/kynnefjall.com\/wp-content\/uploads\/2020\/05\/\u00d6revattnet-Kynnefj\u00e4ll-1-1920x600.jpg' width='1920' height='600' title='\u00d6revattnet Kynnefj\u00e4ll (1)' alt=''  itemprop=\"thumbnailUrl\"   \/><\/div><\/li><li  class=' slide-4 ' ><div data-rel='slideshow-1' class='avia-slide-wrap '   ><img src='https:\/\/kynnefjall.com\/wp-content\/uploads\/2020\/05\/Vindskydd-11-s\u00e4veleken-vandra-vandring-002-1920x600.jpg' width='1920' height='600' title='' alt=''  itemprop=\"thumbnailUrl\"   \/><\/div><\/li><li  class=' slide-5 ' ><div data-rel='slideshow-1' class='avia-slide-wrap '   ><img src='https:\/\/kynnefjall.com\/wp-content\/uploads\/2020\/05\/Vandra-vandring-hund-vandringspaket-1920x600.jpg' width='1920' height='600' title='Vandra vandring hund vandringspaket' alt=''  itemprop=\"thumbnailUrl\"   \/><\/div><\/li><li  class=' slide-6 ' ><div data-rel='slideshow-1' class='avia-slide-wrap '   ><img src='https:\/\/kynnefjall.com\/wp-content\/uploads\/2020\/05\/rum-l\u00e4nga-boende-1920x600.jpg' width='1920' height='600' title='' alt=''  itemprop=\"thumbnailUrl\"   \/><\/div><\/li><\/ul><div class='avia-slideshow-arrows avia-slideshow-controls'><a href='#prev' class='prev-slide' aria-hidden='true' data-av_icon='\ue87c' data-av_iconfont='entypo-fontello'>Zur\u00fcck<\/a><a href='#next' class='next-slide' aria-hidden='true' data-av_icon='\ue87d' data-av_iconfont='entypo-fontello'>Weiter<\/a><\/div><div class='avia-slideshow-dots avia-slideshow-controls'><a href='#1' class='goto-slide active' >1<\/a><a href='#2' class='goto-slide ' >2<\/a><a href='#3' class='goto-slide ' >3<\/a><a href='#4' class='goto-slide ' >4<\/a><a href='#5' class='goto-slide ' >5<\/a><a href='#6' class='goto-slide ' >6<\/a><\/div><\/div><\/div>\n<div id='full_slider_2' class='avia-fullwidth-slider main_color avia-shadow  av-desktop-hide av-medium-hide  avia-builder-el-1  el_after_av_slideshow_full  el_before_av_section   slider-not-first container_wrap fullsize' style=' '  ><div  data-size='large'  data-lightbox_size='large'  data-animation='slide'  data-conditional_play=''  data-ids='2270,2089,2006,2060,2022,2091'  data-video_counter='0'  data-autoplay='false'  data-bg_slider='false'  data-slide_height=''  data-handle='av_slideshow_full'  data-interval='5'  data-class=' '  data-css_id=''  data-scroll_down=''  data-control_layout='av-control-default'  data-custom_markup=''  data-perma_caption=''  data-autoplay_stopper=''  data-image_attachment=''  data-min_height='0px'  data-src=''  data-position='top left'  data-repeat='no-repeat'  data-attach='scroll'  data-stretch=''  class='avia-slideshow avia-slideshow-2  av-control-default av-default-height-applied avia-slideshow-large av_slideshow_full   avia-slide-slider '  itemprop=\"image\" itemscope=\"itemscope\" itemtype=\"https:\/\/schema.org\/ImageObject\" ><ul class='avia-slideshow-inner ' style='padding-bottom: 133.24708926261%;' ><li  class=' slide-1 ' ><div data-rel='slideshow-2' class='avia-slide-wrap '   ><img src='https:\/\/kynnefjall.com\/wp-content\/uploads\/2020\/05\/20170828_101725-773x1030.jpg' width='773' height='1030' title='20170828_101725' alt=''  itemprop=\"thumbnailUrl\"   \/><\/div><\/li><li  class=' slide-2 ' ><div data-rel='slideshow-2' class='avia-slide-wrap '   ><img src='https:\/\/kynnefjall.com\/wp-content\/uploads\/2020\/05\/terass-utsikt-uteplats-djur-hund-omgivningar-1030x773.jpg' width='1030' height='773' title='terass utsikt uteplats djur hund omgivningar' alt=''  itemprop=\"thumbnailUrl\"   \/><\/div><\/li><li  class=' slide-3 ' ><div data-rel='slideshow-2' class='avia-slide-wrap '   ><img src='https:\/\/kynnefjall.com\/wp-content\/uploads\/2020\/05\/\u00d6revattnet-Kynnefj\u00e4ll-1-1030x773.jpg' width='1030' height='773' title='\u00d6revattnet Kynnefj\u00e4ll (1)' alt=''  itemprop=\"thumbnailUrl\"   \/><\/div><\/li><li  class=' slide-4 ' ><div data-rel='slideshow-2' class='avia-slide-wrap '   ><img src='https:\/\/kynnefjall.com\/wp-content\/uploads\/2020\/05\/Vindskydd-11-s\u00e4veleken-vandra-vandring-002-1030x579.jpg' width='1030' height='579' title='' alt=''  itemprop=\"thumbnailUrl\"   \/><\/div><\/li><li  class=' slide-5 ' ><div data-rel='slideshow-2' class='avia-slide-wrap '   ><img src='https:\/\/kynnefjall.com\/wp-content\/uploads\/2020\/05\/Vandra-vandring-hund-vandringspaket-1030x769.jpg' width='1030' height='769' title='Vandra vandring hund vandringspaket' alt=''  itemprop=\"thumbnailUrl\"   \/><\/div><\/li><li  class=' slide-6 ' ><div data-rel='slideshow-2' class='avia-slide-wrap '   ><img src='https:\/\/kynnefjall.com\/wp-content\/uploads\/2020\/05\/rum-l\u00e4nga-boende-1030x773.jpg' width='1030' height='773' title='' alt=''  itemprop=\"thumbnailUrl\"   \/><\/div><\/li><\/ul><div class='avia-slideshow-arrows avia-slideshow-controls'><a href='#prev' class='prev-slide' aria-hidden='true' data-av_icon='\ue87c' data-av_iconfont='entypo-fontello'>Zur\u00fcck<\/a><a href='#next' class='next-slide' aria-hidden='true' data-av_icon='\ue87d' data-av_iconfont='entypo-fontello'>Weiter<\/a><\/div><div class='avia-slideshow-dots avia-slideshow-controls'><a href='#1' class='goto-slide active' >1<\/a><a href='#2' class='goto-slide ' >2<\/a><a href='#3' class='goto-slide ' >3<\/a><a href='#4' class='goto-slide ' >4<\/a><a href='#5' class='goto-slide ' >5<\/a><a href='#6' class='goto-slide ' >6<\/a><\/div><\/div><\/div>\n<div id='av_section_1' class='avia-section main_color avia-section-default avia-no-border-styling avia-bg-style-scroll  avia-builder-el-2  el_after_av_slideshow_full  avia-builder-el-last  full-width-content  container_wrap fullsize' style=' '  ><div class='container' ><div class='template-page content  av-content-full alpha units'><div class='post-entry post-entry-type-page post-entry-7831'><div class='entry-content-wrapper clearfix'>\n<div class=\"flex_column av_one_full  flex_column_div av-zero-column-padding first  avia-builder-el-3  avia-builder-el-no-sibling   \" style='border-radius:0px; '><p><div style='padding-bottom:10px; ' class='av-special-heading av-special-heading-h1  blockquote modern-quote modern-centered  avia-builder-el-4  el_before_av_textblock  avia-builder-el-first   '><h1 class='av-special-heading-tag '  itemprop=\"headline\"  >Hunde<\/h1><div class='special-heading-border'><div class='special-heading-inner-border' ><\/div><\/div><\/div><br \/>\n<section class=\"av_textblock_section \"  itemscope=\"itemscope\" itemtype=\"https:\/\/schema.org\/CreativeWork\" ><div class='avia_textblock  '   itemprop=\"text\" ><p style=\"text-align: center;\">Hunde sind bei Kynnefj\u00e4llsNatur herzlich willkommen. Hunde sind \u00fcberall in der Anlage willkommen, sowohl in den H\u00fctten, Zimmern und sogar in unserem Restaurant.<\/p>\n<p style=\"text-align: center;\">Unsere kurvenreichen Feldwege, die durch W\u00e4lder und offene Wiesen f\u00fchren, sind perfekt f\u00fcr Hunde, ihre H\u00e4user und Teppiche.<br \/>\nAlle Zimmer und H\u00fctten liegen mitten im Wald an einer beleuchteten Schotterstra\u00dfe, in fu\u00dfl\u00e4ufiger Entfernung zur Rezeption und zum Restaurant. Die Zimmer befinden sich ebenfalls im Erdgeschoss mit eigenem Eingang und sind nach verschiedenen Themen dekoriert.<br \/>\nLeihen Sie sich gerne eine Karte unserer Wanderwege aus oder unternehmen Sie eine Wanderung im Naturschutzgebiet Kynnefj\u00e4ll, das nicht weit von unserer Anlage entfernt liegt.<\/p>\n<p style=\"text-align: center;\">Wir haben jedoch einen \u201eAllergieraum\u201c, in dem Pelztiere nicht untergebracht werden d\u00fcrfen. Daher ist es sehr wichtig, dass Sie uns Bescheid geben, wenn Sie den Hund mitbringen, damit Sie das richtige Zimmer erhalten.<\/p>\n<p style=\"text-align: center;\">Freiheit bringt nat\u00fcrlich auch Verantwortung mit sich. Hunde d\u00fcrfen sich nicht auf Sofas oder Betten aufhalten. Es ist auch wichtig, dass Sie Ihren Hund abholen. Viele von uns wandern auf Wanderwegen und Spazierwegen. Hundebesitzer oder nicht, Sie wollen vermeiden, dass Ihnen Schei\u00dfe auf die Schuhe kommt!<\/p>\n<p style=\"text-align: left;\"><strong>Hund angeleint? <\/strong>\u00a0insbesondere w\u00e4hrend des Hundeverbots vom 1. M\u00e4rz bis 20. August. Zu dieser Jahreszeit gibt es in Kynnefj\u00e4ll viele s\u00fc\u00dfe Tierbabys in der Natur, respektieren Sie sie.<br \/>\nF\u00fchren Sie den Hund au\u00dferdem an der Leine, wenn die Gefahr besteht, dass er ungewollt auf andere Menschen zul\u00e4uft. Ansonsten gilt der gesunde Menschenverstand.<\/p>\n<p style=\"text-align: left;\"><strong>Preis in B&amp;B-Zimmern:<\/strong> Wir berechnen einen Zuschlag von 100 SEK\/Tier und Nacht (sofern nichts anderes vereinbart wurde)<\/p>\n<p style=\"text-align: left;\"><strong>Preis f\u00fcr Cottage und Loft:<\/strong> Bei der Buchung eines Cottage f\u00e4llt keine zus\u00e4tzliche Geb\u00fchr an, da es sich um Selbstversorger handelt und die Reinigung selbst erfolgt selbst. (sofern nicht anders vereinbart)<\/p>\n<\/div><\/section><\/p><\/div>\n","protected":false},"excerpt":{"rendered":"","protected":false},"author":2,"featured_media":0,"parent":7823,"menu_order":0,"comment_status":"closed","ping_status":"closed","template":"","meta":{"footnotes":""},"class_list":["post-7831","page","type-page","status-publish","hentry"],"yoast_head":"<!-- This site is optimized with the Yoast SEO plugin v22.8 - https:\/\/yoast.com\/wordpress\/plugins\/seo\/ -->\n<title>Hunde - Kynnefj\u00e4lls Natur<\/title>\n<meta name=\"robots\" content=\"index, follow, max-snippet:-1, max-image-preview:large, max-video-preview:-1\" \/>\n<link rel=\"canonical\" href=\"https:\/\/kynnefjall.com\/de\/unterkunft\/gut-zu-wissen\/hunde\/\" \/>\n<meta property=\"og:locale\" content=\"de_DE\" \/>\n<meta property=\"og:type\" content=\"article\" \/>\n<meta property=\"og:title\" content=\"Hunde - Kynnefj\u00e4lls Natur\" \/>\n<meta property=\"og:url\" content=\"https:\/\/kynnefjall.com\/de\/unterkunft\/gut-zu-wissen\/hunde\/\" \/>\n<meta property=\"og:site_name\" content=\"Kynnefj\u00e4lls Natur\" \/>\n<meta property=\"article:modified_time\" content=\"2024-11-05T03:15:20+00:00\" \/>\n<meta name=\"twitter:card\" content=\"summary_large_image\" \/>\n<meta name=\"twitter:label1\" content=\"Gesch\u00e4tzte Lesezeit\" \/>\n\t<meta name=\"twitter:data1\" content=\"5\u00a0Minuten\" \/>\n<script type=\"application\/ld+json\" class=\"yoast-schema-graph\">{\"@context\":\"https:\/\/schema.org\",\"@graph\":[{\"@type\":\"WebPage\",\"@id\":\"https:\/\/kynnefjall.com\/de\/unterkunft\/gut-zu-wissen\/hunde\/\",\"url\":\"https:\/\/kynnefjall.com\/de\/unterkunft\/gut-zu-wissen\/hunde\/\",\"name\":\"Hunde - Kynnefj\u00e4lls Natur\",\"isPartOf\":{\"@id\":\"https:\/\/kynnefjall.com\/#website\"},\"datePublished\":\"2020-02-24T09:07:16+00:00\",\"dateModified\":\"2024-11-05T03:15:20+00:00\",\"breadcrumb\":{\"@id\":\"https:\/\/kynnefjall.com\/de\/unterkunft\/gut-zu-wissen\/hunde\/#breadcrumb\"},\"inLanguage\":\"de\",\"potentialAction\":[{\"@type\":\"ReadAction\",\"target\":[\"https:\/\/kynnefjall.com\/de\/unterkunft\/gut-zu-wissen\/hunde\/\"]}]},{\"@type\":\"BreadcrumbList\",\"@id\":\"https:\/\/kynnefjall.com\/de\/unterkunft\/gut-zu-wissen\/hunde\/#breadcrumb\",\"itemListElement\":[{\"@type\":\"ListItem\",\"position\":1,\"name\":\"Hem\",\"item\":\"https:\/\/kynnefjall.com\/de\/heim\/\"},{\"@type\":\"ListItem\",\"position\":2,\"name\":\"Unterkunft\",\"item\":\"https:\/\/kynnefjall.com\/de\/unterkunft\/\"},{\"@type\":\"ListItem\",\"position\":3,\"name\":\"Gut zu wissen\",\"item\":\"https:\/\/kynnefjall.com\/de\/unterkunft\/gut-zu-wissen\/\"},{\"@type\":\"ListItem\",\"position\":4,\"name\":\"Hunde\"}]},{\"@type\":\"WebSite\",\"@id\":\"https:\/\/kynnefjall.com\/#website\",\"url\":\"https:\/\/kynnefjall.com\/\",\"name\":\"Kynnefj\u00e4lls Natur\",\"description\":\"\",\"potentialAction\":[{\"@type\":\"SearchAction\",\"target\":{\"@type\":\"EntryPoint\",\"urlTemplate\":\"https:\/\/kynnefjall.com\/?s={search_term_string}\"},\"query-input\":\"required name=search_term_string\"}],\"inLanguage\":\"de\"}]}<\/script>\n<!-- \/ Yoast SEO plugin. -->","yoast_head_json":{"title":"Hunde - Kynnefj\u00e4lls Natur","robots":{"index":"index","follow":"follow","max-snippet":"max-snippet:-1","max-image-preview":"max-image-preview:large","max-video-preview":"max-video-preview:-1"},"canonical":"https:\/\/kynnefjall.com\/de\/unterkunft\/gut-zu-wissen\/hunde\/","og_locale":"de_DE","og_type":"article","og_title":"Hunde - Kynnefj\u00e4lls Natur","og_url":"https:\/\/kynnefjall.com\/de\/unterkunft\/gut-zu-wissen\/hunde\/","og_site_name":"Kynnefj\u00e4lls Natur","article_modified_time":"2024-11-05T03:15:20+00:00","twitter_card":"summary_large_image","twitter_misc":{"Gesch\u00e4tzte Lesezeit":"5\u00a0Minuten"},"schema":{"@context":"https:\/\/schema.org","@graph":[{"@type":"WebPage","@id":"https:\/\/kynnefjall.com\/de\/unterkunft\/gut-zu-wissen\/hunde\/","url":"https:\/\/kynnefjall.com\/de\/unterkunft\/gut-zu-wissen\/hunde\/","name":"Hunde - Kynnefj\u00e4lls Natur","isPartOf":{"@id":"https:\/\/kynnefjall.com\/#website"},"datePublished":"2020-02-24T09:07:16+00:00","dateModified":"2024-11-05T03:15:20+00:00","breadcrumb":{"@id":"https:\/\/kynnefjall.com\/de\/unterkunft\/gut-zu-wissen\/hunde\/#breadcrumb"},"inLanguage":"de","potentialAction":[{"@type":"ReadAction","target":["https:\/\/kynnefjall.com\/de\/unterkunft\/gut-zu-wissen\/hunde\/"]}]},{"@type":"BreadcrumbList","@id":"https:\/\/kynnefjall.com\/de\/unterkunft\/gut-zu-wissen\/hunde\/#breadcrumb","itemListElement":[{"@type":"ListItem","position":1,"name":"Hem","item":"https:\/\/kynnefjall.com\/de\/heim\/"},{"@type":"ListItem","position":2,"name":"Unterkunft","item":"https:\/\/kynnefjall.com\/de\/unterkunft\/"},{"@type":"ListItem","position":3,"name":"Gut zu wissen","item":"https:\/\/kynnefjall.com\/de\/unterkunft\/gut-zu-wissen\/"},{"@type":"ListItem","position":4,"name":"Hunde"}]},{"@type":"WebSite","@id":"https:\/\/kynnefjall.com\/#website","url":"https:\/\/kynnefjall.com\/","name":"Kynnefj\u00e4lls Natur","description":"","potentialAction":[{"@type":"SearchAction","target":{"@type":"EntryPoint","urlTemplate":"https:\/\/kynnefjall.com\/?s={search_term_string}"},"query-input":"required name=search_term_string"}],"inLanguage":"de"}]}},"_links":{"self":[{"href":"https:\/\/kynnefjall.com\/de\/wp-json\/wp\/v2\/pages\/7831","targetHints":{"allow":["GET"]}}],"collection":[{"href":"https:\/\/kynnefjall.com\/de\/wp-json\/wp\/v2\/pages"}],"about":[{"href":"https:\/\/kynnefjall.com\/de\/wp-json\/wp\/v2\/types\/page"}],"author":[{"embeddable":true,"href":"https:\/\/kynnefjall.com\/de\/wp-json\/wp\/v2\/users\/2"}],"replies":[{"embeddable":true,"href":"https:\/\/kynnefjall.com\/de\/wp-json\/wp\/v2\/comments?post=7831"}],"version-history":[{"count":2,"href":"https:\/\/kynnefjall.com\/de\/wp-json\/wp\/v2\/pages\/7831\/revisions"}],"predecessor-version":[{"id":7834,"href":"https:\/\/kynnefjall.com\/de\/wp-json\/wp\/v2\/pages\/7831\/revisions\/7834"}],"up":[{"embeddable":true,"href":"https:\/\/kynnefjall.com\/de\/wp-json\/wp\/v2\/pages\/7823"}],"wp:attachment":[{"href":"https:\/\/kynnefjall.com\/de\/wp-json\/wp\/v2\/media?parent=7831"}],"curies":[{"name":"wp","href":"https:\/\/api.w.org\/{rel}","templated":true}]}}