{"id":7791,"date":"2020-03-26T13:19:59","date_gmt":"2020-03-26T12:19:59","guid":{"rendered":"https:\/\/kynnefjall.com\/foretag\/"},"modified":"2024-11-05T04:01:54","modified_gmt":"2024-11-05T03:01:54","slug":"geschaeft","status":"publish","type":"page","link":"https:\/\/kynnefjall.com\/de\/geschaeft\/","title":{"rendered":"Gesch\u00e4ft"},"content":{"rendered":"<div id='full_slider_1' class='avia-fullwidth-slider main_color avia-shadow  av-small-hide av-mini-hide  avia-builder-el-0  el_before_av_slideshow_full  avia-builder-el-first   container_wrap fullsize' style=' '  ><div  data-size='desktop_banner'  data-lightbox_size='large'  data-animation='slide'  data-conditional_play=''  data-ids='1985,3236,2087'  data-video_counter='0'  data-autoplay='false'  data-bg_slider='false'  data-slide_height=''  data-handle='av_slideshow_full'  data-interval='5'  data-class=' '  data-css_id=''  data-scroll_down=''  data-control_layout='av-control-default'  data-custom_markup=''  data-perma_caption=''  data-autoplay_stopper=''  data-image_attachment=''  data-min_height='0px'  data-src=''  data-position='top left'  data-repeat='no-repeat'  data-attach='scroll'  data-stretch=''  data-default-height='31.25'  class='avia-slideshow avia-slideshow-1  av-control-default av-default-height-applied avia-slideshow-desktop_banner av_slideshow_full   avia-slide-slider '  itemprop=\"image\" itemscope=\"itemscope\" itemtype=\"https:\/\/schema.org\/ImageObject\" ><ul class='avia-slideshow-inner ' style='padding-bottom: 31.25%;' ><li  class=' slide-1 ' ><div data-rel='slideshow-1' class='avia-slide-wrap '   ><img src='https:\/\/kynnefjall.com\/wp-content\/uploads\/2020\/05\/konferens-logen-1920x600.jpg' width='1920' height='600' title='konferens logen' alt=''  itemprop=\"thumbnailUrl\"   \/><\/div><\/li><li  class=' slide-2 ' ><div data-rel='slideshow-1' class='avia-slide-wrap '   ><img src='https:\/\/kynnefjall.com\/wp-content\/uploads\/2020\/05\/1-2-1920x600.jpg' width='1920' height='600' title='' alt=''  itemprop=\"thumbnailUrl\"   \/><\/div><\/li><li  class=' slide-3 ' ><div data-rel='slideshow-1' class='avia-slide-wrap '   ><img src='https:\/\/kynnefjall.com\/wp-content\/uploads\/2020\/05\/takterrass-ladug\u00e5rd-uteservering-anl\u00e4ggning-1920x600.jpg' width='1920' height='600' title='takterrass ladug\u00e5rd uteservering anl\u00e4ggning' alt=''  itemprop=\"thumbnailUrl\"   \/><\/div><\/li><\/ul><div class='avia-slideshow-arrows avia-slideshow-controls'><a href='#prev' class='prev-slide' aria-hidden='true' data-av_icon='\ue87c' data-av_iconfont='entypo-fontello'>Zur\u00fcck<\/a><a href='#next' class='next-slide' aria-hidden='true' data-av_icon='\ue87d' data-av_iconfont='entypo-fontello'>Weiter<\/a><\/div><div class='avia-slideshow-dots avia-slideshow-controls'><a href='#1' class='goto-slide active' >1<\/a><a href='#2' class='goto-slide ' >2<\/a><a href='#3' class='goto-slide ' >3<\/a><\/div><\/div><\/div>\n<div id='full_slider_2' class='avia-fullwidth-slider main_color avia-shadow  av-desktop-hide av-medium-hide  avia-builder-el-1  el_after_av_slideshow_full  el_before_av_section   slider-not-first container_wrap fullsize' style=' '  ><div  data-size='large'  data-lightbox_size='large'  data-animation='slide'  data-conditional_play=''  data-ids='1985,3236,2087'  data-video_counter='0'  data-autoplay='false'  data-bg_slider='false'  data-slide_height=''  data-handle='av_slideshow_full'  data-interval='5'  data-class=' '  data-css_id=''  data-scroll_down=''  data-control_layout='av-control-default'  data-custom_markup=''  data-perma_caption=''  data-autoplay_stopper=''  data-image_attachment=''  data-min_height='0px'  data-src=''  data-position='top left'  data-repeat='no-repeat'  data-attach='scroll'  data-stretch=''  class='avia-slideshow avia-slideshow-2  av-control-default av-default-height-applied avia-slideshow-large av_slideshow_full   avia-slide-slider '  itemprop=\"image\" itemscope=\"itemscope\" itemtype=\"https:\/\/schema.org\/ImageObject\" ><ul class='avia-slideshow-inner ' style='padding-bottom: 75.04854368932%;' ><li  class=' slide-1 ' ><div data-rel='slideshow-2' class='avia-slide-wrap '   ><img src='https:\/\/kynnefjall.com\/wp-content\/uploads\/2020\/05\/konferens-logen-1030x773.jpg' width='1030' height='773' title='konferens logen' alt=''  itemprop=\"thumbnailUrl\"   \/><\/div><\/li><li  class=' slide-2 ' ><div data-rel='slideshow-2' class='avia-slide-wrap '   ><img src='https:\/\/kynnefjall.com\/wp-content\/uploads\/2020\/05\/1-2-1030x773.jpg' width='1030' height='773' title='' alt=''  itemprop=\"thumbnailUrl\"   \/><\/div><\/li><li  class=' slide-3 ' ><div data-rel='slideshow-2' class='avia-slide-wrap '   ><img src='https:\/\/kynnefjall.com\/wp-content\/uploads\/2020\/05\/takterrass-ladug\u00e5rd-uteservering-anl\u00e4ggning-1030x686.jpg' width='1030' height='686' title='takterrass ladug\u00e5rd uteservering anl\u00e4ggning' alt=''  itemprop=\"thumbnailUrl\"   \/><\/div><\/li><\/ul><div class='avia-slideshow-arrows avia-slideshow-controls'><a href='#prev' class='prev-slide' aria-hidden='true' data-av_icon='\ue87c' data-av_iconfont='entypo-fontello'>Zur\u00fcck<\/a><a href='#next' class='next-slide' aria-hidden='true' data-av_icon='\ue87d' data-av_iconfont='entypo-fontello'>Weiter<\/a><\/div><div class='avia-slideshow-dots avia-slideshow-controls'><a href='#1' class='goto-slide active' >1<\/a><a href='#2' class='goto-slide ' >2<\/a><a href='#3' class='goto-slide ' >3<\/a><\/div><\/div><\/div>\n<div id='av_section_1' class='avia-section main_color avia-section-default avia-no-border-styling avia-bg-style-scroll  avia-builder-el-2  el_after_av_slideshow_full  el_before_av_layout_row  full-width-content  container_wrap fullsize' style=' '  ><div class='container' ><div class='template-page content  av-content-full alpha units'><div class='post-entry post-entry-type-page post-entry-7791'><div class='entry-content-wrapper clearfix'>\n<div class=\"flex_column av_one_full  flex_column_div av-zero-column-padding first  avia-builder-el-3  avia-builder-el-no-sibling   \" style='border-radius:0px; '><p><div style='padding-bottom:0px; ' class='av-special-heading av-special-heading-h1  blockquote modern-quote modern-centered  avia-builder-el-4  el_before_av_textblock  avia-builder-el-first   '><h1 class='av-special-heading-tag '  itemprop=\"headline\"  >Gesch\u00e4ft<\/h1><div class='special-heading-border'><div class='special-heading-inner-border' ><\/div><\/div><\/div><br \/>\n<section class=\"av_textblock_section \"  itemscope=\"itemscope\" itemtype=\"https:\/\/schema.org\/CreativeWork\" ><div class='avia_textblock  '   itemprop=\"text\" ><p style=\"text-align: center;\">Kynnefj\u00e4ll und seine Natur sind einzigartig, hier trifft Norrland-Zwergbirke auf S\u00fcdliches Brombeerstrauch und Nachtveilchen. Auch das Erlebnis, das Sie bei uns bei Kynnefj\u00e4llsNatur machen, ist einzigartig. Unsere G\u00e4ste sprechen oft \u00fcber das Familiengef\u00fchl und das Gef\u00fchl v\u00f6lliger Stille und Frieden. Das ist einer der Vorteile unserer abgeschiedenen Lage, Arbeitskollegen tummeln sich auf v\u00f6llig ungek\u00fcnstelte Art und Weise mitten in der Natur.<\/p>\n<\/div><\/section><\/p><\/div>\n\n<\/div><\/div><\/div><!-- close content main div --><\/div><\/div><div id='av-layout-grid-1' class='av-layout-grid-container entry-content-wrapper main_color av-flex-cells    avia-builder-el-6  el_after_av_section  el_before_av_layout_row  submenu-not-first container_wrap fullsize' style=' '  >\n<div class=\"flex_cell no_margin av_one_half  avia-builder-el-7  el_before_av_cell_one_half  avia-builder-el-first    \" style='background: #f6f6f6; vertical-align:top; padding:50px 30px 50px 50px ; background-color:#f6f6f6; '><div class='flex_cell_inner' ><p><div class='avia-image-container  av-styling-no-styling   av-desktop-hide av-medium-hide  avia-builder-el-8  el_before_av_textblock  avia-builder-el-first   avia-align-center '  itemprop=\"image\" itemscope=\"itemscope\" itemtype=\"https:\/\/schema.org\/ImageObject\"  ><div class='avia-image-container-inner'><div class='avia-image-overlay-wrap'><img class='avia_image' src='https:\/\/kynnefjall.com\/wp-content\/uploads\/2020\/05\/KONFERENS-9-1030x773.jpg' alt='' title='KONFERENS (9)' height=\"773\" width=\"1030\"  itemprop=\"thumbnailUrl\"  \/><\/div><\/div><\/div><br \/>\n<section class=\"av_textblock_section \"  itemscope=\"itemscope\" itemtype=\"https:\/\/schema.org\/CreativeWork\" ><div class='avia_textblock  '   itemprop=\"text\" ><h2>Konferenz<\/h2>\n<p>Tagen Sie entweder traditionell in einem unserer Konferenzr\u00e4ume in unserer umgebauten Scheune oder w\u00e4hlen Sie einen unserer innovativeren Tagungsorte \u201eThe Dam\u201c oder \u201eThe Wind Shelter\u201c, wo das Einzige, was Ihre Gedanken und Ideen einschr\u00e4nkt, die Baumwipfel \u00fcber Ihren K\u00f6pfen sind . Das Sprichwort \u201eDenken Sie \u00fcber den Tellerrand hinaus\u201c ist hier eine Tatsache. Das Gef\u00fchl von Freiheit und frischer Luft l\u00e4dt zu freien Gespr\u00e4chen und weiteren Ideen ein.<\/p>\n<\/div><\/section><br \/>\n<div class='avia-button-wrap avia-button-left  avia-builder-el-10  el_after_av_textblock  el_before_av_button  '><a href='https:\/\/kynnefjall.com\/de\/gruppen-konferenzen\/konferenzen\/'  class='avia-button   avia-icon_select-no avia-color-theme-color avia-size-small avia-position-left '   ><span class='avia_iconbox_title' >Mehr lesen<\/span><\/a><\/div><br \/>\n<div class='avia-button-wrap avia-button-left  avia-builder-el-11  el_after_av_button  avia-builder-el-last  '><a href='https:\/\/kynnefjall.com\/de\/kontakt\/gruppenanfrage\/'  class='avia-button   avia-icon_select-no avia-color-theme-color avia-size-small avia-position-left '  target=\"_blank\"   ><span class='avia_iconbox_title' >Gruppenanfrage - Kontaktformular<\/span><\/a><\/div><\/p>\n<\/div><\/div><div class=\"flex_cell no_margin av_one_half  avia-builder-el-12  el_after_av_cell_one_half  avia-builder-el-last    av-zero-padding av-hide-on-mobile  \" style='background:url(https:\/\/kynnefjall.com\/wp-content\/uploads\/2020\/05\/KONFERENS-9-1030x773.jpg) center center no-repeat scroll; vertical-align:top; padding:0; '><div class='flex_cell_inner' ><\/div><\/div><\/div><div id='av-layout-grid-2' class='av-layout-grid-container entry-content-wrapper main_color av-flex-cells    avia-builder-el-13  el_after_av_layout_row  avia-builder-el-last  submenu-not-first container_wrap fullsize' style=' '  >\n<div class=\"flex_cell no_margin av_one_half  avia-builder-el-14  el_before_av_cell_one_half  avia-builder-el-first    \" style='background: #f6f6f6; vertical-align:top; padding:50px 30px 50px 50px ; background-color:#f6f6f6; '><div class='flex_cell_inner' ><p><div class='avia-image-container  av-styling-no-styling   av-desktop-hide av-medium-hide  avia-builder-el-15  el_before_av_textblock  avia-builder-el-first   avia-align-center '  itemprop=\"image\" itemscope=\"itemscope\" itemtype=\"https:\/\/schema.org\/ImageObject\"  ><div class='avia-image-container-inner'><div class='avia-image-overlay-wrap'><img class='avia_image' src='https:\/\/kynnefjall.com\/wp-content\/uploads\/2020\/05\/Restaurang-mat-dukning-matsal-lokal-27-1030x686.jpg' alt='' title='Restaurang mat dukning matsal lokal (27)' height=\"686\" width=\"1030\"  itemprop=\"thumbnailUrl\"  \/><\/div><\/div><\/div><br \/>\n<section class=\"av_textblock_section \"  itemscope=\"itemscope\" itemtype=\"https:\/\/schema.org\/CreativeWork\" ><div class='avia_textblock  '   itemprop=\"text\" ><h2>Mittagessen\/Abendessen<\/h2>\n<p>M\u00f6chten Sie einem Mitarbeiter danken? Ein Weihnachtsessen? Das Restaurant im Kynnefj\u00e4llsNatur serviert ein gemischtes Men\u00fc mit Wildfleisch aus Kynnefj\u00e4ll als Spezialit\u00e4t. Kontaktieren Sie uns und wir senden Ihnen unser Mittagsmen\u00fc oder unser Abendmen\u00fc zu, bei dem Sie Ihr eigenes Men\u00fc mit einem, zwei oder drei Gerichten zusammenstellen k\u00f6nnen.<\/p>\n<p>AUFMERKSAMKEIT! Das Restaurant ist f\u00fcr gebuchte Partys ge\u00f6ffnet. Sie m\u00fcssen mindestens ca. buchen. 10-15 Personen, wenn Sie Ihren Aufenthalt nicht mit einer Unterkunft bei uns kombinieren. Kontaktieren Sie uns f\u00fcr die \u00d6ffnungszeiten des Restaurants und weitere Informationen.<\/p>\n<\/div><\/section><br \/>\n<div class='avia-button-wrap avia-button-left  avia-builder-el-17  el_after_av_textblock  avia-builder-el-last  '><a href='https:\/\/kynnefjall.com\/de\/kontakt\/gruppenanfrage\/'  class='avia-button   avia-icon_select-no avia-color-theme-color avia-size-small avia-position-left '  target=\"_blank\"   ><span class='avia_iconbox_title' >Gruppenanfrage<\/span><\/a><\/div><\/p>\n<\/div><\/div><div class=\"flex_cell no_margin av_one_half  avia-builder-el-18  el_after_av_cell_one_half  avia-builder-el-last    av-zero-padding av-hide-on-mobile  \" style='background:url(https:\/\/kynnefjall.com\/wp-content\/uploads\/2020\/05\/Restaurang-mat-dukning-matsal-lokal-27-1030x686.jpg) center center no-repeat scroll; vertical-align:top; padding:0; '><div class='flex_cell_inner' ><\/div><\/div><\/div><\/p>\n","protected":false},"excerpt":{"rendered":"","protected":false},"author":2,"featured_media":0,"parent":0,"menu_order":0,"comment_status":"closed","ping_status":"closed","template":"","meta":{"footnotes":""},"class_list":["post-7791","page","type-page","status-publish","hentry"],"yoast_head":"<!-- This site is optimized with the Yoast SEO plugin v22.8 - https:\/\/yoast.com\/wordpress\/plugins\/seo\/ -->\n<title>Gesch\u00e4ft - Kynnefj\u00e4lls Natur<\/title>\n<meta name=\"robots\" content=\"index, follow, max-snippet:-1, max-image-preview:large, max-video-preview:-1\" \/>\n<link rel=\"canonical\" href=\"https:\/\/kynnefjall.com\/de\/geschaeft\/\" \/>\n<meta property=\"og:locale\" content=\"de_DE\" \/>\n<meta property=\"og:type\" content=\"article\" \/>\n<meta property=\"og:title\" content=\"Gesch\u00e4ft - Kynnefj\u00e4lls Natur\" \/>\n<meta property=\"og:url\" content=\"https:\/\/kynnefjall.com\/de\/geschaeft\/\" \/>\n<meta property=\"og:site_name\" content=\"Kynnefj\u00e4lls Natur\" \/>\n<meta property=\"article:modified_time\" content=\"2024-11-05T03:01:54+00:00\" \/>\n<meta name=\"twitter:card\" content=\"summary_large_image\" \/>\n<meta name=\"twitter:label1\" content=\"Gesch\u00e4tzte Lesezeit\" \/>\n\t<meta name=\"twitter:data1\" content=\"5\u00a0Minuten\" \/>\n<script type=\"application\/ld+json\" class=\"yoast-schema-graph\">{\"@context\":\"https:\/\/schema.org\",\"@graph\":[{\"@type\":\"WebPage\",\"@id\":\"https:\/\/kynnefjall.com\/de\/geschaeft\/\",\"url\":\"https:\/\/kynnefjall.com\/de\/geschaeft\/\",\"name\":\"Gesch\u00e4ft - Kynnefj\u00e4lls Natur\",\"isPartOf\":{\"@id\":\"https:\/\/kynnefjall.com\/#website\"},\"datePublished\":\"2020-03-26T12:19:59+00:00\",\"dateModified\":\"2024-11-05T03:01:54+00:00\",\"breadcrumb\":{\"@id\":\"https:\/\/kynnefjall.com\/de\/geschaeft\/#breadcrumb\"},\"inLanguage\":\"de\",\"potentialAction\":[{\"@type\":\"ReadAction\",\"target\":[\"https:\/\/kynnefjall.com\/de\/geschaeft\/\"]}]},{\"@type\":\"BreadcrumbList\",\"@id\":\"https:\/\/kynnefjall.com\/de\/geschaeft\/#breadcrumb\",\"itemListElement\":[{\"@type\":\"ListItem\",\"position\":1,\"name\":\"Hem\",\"item\":\"https:\/\/kynnefjall.com\/de\/heim\/\"},{\"@type\":\"ListItem\",\"position\":2,\"name\":\"Gesch\u00e4ft\"}]},{\"@type\":\"WebSite\",\"@id\":\"https:\/\/kynnefjall.com\/#website\",\"url\":\"https:\/\/kynnefjall.com\/\",\"name\":\"Kynnefj\u00e4lls Natur\",\"description\":\"\",\"potentialAction\":[{\"@type\":\"SearchAction\",\"target\":{\"@type\":\"EntryPoint\",\"urlTemplate\":\"https:\/\/kynnefjall.com\/?s={search_term_string}\"},\"query-input\":\"required name=search_term_string\"}],\"inLanguage\":\"de\"}]}<\/script>\n<!-- \/ Yoast SEO plugin. -->","yoast_head_json":{"title":"Gesch\u00e4ft - Kynnefj\u00e4lls Natur","robots":{"index":"index","follow":"follow","max-snippet":"max-snippet:-1","max-image-preview":"max-image-preview:large","max-video-preview":"max-video-preview:-1"},"canonical":"https:\/\/kynnefjall.com\/de\/geschaeft\/","og_locale":"de_DE","og_type":"article","og_title":"Gesch\u00e4ft - Kynnefj\u00e4lls Natur","og_url":"https:\/\/kynnefjall.com\/de\/geschaeft\/","og_site_name":"Kynnefj\u00e4lls Natur","article_modified_time":"2024-11-05T03:01:54+00:00","twitter_card":"summary_large_image","twitter_misc":{"Gesch\u00e4tzte Lesezeit":"5\u00a0Minuten"},"schema":{"@context":"https:\/\/schema.org","@graph":[{"@type":"WebPage","@id":"https:\/\/kynnefjall.com\/de\/geschaeft\/","url":"https:\/\/kynnefjall.com\/de\/geschaeft\/","name":"Gesch\u00e4ft - Kynnefj\u00e4lls Natur","isPartOf":{"@id":"https:\/\/kynnefjall.com\/#website"},"datePublished":"2020-03-26T12:19:59+00:00","dateModified":"2024-11-05T03:01:54+00:00","breadcrumb":{"@id":"https:\/\/kynnefjall.com\/de\/geschaeft\/#breadcrumb"},"inLanguage":"de","potentialAction":[{"@type":"ReadAction","target":["https:\/\/kynnefjall.com\/de\/geschaeft\/"]}]},{"@type":"BreadcrumbList","@id":"https:\/\/kynnefjall.com\/de\/geschaeft\/#breadcrumb","itemListElement":[{"@type":"ListItem","position":1,"name":"Hem","item":"https:\/\/kynnefjall.com\/de\/heim\/"},{"@type":"ListItem","position":2,"name":"Gesch\u00e4ft"}]},{"@type":"WebSite","@id":"https:\/\/kynnefjall.com\/#website","url":"https:\/\/kynnefjall.com\/","name":"Kynnefj\u00e4lls Natur","description":"","potentialAction":[{"@type":"SearchAction","target":{"@type":"EntryPoint","urlTemplate":"https:\/\/kynnefjall.com\/?s={search_term_string}"},"query-input":"required name=search_term_string"}],"inLanguage":"de"}]}},"_links":{"self":[{"href":"https:\/\/kynnefjall.com\/de\/wp-json\/wp\/v2\/pages\/7791","targetHints":{"allow":["GET"]}}],"collection":[{"href":"https:\/\/kynnefjall.com\/de\/wp-json\/wp\/v2\/pages"}],"about":[{"href":"https:\/\/kynnefjall.com\/de\/wp-json\/wp\/v2\/types\/page"}],"author":[{"embeddable":true,"href":"https:\/\/kynnefjall.com\/de\/wp-json\/wp\/v2\/users\/2"}],"replies":[{"embeddable":true,"href":"https:\/\/kynnefjall.com\/de\/wp-json\/wp\/v2\/comments?post=7791"}],"version-history":[{"count":3,"href":"https:\/\/kynnefjall.com\/de\/wp-json\/wp\/v2\/pages\/7791\/revisions"}],"predecessor-version":[{"id":7812,"href":"https:\/\/kynnefjall.com\/de\/wp-json\/wp\/v2\/pages\/7791\/revisions\/7812"}],"wp:attachment":[{"href":"https:\/\/kynnefjall.com\/de\/wp-json\/wp\/v2\/media?parent=7791"}],"curies":[{"name":"wp","href":"https:\/\/api.w.org\/{rel}","templated":true}]}}