{"id":7774,"date":"2020-03-26T12:31:23","date_gmt":"2020-03-26T11:31:23","guid":{"rendered":"https:\/\/kynnefjall.com\/barnfamiljen\/"},"modified":"2024-11-05T03:46:34","modified_gmt":"2024-11-05T02:46:34","slug":"die-familie-mit-kindern","status":"publish","type":"page","link":"https:\/\/kynnefjall.com\/de\/die-familie-mit-kindern\/","title":{"rendered":"Die Familie mit Kindern"},"content":{"rendered":"<div id='full_slider_1' class='avia-fullwidth-slider main_color avia-shadow  av-small-hide av-mini-hide  avia-builder-el-0  el_before_av_slideshow_full  avia-builder-el-first   container_wrap fullsize' style=' '  ><div  data-size='desktop_banner'  data-lightbox_size='large'  data-animation='slide'  data-conditional_play=''  data-ids='398,3603'  data-video_counter='0'  data-autoplay='false'  data-bg_slider='false'  data-slide_height=''  data-handle='av_slideshow_full'  data-interval='5'  data-class=' '  data-css_id=''  data-scroll_down=''  data-control_layout='av-control-default'  data-custom_markup=''  data-perma_caption=''  data-autoplay_stopper=''  data-image_attachment=''  data-min_height='0px'  data-src=''  data-position='top left'  data-repeat='no-repeat'  data-attach='scroll'  data-stretch=''  data-default-height='31.25'  class='avia-slideshow avia-slideshow-1  av-control-default av-default-height-applied avia-slideshow-desktop_banner av_slideshow_full   avia-slide-slider '  itemprop=\"image\" itemscope=\"itemscope\" itemtype=\"https:\/\/schema.org\/ImageObject\" ><ul class='avia-slideshow-inner ' style='padding-bottom: 31.25%;' ><li  class=' slide-1 ' ><div data-rel='slideshow-1' class='avia-slide-wrap '   ><img src='https:\/\/kynnefjall.com\/wp-content\/uploads\/2020\/02\/kynnefjall_img43-1920x600.jpg' width='1920' height='600' title='kynnefjall_img43' alt=''  itemprop=\"thumbnailUrl\"   \/><\/div><\/li><li  class=' slide-2 ' ><div data-rel='slideshow-1' class='avia-slide-wrap '   ><img src='https:\/\/kynnefjall.com\/wp-content\/uploads\/2020\/05\/kanot-vatten-\u00f6rekils\u00e4lven-k\u00e4rnsj\u00f6n-aktiviteter-1-1920x600.jpg' width='1920' height='600' title='kanot vatten \u00f6rekils\u00e4lven k\u00e4rnsj\u00f6n aktiviteter (1)' alt=''  itemprop=\"thumbnailUrl\"   \/><\/div><\/li><\/ul><div class='avia-slideshow-arrows avia-slideshow-controls'><a href='#prev' class='prev-slide' aria-hidden='true' data-av_icon='\ue87c' data-av_iconfont='entypo-fontello'>Zur\u00fcck<\/a><a href='#next' class='next-slide' aria-hidden='true' data-av_icon='\ue87d' data-av_iconfont='entypo-fontello'>Weiter<\/a><\/div><div class='avia-slideshow-dots avia-slideshow-controls'><a href='#1' class='goto-slide active' >1<\/a><a href='#2' class='goto-slide ' >2<\/a><\/div><\/div><\/div>\n<div id='full_slider_2' class='avia-fullwidth-slider main_color avia-shadow  av-desktop-hide av-medium-hide  avia-builder-el-1  el_after_av_slideshow_full  el_before_av_section   slider-not-first container_wrap fullsize' style=' '  ><div  data-size='large'  data-lightbox_size='large'  data-animation='slide'  data-conditional_play=''  data-ids='398'  data-video_counter='0'  data-autoplay='false'  data-bg_slider='false'  data-slide_height=''  data-handle='av_slideshow_full'  data-interval='5'  data-class=' '  data-css_id=''  data-scroll_down=''  data-control_layout='av-control-default'  data-custom_markup=''  data-perma_caption=''  data-autoplay_stopper=''  data-image_attachment=''  data-min_height='0px'  data-src=''  data-position='top left'  data-repeat='no-repeat'  data-attach='scroll'  data-stretch=''  class='avia-slideshow avia-slideshow-2  av-control-default av-default-height-applied avia-slideshow-large av_slideshow_full   avia-slide-slider '  itemprop=\"image\" itemscope=\"itemscope\" itemtype=\"https:\/\/schema.org\/ImageObject\" ><ul class='avia-slideshow-inner ' style='padding-bottom: 66.601941747573%;' ><li  class=' av-single-slide slide-1 ' ><div data-rel='slideshow-2' class='avia-slide-wrap '   ><img src='https:\/\/kynnefjall.com\/wp-content\/uploads\/2020\/02\/kynnefjall_img43-1030x686.jpg' width='1030' height='686' title='kynnefjall_img43' alt=''  itemprop=\"thumbnailUrl\"   \/><\/div><\/li><\/ul><\/div><\/div>\n<div id='av_section_1' class='avia-section main_color avia-section-default avia-no-border-styling avia-bg-style-scroll  avia-builder-el-2  el_after_av_slideshow_full  el_before_av_layout_row  full-width-content  container_wrap fullsize' style=' '  ><div class='container' ><div class='template-page content  av-content-full alpha units'><div class='post-entry post-entry-type-page post-entry-7774'><div class='entry-content-wrapper clearfix'>\n<div class=\"flex_column av_one_full  flex_column_div av-zero-column-padding first  avia-builder-el-3  avia-builder-el-no-sibling   \" style='border-radius:0px; '><p><div style='padding-bottom:0px; ' class='av-special-heading av-special-heading-h1  blockquote modern-quote modern-centered  avia-builder-el-4  el_before_av_textblock  avia-builder-el-first   '><h1 class='av-special-heading-tag '  itemprop=\"headline\"  >Die Familie mit Kindern<\/h1><div class='special-heading-border'><div class='special-heading-inner-border' ><\/div><\/div><\/div><br \/>\n<section class=\"av_textblock_section \"  itemscope=\"itemscope\" itemtype=\"https:\/\/schema.org\/CreativeWork\" ><div class='avia_textblock  '   itemprop=\"text\" ><p style=\"text-align: center;\">Kynnefj\u00e4llsNatur ist perfekt f\u00fcr Familien mit Kindern. Die Anlage mit Zimmern und Ferienh\u00e4usern liegt abseits stark befahrener Stra\u00dfen. Unsere Blockh\u00fctten und unser Familienzimmer mit 6 Betten eignen sich besonders f\u00fcr Familien mit Kindern. Genie\u00dfen Sie die Natur hier im Kynnefj\u00e4ll und lassen Sie die Entdeckungslust in Ihnen und den Kindern wecken, indem Sie angeln, wandern, grillen und den Kindern mehr \u00fcber die Vorfahrt beibringen. Lesen Sie weiter unten auch \u00fcber die verschiedenen Tagesausfl\u00fcge, die Sie von hier aus unternehmen k\u00f6nnen, wenn Sie mehr von Bohusl\u00e4n und unserer Umgebung sehen m\u00f6chten.<\/p>\n<\/div><\/section><\/p><\/div>\n\n<\/div><\/div><\/div><!-- close content main div --><\/div><\/div><div id='av-layout-grid-1' class='av-layout-grid-container entry-content-wrapper main_color av-flex-cells    avia-builder-el-6  el_after_av_section  el_before_av_layout_row  submenu-not-first container_wrap fullsize' style=' '  >\n<div class=\"flex_cell no_margin av_one_half  avia-builder-el-7  el_before_av_cell_one_half  avia-builder-el-first    \" style='background: #f6f6f6; vertical-align:top; padding:50px 30px 50px 50px ; background-color:#f6f6f6; '><div class='flex_cell_inner' ><p><div class='avia-image-container  av-styling-no-styling   av-desktop-hide av-medium-hide  avia-builder-el-8  el_before_av_textblock  avia-builder-el-first   avia-align-center '  itemprop=\"image\" itemscope=\"itemscope\" itemtype=\"https:\/\/schema.org\/ImageObject\"  ><div class='avia-image-container-inner'><div class='avia-image-overlay-wrap'><img class='avia_image' src='https:\/\/kynnefjall.com\/wp-content\/uploads\/2022\/03\/Pojke-fiskar-1030x687.jpg' alt='' title='Pojke fiskar' height=\"687\" width=\"1030\"  itemprop=\"thumbnailUrl\"  \/><\/div><\/div><\/div><br \/>\n<section class=\"av_textblock_section \"  itemscope=\"itemscope\" itemtype=\"https:\/\/schema.org\/CreativeWork\" ><div class='avia_textblock  '   itemprop=\"text\" ><h2>Tipps f\u00fcr Familien mit Kindern!<\/h2>\n<p>Hier bei Kynnefj\u00e4llsNatur gibt es eine Reihe verschiedener Aktivit\u00e4ten, die f\u00fcr Familien mit Kindern geeignet sind. Beispielsweise k\u00f6nnen Sie mit den Kindern eine <a href=\"https:\/\/kynnefjall.com\/de\/aktivitaeten-und-abenteuer\/wandern\/\">Wanderung<\/a> im wundersch\u00f6nen Kynnefj\u00e4ll unternehmen. Machen Sie eine Pause in einer Schutzh\u00fctte und vielleicht ein Bad in einem Teich. Gehen Sie mit den Kindern auf Entdeckungsreise im Wald und erfahren Sie mehr \u00fcber Allemansr\u00e4tten. Wenn Sie Ihre eigene Angelausr\u00fcstung haben, versuchen Sie es mit <a href=\"https:\/\/kynnefjall.com\/de\/aktivitaeten-und-abenteuer\/jagen-und-angeln\/\">fiskelykkan<\/a> in einem gem\u00fctlichen Bergteich, der etwa 2 Kilometer entfernt liegt Einrichtung. Es gibt auch einen Grillplatz vor Ort.Machen Sie einen Tagesausflug zu einem unserer nahe gelegenen <a href=\"https:\/\/kynnefjall.com\/de\/aktivitaeten-und-abenteuer\/andere-dinge-zu-tun\/\">aufregenden Ausflugsziele<\/a> oder an die K\u00fcste zum Schwimmen im Salzwasser.<\/p>\n<\/div><\/section><\/p>\n<\/div><\/div><div class=\"flex_cell no_margin av_one_half  avia-builder-el-10  el_after_av_cell_one_half  avia-builder-el-last    av-zero-padding av-hide-on-mobile  \" style='background:url(https:\/\/kynnefjall.com\/wp-content\/uploads\/2022\/03\/Pojke-fiskar-1030x687.jpg) center center no-repeat scroll; vertical-align:top; padding:0; '><div class='flex_cell_inner' ><\/div><\/div><\/div><div id='av-layout-grid-2' class='av-layout-grid-container entry-content-wrapper main_color av-flex-cells    avia-builder-el-11  el_after_av_layout_row  el_before_av_layout_row  submenu-not-first container_wrap fullsize' style=' '  >\n<div class=\"flex_cell no_margin av_one_half  avia-builder-el-12  el_before_av_cell_one_half  avia-builder-el-first    av-zero-padding av-hide-on-mobile  \" style='background:url(https:\/\/kynnefjall.com\/wp-content\/uploads\/2020\/02\/kynnefjall_img12.jpg) center center no-repeat scroll; vertical-align:top; padding:0; '><div class='flex_cell_inner' ><\/div><\/div><div class=\"flex_cell no_margin av_one_half  avia-builder-el-13  el_after_av_cell_one_half  avia-builder-el-last    \" style='vertical-align:top; padding:50px 30px 50px 50px ; '><div class='flex_cell_inner' ><p><div class='avia-image-container  av-styling-no-styling   av-desktop-hide av-medium-hide  avia-builder-el-14  el_before_av_textblock  avia-builder-el-first   avia-align-center '  itemprop=\"image\" itemscope=\"itemscope\" itemtype=\"https:\/\/schema.org\/ImageObject\"  ><div class='avia-image-container-inner'><div class='avia-image-overlay-wrap'><img class='avia_image' src='https:\/\/kynnefjall.com\/wp-content\/uploads\/2020\/02\/kynnefjall_img12.jpg' alt='' title='kynnefjall_img12' height=\"750\" width=\"1000\"  itemprop=\"thumbnailUrl\"  \/><\/div><\/div><\/div><br \/>\n<section class=\"av_textblock_section \"  itemscope=\"itemscope\" itemtype=\"https:\/\/schema.org\/CreativeWork\" ><div class='avia_textblock  '   itemprop=\"text\" ><h2>Das Ferienhaus oder das Mehrbettzimmer ist f\u00fcr Familien mit Kindern geeignet<\/h2>\n<p>Unsere Blockh\u00fctten liegen abgelegen und haben eine hervorragende Gr\u00f6\u00dfe f\u00fcr Familien mit Kindern. So auch das Familien-Mehrbettzimmer \u201eLoft\u201c. AUFMERKSAMKEIT! \u00dcberpr\u00fcfen Sie die Zimmerbeschreibungen und Bilder, bevor Sie buchen. Die H\u00fctten sind etwas anders gestaltet und es gibt z. B. Treppen in den Unterk\u00fcnften, daher kann es f\u00fcr einige sinnvoll sein, ein Babygitter oder \u00e4hnliches mitzubringen.<\/p>\n<\/div><\/section><br \/>\n<div class='avia-button-wrap avia-button-left  avia-builder-el-16  el_after_av_textblock  avia-builder-el-last  '><a href='https:\/\/kynnefjall.com\/de\/unterkunft\/'  class='avia-button   avia-icon_select-no avia-color-theme-color avia-size-small avia-position-left '   ><span class='avia_iconbox_title' >Mehr lesen<\/span><\/a><\/div><\/p>\n<\/div><\/div><\/div><div id='av-layout-grid-3' class='av-layout-grid-container entry-content-wrapper main_color av-flex-cells    avia-builder-el-17  el_after_av_layout_row  el_before_av_layout_row  submenu-not-first container_wrap fullsize' style=' '  >\n<div class=\"flex_cell no_margin av_one_half  avia-builder-el-18  el_before_av_cell_one_half  avia-builder-el-first    \" style='background: #f6f6f6; vertical-align:top; padding:50px 30px 50px 50px ; background-color:#f6f6f6; '><div class='flex_cell_inner' ><p><div class='avia-image-container  av-styling-no-styling   av-desktop-hide av-medium-hide  avia-builder-el-19  el_before_av_textblock  avia-builder-el-first   avia-align-center '  itemprop=\"image\" itemscope=\"itemscope\" itemtype=\"https:\/\/schema.org\/ImageObject\"  ><div class='avia-image-container-inner'><div class='avia-image-overlay-wrap'><img class='avia_image' src='https:\/\/kynnefjall.com\/wp-content\/uploads\/2022\/03\/snow-leopard-g0be178cb2_19201892-1030x687.jpg' alt='' title='snow-leopard-g0be178cb2_1920[1892]' height=\"687\" width=\"1030\"  itemprop=\"thumbnailUrl\"  \/><\/div><\/div><\/div><br \/>\n<section class=\"av_textblock_section \"  itemscope=\"itemscope\" itemtype=\"https:\/\/schema.org\/CreativeWork\" ><div class='avia_textblock  '   itemprop=\"text\" ><h2>Tagesausfl\u00fcge in die Umgebung<\/h2>\n<p>Hier erhalten Sie Tipps zu spannenden Reisezielen, die bei einem Besuch in diesem Teil Schwedens fast ein Muss sind. Reiseziele wie Havets Hus, Stellas Spielland, Nordens Ark, das Vitlycke-Museum und das Weltkulturerbe von Tanum, die normalerweise den ganzen Sommer \u00fcber Aktivit\u00e4ten f\u00fcr Kinder bieten, wie zum Beispiel eine Arch\u00e4ologieschule und Aktivit\u00e4ten zur Bronzezeit.<\/p>\n<\/div><\/section><br \/>\n<div class='avia-button-wrap avia-button-left  avia-builder-el-21  el_after_av_textblock  avia-builder-el-last  '><a href='https:\/\/kynnefjall.com\/de\/aktivitaeten-und-abenteuer\/andere-dinge-zu-tun\/'  class='avia-button   avia-icon_select-no avia-color-theme-color avia-size-small avia-position-left '   ><span class='avia_iconbox_title' >Mehr lesen<\/span><\/a><\/div><\/p>\n<\/div><\/div><div class=\"flex_cell no_margin av_one_half  avia-builder-el-22  el_after_av_cell_one_half  avia-builder-el-last    av-zero-padding av-hide-on-mobile  \" style='background:url(https:\/\/kynnefjall.com\/wp-content\/uploads\/2022\/03\/snow-leopard-g0be178cb2_19201892-1030x687.jpg) center center no-repeat scroll; vertical-align:top; padding:0; '><div class='flex_cell_inner' ><\/div><\/div><\/div><div id='av-layout-grid-4' class='av-layout-grid-container entry-content-wrapper main_color av-flex-cells    avia-builder-el-23  el_after_av_layout_row  el_before_av_layout_row  submenu-not-first container_wrap fullsize' style=' '  >\n<div class=\"flex_cell no_margin av_one_half  avia-builder-el-24  el_before_av_cell_one_half  avia-builder-el-first    av-zero-padding av-hide-on-mobile  \" style='background:url(https:\/\/kynnefjall.com\/wp-content\/uploads\/2022\/03\/Bohusleden_Etapp19-Photo-Cred-Fredrik-Schenholm-11894.jpg) center center no-repeat scroll; vertical-align:top; padding:0; '><div class='flex_cell_inner' ><\/div><\/div><div class=\"flex_cell no_margin av_one_half  avia-builder-el-25  el_after_av_cell_one_half  avia-builder-el-last    \" style='vertical-align:top; padding:50px 30px 50px 50px ; '><div class='flex_cell_inner' ><p><div class='avia-image-container  av-styling-no-styling   av-desktop-hide av-medium-hide  avia-builder-el-26  el_before_av_textblock  avia-builder-el-first   avia-align-center '  itemprop=\"image\" itemscope=\"itemscope\" itemtype=\"https:\/\/schema.org\/ImageObject\"  ><div class='avia-image-container-inner'><div class='avia-image-overlay-wrap'><img class='avia_image' src='https:\/\/kynnefjall.com\/wp-content\/uploads\/2022\/03\/Bohusleden_Etapp19-Photo-Cred-Fredrik-Schenholm-11894.jpg' alt='' title='Bohusleden_Etapp19- Photo Cred Fredrik Schenholm (1)[1894]' height=\"380\" width=\"540\"  itemprop=\"thumbnailUrl\"  \/><\/div><\/div><\/div><br \/>\n<section class=\"av_textblock_section \"  itemscope=\"itemscope\" itemtype=\"https:\/\/schema.org\/CreativeWork\" ><div class='avia_textblock  '   itemprop=\"text\" ><h2>Wandern mit Kindern<\/h2>\n<p>Wandern mit Kindern muss nicht so kompliziert sein. Sie k\u00f6nnen bequem in einem Zimmer oder einer H\u00fctte bei Kynnefj\u00e4llsNatur wohnen oder in einem der Windschutzh\u00fctten bei Kynnefj\u00e4ll schlafen. Entlang des Bohusleden und oben auf dem Kynnefj\u00e4ll gibt es mehrere Schutzh\u00fctten und eine \u00dcbernachtungsh\u00fctte mit 12 Betten am Vaktarekullen. Das Ferienhaus kann nicht im Voraus gebucht werden. Sie k\u00f6nnen auch auf den Waldwegen von Kynnefj\u00e4llsNatur wandern oder einen unserer Wanderwege nutzen. Zwei davon beginnen und enden bei Kynnefj\u00e4llsNatur. Die Strecken sind ca. 5 km bzw. 14 km lang.<\/p>\n<\/div><\/section><br \/>\n<div class='avia-button-wrap avia-button-left  avia-builder-el-28  el_after_av_textblock  avia-builder-el-last  '><a href='https:\/\/www.vastsverige.com\/munkedal\/produkter\/veckovis-6-aventyr-kynnefjall\/?site=3492'  class='avia-button   avia-icon_select-no avia-color-theme-color avia-size-small avia-position-left '   ><span class='avia_iconbox_title' >Finden Sie Ihr Abenteuer im Kynnefj\u00e4ll<\/span><\/a><\/div><\/p>\n<\/div><\/div>\n<\/div><\/p>\n<div id='av-layout-grid-5' class='av-layout-grid-container entry-content-wrapper main_color av-flex-cells    avia-builder-el-29  el_after_av_layout_row  avia-builder-el-last  submenu-not-first container_wrap fullsize' style=' '  >\n<div class=\"flex_cell no_margin av_one_full  avia-builder-el-30  avia-builder-el-no-sibling    \" style='background: #f6f6f6; vertical-align:top; padding:50px 30px 50px 50px ; background-color:#f6f6f6; '><div class='flex_cell_inner' ><p><br \/>\n<section class=\"av_textblock_section \"  itemscope=\"itemscope\" itemtype=\"https:\/\/schema.org\/CreativeWork\" ><div class='avia_textblock  '   itemprop=\"text\" ><\/div><\/section><\/p>\n<\/div><\/div>\n<\/div>\n","protected":false},"excerpt":{"rendered":"","protected":false},"author":2,"featured_media":0,"parent":0,"menu_order":0,"comment_status":"closed","ping_status":"closed","template":"","meta":{"footnotes":""},"class_list":["post-7774","page","type-page","status-publish","hentry"],"yoast_head":"<!-- This site is optimized with the Yoast SEO plugin v22.8 - https:\/\/yoast.com\/wordpress\/plugins\/seo\/ -->\n<title>Die Familie mit Kindern - Kynnefj\u00e4lls Natur<\/title>\n<meta name=\"robots\" content=\"index, follow, max-snippet:-1, max-image-preview:large, max-video-preview:-1\" \/>\n<link rel=\"canonical\" href=\"https:\/\/kynnefjall.com\/de\/die-familie-mit-kindern\/\" \/>\n<meta property=\"og:locale\" content=\"de_DE\" \/>\n<meta property=\"og:type\" content=\"article\" \/>\n<meta property=\"og:title\" content=\"Die Familie mit Kindern - Kynnefj\u00e4lls Natur\" \/>\n<meta property=\"og:url\" content=\"https:\/\/kynnefjall.com\/de\/die-familie-mit-kindern\/\" \/>\n<meta property=\"og:site_name\" content=\"Kynnefj\u00e4lls Natur\" \/>\n<meta property=\"article:modified_time\" content=\"2024-11-05T02:46:34+00:00\" \/>\n<meta name=\"twitter:card\" content=\"summary_large_image\" \/>\n<meta name=\"twitter:label1\" content=\"Gesch\u00e4tzte Lesezeit\" \/>\n\t<meta name=\"twitter:data1\" content=\"6\u00a0Minuten\" \/>\n<script type=\"application\/ld+json\" class=\"yoast-schema-graph\">{\"@context\":\"https:\/\/schema.org\",\"@graph\":[{\"@type\":\"WebPage\",\"@id\":\"https:\/\/kynnefjall.com\/de\/die-familie-mit-kindern\/\",\"url\":\"https:\/\/kynnefjall.com\/de\/die-familie-mit-kindern\/\",\"name\":\"Die Familie mit Kindern - Kynnefj\u00e4lls Natur\",\"isPartOf\":{\"@id\":\"https:\/\/kynnefjall.com\/#website\"},\"datePublished\":\"2020-03-26T11:31:23+00:00\",\"dateModified\":\"2024-11-05T02:46:34+00:00\",\"breadcrumb\":{\"@id\":\"https:\/\/kynnefjall.com\/de\/die-familie-mit-kindern\/#breadcrumb\"},\"inLanguage\":\"de\",\"potentialAction\":[{\"@type\":\"ReadAction\",\"target\":[\"https:\/\/kynnefjall.com\/de\/die-familie-mit-kindern\/\"]}]},{\"@type\":\"BreadcrumbList\",\"@id\":\"https:\/\/kynnefjall.com\/de\/die-familie-mit-kindern\/#breadcrumb\",\"itemListElement\":[{\"@type\":\"ListItem\",\"position\":1,\"name\":\"Hem\",\"item\":\"https:\/\/kynnefjall.com\/de\/heim\/\"},{\"@type\":\"ListItem\",\"position\":2,\"name\":\"Die Familie mit Kindern\"}]},{\"@type\":\"WebSite\",\"@id\":\"https:\/\/kynnefjall.com\/#website\",\"url\":\"https:\/\/kynnefjall.com\/\",\"name\":\"Kynnefj\u00e4lls Natur\",\"description\":\"\",\"potentialAction\":[{\"@type\":\"SearchAction\",\"target\":{\"@type\":\"EntryPoint\",\"urlTemplate\":\"https:\/\/kynnefjall.com\/?s={search_term_string}\"},\"query-input\":\"required name=search_term_string\"}],\"inLanguage\":\"de\"}]}<\/script>\n<!-- \/ Yoast SEO plugin. -->","yoast_head_json":{"title":"Die Familie mit Kindern - Kynnefj\u00e4lls Natur","robots":{"index":"index","follow":"follow","max-snippet":"max-snippet:-1","max-image-preview":"max-image-preview:large","max-video-preview":"max-video-preview:-1"},"canonical":"https:\/\/kynnefjall.com\/de\/die-familie-mit-kindern\/","og_locale":"de_DE","og_type":"article","og_title":"Die Familie mit Kindern - Kynnefj\u00e4lls Natur","og_url":"https:\/\/kynnefjall.com\/de\/die-familie-mit-kindern\/","og_site_name":"Kynnefj\u00e4lls Natur","article_modified_time":"2024-11-05T02:46:34+00:00","twitter_card":"summary_large_image","twitter_misc":{"Gesch\u00e4tzte Lesezeit":"6\u00a0Minuten"},"schema":{"@context":"https:\/\/schema.org","@graph":[{"@type":"WebPage","@id":"https:\/\/kynnefjall.com\/de\/die-familie-mit-kindern\/","url":"https:\/\/kynnefjall.com\/de\/die-familie-mit-kindern\/","name":"Die Familie mit Kindern - Kynnefj\u00e4lls Natur","isPartOf":{"@id":"https:\/\/kynnefjall.com\/#website"},"datePublished":"2020-03-26T11:31:23+00:00","dateModified":"2024-11-05T02:46:34+00:00","breadcrumb":{"@id":"https:\/\/kynnefjall.com\/de\/die-familie-mit-kindern\/#breadcrumb"},"inLanguage":"de","potentialAction":[{"@type":"ReadAction","target":["https:\/\/kynnefjall.com\/de\/die-familie-mit-kindern\/"]}]},{"@type":"BreadcrumbList","@id":"https:\/\/kynnefjall.com\/de\/die-familie-mit-kindern\/#breadcrumb","itemListElement":[{"@type":"ListItem","position":1,"name":"Hem","item":"https:\/\/kynnefjall.com\/de\/heim\/"},{"@type":"ListItem","position":2,"name":"Die Familie mit Kindern"}]},{"@type":"WebSite","@id":"https:\/\/kynnefjall.com\/#website","url":"https:\/\/kynnefjall.com\/","name":"Kynnefj\u00e4lls Natur","description":"","potentialAction":[{"@type":"SearchAction","target":{"@type":"EntryPoint","urlTemplate":"https:\/\/kynnefjall.com\/?s={search_term_string}"},"query-input":"required name=search_term_string"}],"inLanguage":"de"}]}},"_links":{"self":[{"href":"https:\/\/kynnefjall.com\/de\/wp-json\/wp\/v2\/pages\/7774","targetHints":{"allow":["GET"]}}],"collection":[{"href":"https:\/\/kynnefjall.com\/de\/wp-json\/wp\/v2\/pages"}],"about":[{"href":"https:\/\/kynnefjall.com\/de\/wp-json\/wp\/v2\/types\/page"}],"author":[{"embeddable":true,"href":"https:\/\/kynnefjall.com\/de\/wp-json\/wp\/v2\/users\/2"}],"replies":[{"embeddable":true,"href":"https:\/\/kynnefjall.com\/de\/wp-json\/wp\/v2\/comments?post=7774"}],"version-history":[{"count":3,"href":"https:\/\/kynnefjall.com\/de\/wp-json\/wp\/v2\/pages\/7774\/revisions"}],"predecessor-version":[{"id":7810,"href":"https:\/\/kynnefjall.com\/de\/wp-json\/wp\/v2\/pages\/7774\/revisions\/7810"}],"wp:attachment":[{"href":"https:\/\/kynnefjall.com\/de\/wp-json\/wp\/v2\/media?parent=7774"}],"curies":[{"name":"wp","href":"https:\/\/api.w.org\/{rel}","templated":true}]}}