{"id":7654,"date":"2020-05-13T15:11:32","date_gmt":"2020-05-13T13:11:32","guid":{"rendered":"https:\/\/kynnefjall.com\/angebote-pakete\/fira-hundvanligt-nyar-pa-kynnefjall\/"},"modified":"2024-11-05T04:59:54","modified_gmt":"2024-11-05T03:59:54","slug":"feiern-sie-ein-hundefreundliches-neujahr-in-kynnefjaell","status":"publish","type":"page","link":"https:\/\/kynnefjall.com\/de\/angebote-pakete\/feiern-sie-ein-hundefreundliches-neujahr-in-kynnefjaell\/","title":{"rendered":"Feiern Sie ein hundefreundliches Neujahr in Kynnefj\u00e4ll"},"content":{"rendered":"<div id='full_slider_1' class='avia-fullwidth-slider main_color avia-shadow  av-small-hide av-mini-hide  avia-builder-el-0  el_before_av_slideshow_full  avia-builder-el-first   container_wrap fullsize' style=' '  ><div  data-size='desktop_banner'  data-lightbox_size='large'  data-animation='slide'  data-conditional_play=''  data-ids='2044,3634,3636,3684,2091'  data-video_counter='0'  data-autoplay='false'  data-bg_slider='false'  data-slide_height=''  data-handle='av_slideshow_full'  data-interval='5'  data-class=' '  data-css_id=''  data-scroll_down=''  data-control_layout='av-control-default'  data-custom_markup=''  data-perma_caption=''  data-autoplay_stopper=''  data-image_attachment=''  data-min_height='0px'  data-src=''  data-position='top left'  data-repeat='no-repeat'  data-attach='scroll'  data-stretch=''  data-default-height='31.25'  class='avia-slideshow avia-slideshow-1  av-control-default av-default-height-applied avia-slideshow-desktop_banner av_slideshow_full   avia-slide-slider '  itemprop=\"image\" itemscope=\"itemscope\" itemtype=\"https:\/\/schema.org\/ImageObject\" ><ul class='avia-slideshow-inner ' style='padding-bottom: 31.25%;' ><li  class=' slide-1 ' ><div data-rel='slideshow-1' class='avia-slide-wrap '   ><img src='https:\/\/kynnefjall.com\/wp-content\/uploads\/2020\/05\/restaurang-grillbuff\u00e9-mat-ny\u00e5r-1920x600.jpg' width='1920' height='600' title='restaurang grillbuff\u00e9 mat ny\u00e5r' alt=''  itemprop=\"thumbnailUrl\"   \/><\/div><\/li><li  class=' slide-2 ' ><div data-rel='slideshow-1' class='avia-slide-wrap '   ><img src='https:\/\/kynnefjall.com\/wp-content\/uploads\/2020\/05\/vinter-jul-ny\u00e5r-reception-2-1920x600.jpg' width='1920' height='600' title='' alt=''  itemprop=\"thumbnailUrl\"   \/><\/div><\/li><li  class=' slide-3 ' ><div data-rel='slideshow-1' class='avia-slide-wrap '   ><img src='https:\/\/kynnefjall.com\/wp-content\/uploads\/2020\/05\/vinter-jul-ny\u00e5r-reception-1920x600.jpg' width='1920' height='600' title='' alt=''  itemprop=\"thumbnailUrl\"   \/><\/div><\/li><li  class=' slide-4 ' ><div data-rel='slideshow-1' class='avia-slide-wrap '   ><img src='https:\/\/kynnefjall.com\/wp-content\/uploads\/2020\/05\/Trollets-rum-1920x600.jpg' width='1920' height='600' title='' alt=''  itemprop=\"thumbnailUrl\"   \/><\/div><\/li><li  class=' slide-5 ' ><div data-rel='slideshow-1' class='avia-slide-wrap '   ><img src='https:\/\/kynnefjall.com\/wp-content\/uploads\/2020\/05\/rum-l\u00e4nga-boende-1920x600.jpg' width='1920' height='600' title='' alt=''  itemprop=\"thumbnailUrl\"   \/><\/div><\/li><\/ul><div class='avia-slideshow-arrows avia-slideshow-controls'><a href='#prev' class='prev-slide' aria-hidden='true' data-av_icon='\ue87c' data-av_iconfont='entypo-fontello'>Zur\u00fcck<\/a><a href='#next' class='next-slide' aria-hidden='true' data-av_icon='\ue87d' data-av_iconfont='entypo-fontello'>Weiter<\/a><\/div><div class='avia-slideshow-dots avia-slideshow-controls'><a href='#1' class='goto-slide active' >1<\/a><a href='#2' class='goto-slide ' >2<\/a><a href='#3' class='goto-slide ' >3<\/a><a href='#4' class='goto-slide ' >4<\/a><a href='#5' class='goto-slide ' >5<\/a><\/div><\/div><\/div>\n<div id='full_slider_2' class='avia-fullwidth-slider main_color avia-shadow  av-desktop-hide av-medium-hide  avia-builder-el-1  el_after_av_slideshow_full  el_before_av_section   slider-not-first container_wrap fullsize' style=' '  ><div  data-size='large'  data-lightbox_size='large'  data-animation='slide'  data-conditional_play=''  data-ids='2044,3634,3636,3684,2091'  data-video_counter='0'  data-autoplay='false'  data-bg_slider='false'  data-slide_height=''  data-handle='av_slideshow_full'  data-interval='5'  data-class=' '  data-css_id=''  data-scroll_down=''  data-control_layout='av-control-default'  data-custom_markup=''  data-perma_caption=''  data-autoplay_stopper=''  data-image_attachment=''  data-min_height='0px'  data-src=''  data-position='top left'  data-repeat='no-repeat'  data-attach='scroll'  data-stretch=''  class='avia-slideshow avia-slideshow-2  av-control-default av-default-height-applied avia-slideshow-large av_slideshow_full   avia-slide-slider '  itemprop=\"image\" itemscope=\"itemscope\" itemtype=\"https:\/\/schema.org\/ImageObject\" ><ul class='avia-slideshow-inner ' style='padding-bottom: 48.640776699029%;' ><li  class=' slide-1 ' ><div data-rel='slideshow-2' class='avia-slide-wrap '   ><img src='https:\/\/kynnefjall.com\/wp-content\/uploads\/2020\/05\/restaurang-grillbuff\u00e9-mat-ny\u00e5r-1030x501.jpg' width='1030' height='501' title='restaurang grillbuff\u00e9 mat ny\u00e5r' alt=''  itemprop=\"thumbnailUrl\"   \/><\/div><\/li><li  class=' slide-2 ' ><div data-rel='slideshow-2' class='avia-slide-wrap '   ><img src='https:\/\/kynnefjall.com\/wp-content\/uploads\/2020\/05\/vinter-jul-ny\u00e5r-reception-2-1030x1030.jpg' width='1030' height='1030' title='' alt=''  itemprop=\"thumbnailUrl\"   \/><\/div><\/li><li  class=' slide-3 ' ><div data-rel='slideshow-2' class='avia-slide-wrap '   ><img src='https:\/\/kynnefjall.com\/wp-content\/uploads\/2020\/05\/vinter-jul-ny\u00e5r-reception-1030x501.jpg' width='1030' height='501' title='' alt=''  itemprop=\"thumbnailUrl\"   \/><\/div><\/li><li  class=' slide-4 ' ><div data-rel='slideshow-2' class='avia-slide-wrap '   ><img src='https:\/\/kynnefjall.com\/wp-content\/uploads\/2020\/05\/Trollets-rum-1030x687.jpg' width='1030' height='687' title='' alt=''  itemprop=\"thumbnailUrl\"   \/><\/div><\/li><li  class=' slide-5 ' ><div data-rel='slideshow-2' class='avia-slide-wrap '   ><img src='https:\/\/kynnefjall.com\/wp-content\/uploads\/2020\/05\/rum-l\u00e4nga-boende-1030x773.jpg' width='1030' height='773' title='' alt=''  itemprop=\"thumbnailUrl\"   \/><\/div><\/li><\/ul><div class='avia-slideshow-arrows avia-slideshow-controls'><a href='#prev' class='prev-slide' aria-hidden='true' data-av_icon='\ue87c' data-av_iconfont='entypo-fontello'>Zur\u00fcck<\/a><a href='#next' class='next-slide' aria-hidden='true' data-av_icon='\ue87d' data-av_iconfont='entypo-fontello'>Weiter<\/a><\/div><div class='avia-slideshow-dots avia-slideshow-controls'><a href='#1' class='goto-slide active' >1<\/a><a href='#2' class='goto-slide ' >2<\/a><a href='#3' class='goto-slide ' >3<\/a><a href='#4' class='goto-slide ' >4<\/a><a href='#5' class='goto-slide ' >5<\/a><\/div><\/div><\/div>\n<div id='av_section_1' class='avia-section main_color avia-section-default avia-no-border-styling avia-bg-style-scroll  avia-builder-el-2  el_after_av_slideshow_full  el_before_av_button  full-width-content  container_wrap fullsize' style=' '  ><div class='container' ><div class='template-page content  av-content-full alpha units'><div class='post-entry post-entry-type-page post-entry-7654'><div class='entry-content-wrapper clearfix'>\n<div class=\"flex_column av_one_full  flex_column_div av-zero-column-padding first  avia-builder-el-3  el_before_av_one_full  avia-builder-el-first   \" style='border-radius:0px; '><p><div style='padding-bottom:0px; ' class='av-special-heading av-special-heading-h1  blockquote modern-quote modern-centered  avia-builder-el-4  el_before_av_textblock  avia-builder-el-first   '><h1 class='av-special-heading-tag '  itemprop=\"headline\"  >Feiern Sie ein hundefreundliches Neujahr in Kynnefj\u00e4ll<\/h1><div class ='av-subheading av-subheading_below  ' style='font-size:18px;'><p>Schenken Sie und Ihrem Hund ein friedliches und nat\u00fcrliches Neujahrsfest mit goldenem Touch<br \/>\n&#8211; frei von B\u00f6llern und Raketen<\/p>\n<\/div><div class='special-heading-border'><div class='special-heading-inner-border' ><\/div><\/div><\/div><br \/>\n<section class=\"av_textblock_section \"  itemscope=\"itemscope\" itemtype=\"https:\/\/schema.org\/CreativeWork\" ><div class='avia_textblock  '   itemprop=\"text\" ><p style=\"text-align: center;\">Abseits vom L\u00e4rm und Chaos der Gro\u00dfst\u00e4dte liegt das sch\u00f6ne und friedliche Kynnefj\u00e4ll. Viele Hundebesitzer haben die Tradition, sich gerade am Silvesterabend im Interesse ihrer vierbeinigen Freunde im Kynnefj\u00e4ll zu versammeln.<\/p>\n<p style=\"text-align: center;\">Wir freuen uns, weitere Menschen zu unserer Tradition einladen zu k\u00f6nnen, wenn wir uns mitten am Tag treffen, Kontakte kn\u00fcpfen und gemeinsam grillen und als Abschluss einen klassischen Tipp-Spaziergang unternehmen.Gegen Abend versammeln wir uns drinnen in der Hitze zusammen mit den Hunden, essen das Neujahrsessen und schmelzen Neujahrsziegel, bevor es um zw\u00f6lf Uhr Zeit f\u00fcr den Toast ist. Das Schmelzen von Zinn ist eine alte Tradition, um das neue Jahr einzul\u00e4uten.<\/p>\n<p style=\"text-align: center;\">Im neuen Jahr passen wir alle Aktivit\u00e4ten bei Kynnefj\u00e4llsNatur an Sie und Ihren Hund an. Bringen Sie Ihre Hunde gerne zum Neujahrsessen mit oder nehmen Sie das Futter mit auf Ihr Zimmer, wenn Sie m\u00f6chten.<\/p>\n<p style=\"text-align: center;\">Der n\u00e4chste Nachbar, der m\u00f6glicherweise B\u00f6ller z\u00fcnden k\u00f6nnte, wohnt etwa 2 km entfernt.<\/p>\n<p style=\"text-align: center;\"><strong><em>Drei-G\u00e4nge-Neujahrsmen\u00fc <\/em><\/strong><br \/>\n<em>wird teilweise am Buffet serviert 20.00<br \/>\n(Die Speisekarte wird kurz vor Neujahr ver\u00f6ffentlicht)<\/em><\/p>\n<p style=\"text-align: center;\"><strong>Grillbuffet \u2013 gemeinsam im Freien grillen<\/strong><br \/>\nKommen Sie sp\u00e4testens um 14 Uhr in Kynnefj\u00e4ll an und grillen Sie zusammen mit Hunden, Teppichen und H\u00e4usern im Freien. Zum Selbstgrillen haben wir im Restaurant ein sch\u00f6nes Grillbuffet f\u00fcr Sie vorbereitet. Das Grillbuffet wird im Restaurant aufgebaut und zwischendurch wird der Grill angez\u00fcndet 14-15. Bei sch\u00f6nem Wetter ist es auch m\u00f6glich, drau\u00dfen zu essen, ansonsten nimmt man das fertig gegrillte Essen und seine Hunde mit ins Restaurant und isst dort.<\/p>\n<p style=\"text-align: center;\">Beinhaltet das Grillbuffet: Grillplatte \u2022 Dicke Wurst \u2022 Gem\u00fcsespie\u00dfe mit Zwiebeln, Auberginen, Tomaten und Paprika \u2022 Gr\u00fcner Salat \u2022 Cremiger hausgemachter Kartoffelsalat \u2022 Mahlzeitgetr\u00e4nk \u2022 Kaffee &amp; kleiner Kuchen.<\/p>\n<\/div><\/section><\/p><\/div><div class=\"flex_column av_one_full  flex_column_div av-zero-column-padding first  avia-builder-el-6  el_after_av_one_full  avia-builder-el-last   column-top-margin\" style='border-radius:0px; '><section class=\"av_textblock_section \"  itemscope=\"itemscope\" itemtype=\"https:\/\/schema.org\/CreativeWork\" ><div class='avia_textblock  '   itemprop=\"text\" ><h3 style=\"text-align: left;\">Das Paket enth\u00e4lt<\/h3>\n<ul>\n<li>Eine \u00dcbernachtung im Doppelzimmer<\/li>\n<li>Hunde \u00fcbernachten kostenlos<\/li>\n<li>Grillbuffet um 14 Uhr<\/li>\n<li>Drei-G\u00e4nge-Silvestermen\u00fc, teilweise in Buffetform um 20 Uhr serviert.<\/li>\n<li>\u00dcbersicht der Wanderwege, Karte und Gel\u00e4nde (f\u00fcr m\u00f6gliche Spazierg\u00e4nge mit dem Hund)<\/li>\n<li>Zinn schmelzen (das kommende Jahr in Zinn vorhersagen)<\/li>\n<li>Tippspaziergang<\/li>\n<li>Sprudelnder Neujahrstoast um zw\u00f6lf Uhr<\/li>\n<li>Fr\u00fchst\u00fcck<\/li>\n<li>Bettw\u00e4sche und Handt\u00fccher<\/li>\n<li>Endreinigung<\/li>\n<\/ul>\n<h3><\/h3>\n<p style=\"text-align: left;\">Es ist selbstverst\u00e4ndlich m\u00f6glich, in Verbindung mit dem Silvesterpaket weitere N\u00e4chte zu buchen, wenn Sie dies w\u00fcnschen, Sie erhalten dann 10 % Rabatt auf alle. Verl\u00e4ngerungsn\u00e4chte.<\/p>\n<h3><\/h3>\n<\/div><\/section><\/div>\n<\/div><\/div><\/div><!-- close content main div --><\/div><\/div><div id='after_section_1' class='main_color av_default_container_wrap container_wrap fullsize' style=' '  ><div class='container' ><div class='template-page content  av-content-full alpha units'><div class='post-entry post-entry-type-page post-entry-7654'><div class='entry-content-wrapper clearfix'>\n<div class='avia-button-wrap avia-button-left  avia-builder-el-8  el_after_av_section  el_before_av_button  avia-builder-el-first  '><a href='https:\/\/kynnefjall.com\/de\/kontakt\/'  class='avia-button   avia-icon_select-no avia-color-theme-color avia-size-small avia-position-left '  target=\"_blank\"   ><span class='avia_iconbox_title' >Kontaktieren Sie uns hier, per E-Mail oder Telefon \u2013 wir nehmen Buchungen kurz vor Neujahr entgegen, k\u00f6nnen sich aber in der Zwischenzeit gerne auf unsere Warteliste setzen<\/span><\/a><\/div>\n<div class='avia-button-wrap avia-button-left  avia-builder-el-9  el_after_av_button  avia-builder-el-last  '><a href='https:\/\/kynnefjall.com\/de\/unterkunft\/gut-zu-wissen\/hunde\/'  class='avia-button   avia-icon_select-no avia-color-theme-color avia-size-small avia-position-left '   ><span class='avia_iconbox_title' >Leben mit einem Hund in Kynnefj\u00e4ll \u2013 lesen Sie mehr<\/span><\/a><\/div>\n","protected":false},"excerpt":{"rendered":"","protected":false},"author":3,"featured_media":0,"parent":7631,"menu_order":0,"comment_status":"closed","ping_status":"closed","template":"","meta":{"footnotes":""},"class_list":["post-7654","page","type-page","status-publish","hentry"],"yoast_head":"<!-- This site is optimized with the Yoast SEO plugin v22.8 - https:\/\/yoast.com\/wordpress\/plugins\/seo\/ -->\n<title>Feiern Sie ein hundefreundliches Neujahr in Kynnefj\u00e4ll - Kynnefj\u00e4lls Natur<\/title>\n<meta name=\"robots\" content=\"index, follow, max-snippet:-1, max-image-preview:large, max-video-preview:-1\" \/>\n<link rel=\"canonical\" href=\"https:\/\/kynnefjall.com\/de\/angebote-pakete\/feiern-sie-ein-hundefreundliches-neujahr-in-kynnefjaell\/\" \/>\n<meta property=\"og:locale\" content=\"de_DE\" \/>\n<meta property=\"og:type\" content=\"article\" \/>\n<meta property=\"og:title\" content=\"Feiern Sie ein hundefreundliches Neujahr in Kynnefj\u00e4ll - Kynnefj\u00e4lls Natur\" \/>\n<meta property=\"og:url\" content=\"https:\/\/kynnefjall.com\/de\/angebote-pakete\/feiern-sie-ein-hundefreundliches-neujahr-in-kynnefjaell\/\" \/>\n<meta property=\"og:site_name\" content=\"Kynnefj\u00e4lls Natur\" \/>\n<meta property=\"article:modified_time\" content=\"2024-11-05T03:59:54+00:00\" \/>\n<meta name=\"twitter:card\" content=\"summary_large_image\" \/>\n<meta name=\"twitter:label1\" content=\"Gesch\u00e4tzte Lesezeit\" \/>\n\t<meta name=\"twitter:data1\" content=\"6\u00a0Minuten\" \/>\n<script type=\"application\/ld+json\" class=\"yoast-schema-graph\">{\"@context\":\"https:\/\/schema.org\",\"@graph\":[{\"@type\":\"WebPage\",\"@id\":\"https:\/\/kynnefjall.com\/de\/angebote-pakete\/feiern-sie-ein-hundefreundliches-neujahr-in-kynnefjaell\/\",\"url\":\"https:\/\/kynnefjall.com\/de\/angebote-pakete\/feiern-sie-ein-hundefreundliches-neujahr-in-kynnefjaell\/\",\"name\":\"Feiern Sie ein hundefreundliches Neujahr in Kynnefj\u00e4ll - Kynnefj\u00e4lls Natur\",\"isPartOf\":{\"@id\":\"https:\/\/kynnefjall.com\/#website\"},\"datePublished\":\"2020-05-13T13:11:32+00:00\",\"dateModified\":\"2024-11-05T03:59:54+00:00\",\"breadcrumb\":{\"@id\":\"https:\/\/kynnefjall.com\/de\/angebote-pakete\/feiern-sie-ein-hundefreundliches-neujahr-in-kynnefjaell\/#breadcrumb\"},\"inLanguage\":\"de\",\"potentialAction\":[{\"@type\":\"ReadAction\",\"target\":[\"https:\/\/kynnefjall.com\/de\/angebote-pakete\/feiern-sie-ein-hundefreundliches-neujahr-in-kynnefjaell\/\"]}]},{\"@type\":\"BreadcrumbList\",\"@id\":\"https:\/\/kynnefjall.com\/de\/angebote-pakete\/feiern-sie-ein-hundefreundliches-neujahr-in-kynnefjaell\/#breadcrumb\",\"itemListElement\":[{\"@type\":\"ListItem\",\"position\":1,\"name\":\"Hem\",\"item\":\"https:\/\/kynnefjall.com\/de\/heim\/\"},{\"@type\":\"ListItem\",\"position\":2,\"name\":\"Angebote &#038; Pakete\",\"item\":\"https:\/\/kynnefjall.com\/de\/angebote-pakete\/\"},{\"@type\":\"ListItem\",\"position\":3,\"name\":\"Feiern Sie ein hundefreundliches Neujahr in Kynnefj\u00e4ll\"}]},{\"@type\":\"WebSite\",\"@id\":\"https:\/\/kynnefjall.com\/#website\",\"url\":\"https:\/\/kynnefjall.com\/\",\"name\":\"Kynnefj\u00e4lls Natur\",\"description\":\"\",\"potentialAction\":[{\"@type\":\"SearchAction\",\"target\":{\"@type\":\"EntryPoint\",\"urlTemplate\":\"https:\/\/kynnefjall.com\/?s={search_term_string}\"},\"query-input\":\"required name=search_term_string\"}],\"inLanguage\":\"de\"}]}<\/script>\n<!-- \/ Yoast SEO plugin. -->","yoast_head_json":{"title":"Feiern Sie ein hundefreundliches Neujahr in Kynnefj\u00e4ll - Kynnefj\u00e4lls Natur","robots":{"index":"index","follow":"follow","max-snippet":"max-snippet:-1","max-image-preview":"max-image-preview:large","max-video-preview":"max-video-preview:-1"},"canonical":"https:\/\/kynnefjall.com\/de\/angebote-pakete\/feiern-sie-ein-hundefreundliches-neujahr-in-kynnefjaell\/","og_locale":"de_DE","og_type":"article","og_title":"Feiern Sie ein hundefreundliches Neujahr in Kynnefj\u00e4ll - Kynnefj\u00e4lls Natur","og_url":"https:\/\/kynnefjall.com\/de\/angebote-pakete\/feiern-sie-ein-hundefreundliches-neujahr-in-kynnefjaell\/","og_site_name":"Kynnefj\u00e4lls Natur","article_modified_time":"2024-11-05T03:59:54+00:00","twitter_card":"summary_large_image","twitter_misc":{"Gesch\u00e4tzte Lesezeit":"6\u00a0Minuten"},"schema":{"@context":"https:\/\/schema.org","@graph":[{"@type":"WebPage","@id":"https:\/\/kynnefjall.com\/de\/angebote-pakete\/feiern-sie-ein-hundefreundliches-neujahr-in-kynnefjaell\/","url":"https:\/\/kynnefjall.com\/de\/angebote-pakete\/feiern-sie-ein-hundefreundliches-neujahr-in-kynnefjaell\/","name":"Feiern Sie ein hundefreundliches Neujahr in Kynnefj\u00e4ll - Kynnefj\u00e4lls Natur","isPartOf":{"@id":"https:\/\/kynnefjall.com\/#website"},"datePublished":"2020-05-13T13:11:32+00:00","dateModified":"2024-11-05T03:59:54+00:00","breadcrumb":{"@id":"https:\/\/kynnefjall.com\/de\/angebote-pakete\/feiern-sie-ein-hundefreundliches-neujahr-in-kynnefjaell\/#breadcrumb"},"inLanguage":"de","potentialAction":[{"@type":"ReadAction","target":["https:\/\/kynnefjall.com\/de\/angebote-pakete\/feiern-sie-ein-hundefreundliches-neujahr-in-kynnefjaell\/"]}]},{"@type":"BreadcrumbList","@id":"https:\/\/kynnefjall.com\/de\/angebote-pakete\/feiern-sie-ein-hundefreundliches-neujahr-in-kynnefjaell\/#breadcrumb","itemListElement":[{"@type":"ListItem","position":1,"name":"Hem","item":"https:\/\/kynnefjall.com\/de\/heim\/"},{"@type":"ListItem","position":2,"name":"Angebote &#038; Pakete","item":"https:\/\/kynnefjall.com\/de\/angebote-pakete\/"},{"@type":"ListItem","position":3,"name":"Feiern Sie ein hundefreundliches Neujahr in Kynnefj\u00e4ll"}]},{"@type":"WebSite","@id":"https:\/\/kynnefjall.com\/#website","url":"https:\/\/kynnefjall.com\/","name":"Kynnefj\u00e4lls Natur","description":"","potentialAction":[{"@type":"SearchAction","target":{"@type":"EntryPoint","urlTemplate":"https:\/\/kynnefjall.com\/?s={search_term_string}"},"query-input":"required name=search_term_string"}],"inLanguage":"de"}]}},"_links":{"self":[{"href":"https:\/\/kynnefjall.com\/de\/wp-json\/wp\/v2\/pages\/7654","targetHints":{"allow":["GET"]}}],"collection":[{"href":"https:\/\/kynnefjall.com\/de\/wp-json\/wp\/v2\/pages"}],"about":[{"href":"https:\/\/kynnefjall.com\/de\/wp-json\/wp\/v2\/types\/page"}],"author":[{"embeddable":true,"href":"https:\/\/kynnefjall.com\/de\/wp-json\/wp\/v2\/users\/3"}],"replies":[{"embeddable":true,"href":"https:\/\/kynnefjall.com\/de\/wp-json\/wp\/v2\/comments?post=7654"}],"version-history":[{"count":3,"href":"https:\/\/kynnefjall.com\/de\/wp-json\/wp\/v2\/pages\/7654\/revisions"}],"predecessor-version":[{"id":7871,"href":"https:\/\/kynnefjall.com\/de\/wp-json\/wp\/v2\/pages\/7654\/revisions\/7871"}],"up":[{"embeddable":true,"href":"https:\/\/kynnefjall.com\/de\/wp-json\/wp\/v2\/pages\/7631"}],"wp:attachment":[{"href":"https:\/\/kynnefjall.com\/de\/wp-json\/wp\/v2\/media?parent=7654"}],"curies":[{"name":"wp","href":"https:\/\/api.w.org\/{rel}","templated":true}]}}