{"id":7646,"date":"2020-02-24T12:00:10","date_gmt":"2020-02-24T11:00:10","guid":{"rendered":"https:\/\/kynnefjall.com\/aktivitaeten-und-abenteuer\/wandern\/vandringspaket-med-helpension\/"},"modified":"2025-07-15T14:06:53","modified_gmt":"2025-07-15T12:06:53","slug":"wanderpaket-mit-vollpension","status":"publish","type":"page","link":"https:\/\/kynnefjall.com\/de\/aktivitaeten-und-abenteuer\/wandern\/wanderpaket-mit-vollpension\/","title":{"rendered":"Wanderpaket mit Vollpension"},"content":{"rendered":"<div id='full_slider_1' class='avia-fullwidth-slider main_color avia-shadow  av-small-hide av-mini-hide  avia-builder-el-0  el_before_av_slideshow_full  avia-builder-el-first   container_wrap fullsize' style=' '  ><div  data-size='desktop_banner'  data-lightbox_size='large'  data-animation='slide'  data-conditional_play=''  data-ids='2022'  data-video_counter='0'  data-autoplay='false'  data-bg_slider='false'  data-slide_height=''  data-handle='av_slideshow_full'  data-interval='5'  data-class=' '  data-css_id=''  data-scroll_down=''  data-control_layout='av-control-default'  data-custom_markup=''  data-perma_caption=''  data-autoplay_stopper=''  data-image_attachment=''  data-min_height='0px'  data-src=''  data-position='top left'  data-repeat='no-repeat'  data-attach='scroll'  data-stretch=''  data-default-height='31.25'  class='avia-slideshow avia-slideshow-1  av-control-default av-default-height-applied avia-slideshow-desktop_banner av_slideshow_full   avia-slide-slider '  itemprop=\"image\" itemscope=\"itemscope\" itemtype=\"https:\/\/schema.org\/ImageObject\" ><ul class='avia-slideshow-inner ' style='padding-bottom: 31.25%;' ><li  class=' av-single-slide slide-1 ' ><div data-rel='slideshow-1' class='avia-slide-wrap '   ><img src='https:\/\/kynnefjall.com\/wp-content\/uploads\/2020\/05\/Vandra-vandring-hund-vandringspaket-1920x600.jpg' width='1920' height='600' title='Vandra vandring hund vandringspaket' alt=''  itemprop=\"thumbnailUrl\"   \/><\/div><\/li><\/ul><\/div><\/div>\n<div id='full_slider_2' class='avia-fullwidth-slider main_color avia-shadow  av-desktop-hide av-medium-hide  avia-builder-el-1  el_after_av_slideshow_full  el_before_av_section   slider-not-first container_wrap fullsize' style=' '  ><div  data-size='large'  data-lightbox_size='large'  data-animation='slide'  data-conditional_play=''  data-ids='2022'  data-video_counter='0'  data-autoplay='false'  data-bg_slider='false'  data-slide_height=''  data-handle='av_slideshow_full'  data-interval='5'  data-class=' '  data-css_id=''  data-scroll_down=''  data-control_layout='av-control-default'  data-custom_markup=''  data-perma_caption=''  data-autoplay_stopper=''  data-image_attachment=''  data-min_height='300px'  data-src=''  data-position='top left'  data-repeat='no-repeat'  data-attach='scroll'  data-stretch=''  class='avia-slideshow avia-slideshow-2  av-control-default av-default-height-applied avia-slideshow-large av_slideshow_full   avia-slide-slider '  itemprop=\"image\" itemscope=\"itemscope\" itemtype=\"https:\/\/schema.org\/ImageObject\" ><ul class='avia-slideshow-inner ' style='padding-bottom: 74.660194174757%;' ><li  class=' av-single-slide slide-1 ' ><div data-rel='slideshow-2' class='avia-slide-wrap '   ><img src='https:\/\/kynnefjall.com\/wp-content\/uploads\/2020\/05\/Vandra-vandring-hund-vandringspaket-1030x769.jpg' width='1030' height='769' title='Vandra vandring hund vandringspaket' alt=''  itemprop=\"thumbnailUrl\"  style='min-height:300px; min-width:402px; ' \/><\/div><\/li><\/ul><\/div><\/div>\n<div id='av_section_1' class='avia-section main_color avia-section-default avia-no-border-styling avia-bg-style-scroll  avia-builder-el-2  el_after_av_slideshow_full  el_before_av_section  full-width-content  container_wrap fullsize' style=' '  ><div class='container' ><div class='template-page content  av-content-full alpha units'><div class='post-entry post-entry-type-page post-entry-7646'><div class='entry-content-wrapper clearfix'>\n<div class=\"flex_column av_one_full  flex_column_div av-zero-column-padding first  avia-builder-el-3  el_before_av_one_full  avia-builder-el-first   \" style='border-radius:0px; '><p><div style='padding-bottom:0px; ' class='av-special-heading av-special-heading-h1  blockquote modern-quote modern-centered  avia-builder-el-4  el_before_av_textblock  avia-builder-el-first   '><h1 class='av-special-heading-tag '  itemprop=\"headline\"  >Wanderpaket mit Vollpension<\/h1><div class='special-heading-border'><div class='special-heading-inner-border' ><\/div><\/div><\/div><br \/>\n<section class=\"av_textblock_section \"  itemscope=\"itemscope\" itemtype=\"https:\/\/schema.org\/CreativeWork\" ><div class='avia_textblock  '   itemprop=\"text\" ><p style=\"text-align: center;\">Mit der Buchung unseres Wanderpakets haben Sie die einmalige Gelegenheit, das Hinterland von Bohusl\u00e4n hier im Kynnefj\u00e4ll zu erkunden. Genie\u00dfen Sie eine entspannte Wildnisumgebung. Abends genie\u00dfen Sie frisch zubereitete Speisen mit Wild, Beeren und Pilzen aus den umliegenden W\u00e4ldern.<\/p>\n<\/div><\/section><\/p><\/div><div class=\"flex_column av_one_full  flex_column_div av-zero-column-padding first  avia-builder-el-6  el_after_av_one_full  avia-builder-el-last   column-top-margin\" style='border-radius:0px; '><section class=\"av_textblock_section \"  itemscope=\"itemscope\" itemtype=\"https:\/\/schema.org\/CreativeWork\" ><div class='avia_textblock  '   itemprop=\"text\" ><h3 style=\"text-align: left;\">Das Paket enth\u00e4lt<\/h3>\n<ul>\n<li style=\"text-align: left;\">Unterkunft, teilweise im Doppelzimmer inkl. Fr\u00fchst\u00fcck Fr\u00fchst\u00fcck<\/li>\n<li style=\"text-align: left;\">Lebensmittelsack<\/li>\n<li style=\"text-align: left;\">Das Abendessen im Restaurant wird normalerweise in Buffetform serviert. (w\u00e4hrend der Hochsaison)<\/li>\n<li style=\"text-align: left;\">\u00dcbersicht \u00fcber Karten und Gel\u00e4nde.<\/li>\n<li style=\"text-align: left;\">Bettw\u00e4sche und Handt\u00fccher<\/li>\n<li style=\"text-align: left;\">Endreinigung.<\/li>\n<li style=\"text-align: left;\">Fr\u00fchst\u00fcck und Abendessen am Abend werden in der Hochsaison in unserem Restaurant serviert. Das Lunchpaket f\u00fcr Ihr Mittagessen stellen Sie in Verbindung mit dem Fr\u00fchst\u00fccksbuffet am Morgen selbst zusammen. In der Nebensaison erhitzen Sie die Fertiggerichte in unserer G\u00e4stek\u00fcche.<\/li>\n<\/ul>\n<h3 style=\"text-align: left;\">Preis<\/h3>\n<p style=\"text-align: left;\">Ab 998 SEK\/Person und Nacht im Doppelzimmer.<br \/>\nEinzelzimmerzuschlag: 300 SEK\/Nacht<\/p>\n<p><strong>Bei der Buchung bitte das Wanderpaket mit Vollpension angeben.<\/strong><\/p>\n<\/div><\/section><br \/>\n<div class='avia-button-wrap avia-button-left  avia-builder-el-8  el_after_av_textblock  avia-builder-el-last  '><a href='https:\/\/592423222a024.sirvoy.me\/'  class='avia-button   avia-icon_select-no avia-color-theme-color avia-size-small avia-position-left '  target=\"_blank\"   ><span class='avia_iconbox_title' >Siehe Preise und Verf\u00fcgbarkeit<\/span><\/a><\/div><\/p><\/div><\/div><\/div><\/div><!-- close content main div --><\/div><\/div><div id='av_section_2' class='avia-section main_color avia-section-default avia-no-border-styling avia-bg-style-scroll  avia-builder-el-9  el_after_av_section  avia-builder-el-last  testimonial-section  container_wrap fullsize' style=' '  ><div class='container' ><div class='template-page content  av-content-full alpha units'><div class='post-entry post-entry-type-page post-entry-7646'><div class='entry-content-wrapper clearfix'>\n<div class=\"flex_column av_one_fifth  av-hide-on-mobile  flex_column_div av-zero-column-padding first  avia-builder-el-10  el_before_av_three_fifth  avia-builder-el-first   \" style='border-radius:0px; '><\/div><div class=\"flex_column av_three_fifth  flex_column_div   avia-builder-el-11  el_after_av_one_fifth  el_before_av_one_fifth   \" style='background: #fff; border-width:1px; border-color:#e4e4e4; border-style:solid; box-shadow: 0 0 5px 0 #e0e0e0; padding:30px; background-color:#fff; border-radius:0px; '><p><section class=\"av_textblock_section \"  itemscope=\"itemscope\" itemtype=\"https:\/\/schema.org\/CreativeWork\" ><div class='avia_textblock  '   itemprop=\"text\" ><p>Christina aus Halmstad und Tochter Susanna aus G\u00f6teborg waren mit uns auf einem zweit\u00e4gigen Wanderpaket.<\/p>\n<blockquote>\n<p><em>Es hat gro\u00dfen Spa\u00df gemacht. \u201eEs ist eine coole Umgebung hier\u201c, sagt Susanna und streichelt den Hund Texas.<\/em><\/p>\n<p><em>Ich bin schon viel gewandert und hier herrschte wirklich eine abwechslungsreiche Umgebung, obwohl es einfach war. Ich wollte schon immer den Kynnefj\u00e4ll besteigen und jetzt ist es endlich passiert<\/em><\/p>\n<\/blockquote>\n<p>sagt Christina mit einem L\u00e4cheln.<\/p>\n<\/div><\/section><br \/>\n<div class='avia-image-container  av-styling-no-styling    avia-builder-el-13  el_after_av_textblock  el_before_av_textblock   avia-align-left '  itemprop=\"image\" itemscope=\"itemscope\" itemtype=\"https:\/\/schema.org\/ImageObject\"  ><div class='avia-image-container-inner'><div class='avia-image-overlay-wrap'><img class='avia_image' src='https:\/\/kynnefjall.com\/wp-content\/uploads\/2020\/02\/kynnefjall_img24-80x80.png' alt='' title='kynnefjall_img24' height=\"80\" width=\"80\"  itemprop=\"thumbnailUrl\"  \/><\/div><\/div><\/div><br \/>\n<section class=\"av_textblock_section \"  itemscope=\"itemscope\" itemtype=\"https:\/\/schema.org\/CreativeWork\" ><div class='avia_textblock  '   itemprop=\"text\" ><p>Christina, Susanna &amp; Texas der Hund<\/p>\n<\/div><\/section><\/p><\/div><div class=\"flex_column av_one_fifth  av-hide-on-mobile  flex_column_div av-zero-column-padding   avia-builder-el-15  el_after_av_three_fifth  avia-builder-el-last   \" style='border-radius:0px; '><\/div>\n<\/p>\n","protected":false},"excerpt":{"rendered":"","protected":false},"author":2,"featured_media":0,"parent":7491,"menu_order":0,"comment_status":"closed","ping_status":"closed","template":"","meta":{"footnotes":""},"class_list":["post-7646","page","type-page","status-publish","hentry"],"yoast_head":"<!-- This site is optimized with the Yoast SEO plugin v22.8 - https:\/\/yoast.com\/wordpress\/plugins\/seo\/ -->\n<title>Wanderpaket mit Vollpension - Kynnefj\u00e4lls Natur<\/title>\n<meta name=\"robots\" content=\"index, follow, max-snippet:-1, max-image-preview:large, max-video-preview:-1\" \/>\n<link rel=\"canonical\" href=\"https:\/\/kynnefjall.com\/de\/aktivitaeten-und-abenteuer\/wandern\/wanderpaket-mit-vollpension\/\" \/>\n<meta property=\"og:locale\" content=\"de_DE\" \/>\n<meta property=\"og:type\" content=\"article\" \/>\n<meta property=\"og:title\" content=\"Wanderpaket mit Vollpension - Kynnefj\u00e4lls Natur\" \/>\n<meta property=\"og:url\" content=\"https:\/\/kynnefjall.com\/de\/aktivitaeten-und-abenteuer\/wandern\/wanderpaket-mit-vollpension\/\" \/>\n<meta property=\"og:site_name\" content=\"Kynnefj\u00e4lls Natur\" \/>\n<meta property=\"article:modified_time\" content=\"2025-07-15T12:06:53+00:00\" \/>\n<meta name=\"twitter:card\" content=\"summary_large_image\" \/>\n<meta name=\"twitter:label1\" content=\"Gesch\u00e4tzte Lesezeit\" \/>\n\t<meta name=\"twitter:data1\" content=\"4\u00a0Minuten\" \/>\n<script type=\"application\/ld+json\" class=\"yoast-schema-graph\">{\"@context\":\"https:\/\/schema.org\",\"@graph\":[{\"@type\":\"WebPage\",\"@id\":\"https:\/\/kynnefjall.com\/de\/aktivitaeten-und-abenteuer\/wandern\/wanderpaket-mit-vollpension\/\",\"url\":\"https:\/\/kynnefjall.com\/de\/aktivitaeten-und-abenteuer\/wandern\/wanderpaket-mit-vollpension\/\",\"name\":\"Wanderpaket mit Vollpension - Kynnefj\u00e4lls Natur\",\"isPartOf\":{\"@id\":\"https:\/\/kynnefjall.com\/#website\"},\"datePublished\":\"2020-02-24T11:00:10+00:00\",\"dateModified\":\"2025-07-15T12:06:53+00:00\",\"breadcrumb\":{\"@id\":\"https:\/\/kynnefjall.com\/de\/aktivitaeten-und-abenteuer\/wandern\/wanderpaket-mit-vollpension\/#breadcrumb\"},\"inLanguage\":\"de\",\"potentialAction\":[{\"@type\":\"ReadAction\",\"target\":[\"https:\/\/kynnefjall.com\/de\/aktivitaeten-und-abenteuer\/wandern\/wanderpaket-mit-vollpension\/\"]}]},{\"@type\":\"BreadcrumbList\",\"@id\":\"https:\/\/kynnefjall.com\/de\/aktivitaeten-und-abenteuer\/wandern\/wanderpaket-mit-vollpension\/#breadcrumb\",\"itemListElement\":[{\"@type\":\"ListItem\",\"position\":1,\"name\":\"Hem\",\"item\":\"https:\/\/kynnefjall.com\/de\/heim\/\"},{\"@type\":\"ListItem\",\"position\":2,\"name\":\"Aktivit\u00e4ten und Abenteuer\",\"item\":\"https:\/\/kynnefjall.com\/de\/aktivitaeten-und-abenteuer\/\"},{\"@type\":\"ListItem\",\"position\":3,\"name\":\"Wandern\",\"item\":\"https:\/\/kynnefjall.com\/de\/aktivitaeten-und-abenteuer\/wandern\/\"},{\"@type\":\"ListItem\",\"position\":4,\"name\":\"Wanderpaket mit Vollpension\"}]},{\"@type\":\"WebSite\",\"@id\":\"https:\/\/kynnefjall.com\/#website\",\"url\":\"https:\/\/kynnefjall.com\/\",\"name\":\"Kynnefj\u00e4lls Natur\",\"description\":\"\",\"potentialAction\":[{\"@type\":\"SearchAction\",\"target\":{\"@type\":\"EntryPoint\",\"urlTemplate\":\"https:\/\/kynnefjall.com\/?s={search_term_string}\"},\"query-input\":\"required name=search_term_string\"}],\"inLanguage\":\"de\"}]}<\/script>\n<!-- \/ Yoast SEO plugin. -->","yoast_head_json":{"title":"Wanderpaket mit Vollpension - Kynnefj\u00e4lls Natur","robots":{"index":"index","follow":"follow","max-snippet":"max-snippet:-1","max-image-preview":"max-image-preview:large","max-video-preview":"max-video-preview:-1"},"canonical":"https:\/\/kynnefjall.com\/de\/aktivitaeten-und-abenteuer\/wandern\/wanderpaket-mit-vollpension\/","og_locale":"de_DE","og_type":"article","og_title":"Wanderpaket mit Vollpension - Kynnefj\u00e4lls Natur","og_url":"https:\/\/kynnefjall.com\/de\/aktivitaeten-und-abenteuer\/wandern\/wanderpaket-mit-vollpension\/","og_site_name":"Kynnefj\u00e4lls Natur","article_modified_time":"2025-07-15T12:06:53+00:00","twitter_card":"summary_large_image","twitter_misc":{"Gesch\u00e4tzte Lesezeit":"4\u00a0Minuten"},"schema":{"@context":"https:\/\/schema.org","@graph":[{"@type":"WebPage","@id":"https:\/\/kynnefjall.com\/de\/aktivitaeten-und-abenteuer\/wandern\/wanderpaket-mit-vollpension\/","url":"https:\/\/kynnefjall.com\/de\/aktivitaeten-und-abenteuer\/wandern\/wanderpaket-mit-vollpension\/","name":"Wanderpaket mit Vollpension - Kynnefj\u00e4lls Natur","isPartOf":{"@id":"https:\/\/kynnefjall.com\/#website"},"datePublished":"2020-02-24T11:00:10+00:00","dateModified":"2025-07-15T12:06:53+00:00","breadcrumb":{"@id":"https:\/\/kynnefjall.com\/de\/aktivitaeten-und-abenteuer\/wandern\/wanderpaket-mit-vollpension\/#breadcrumb"},"inLanguage":"de","potentialAction":[{"@type":"ReadAction","target":["https:\/\/kynnefjall.com\/de\/aktivitaeten-und-abenteuer\/wandern\/wanderpaket-mit-vollpension\/"]}]},{"@type":"BreadcrumbList","@id":"https:\/\/kynnefjall.com\/de\/aktivitaeten-und-abenteuer\/wandern\/wanderpaket-mit-vollpension\/#breadcrumb","itemListElement":[{"@type":"ListItem","position":1,"name":"Hem","item":"https:\/\/kynnefjall.com\/de\/heim\/"},{"@type":"ListItem","position":2,"name":"Aktivit\u00e4ten und Abenteuer","item":"https:\/\/kynnefjall.com\/de\/aktivitaeten-und-abenteuer\/"},{"@type":"ListItem","position":3,"name":"Wandern","item":"https:\/\/kynnefjall.com\/de\/aktivitaeten-und-abenteuer\/wandern\/"},{"@type":"ListItem","position":4,"name":"Wanderpaket mit Vollpension"}]},{"@type":"WebSite","@id":"https:\/\/kynnefjall.com\/#website","url":"https:\/\/kynnefjall.com\/","name":"Kynnefj\u00e4lls Natur","description":"","potentialAction":[{"@type":"SearchAction","target":{"@type":"EntryPoint","urlTemplate":"https:\/\/kynnefjall.com\/?s={search_term_string}"},"query-input":"required name=search_term_string"}],"inLanguage":"de"}]}},"_links":{"self":[{"href":"https:\/\/kynnefjall.com\/de\/wp-json\/wp\/v2\/pages\/7646","targetHints":{"allow":["GET"]}}],"collection":[{"href":"https:\/\/kynnefjall.com\/de\/wp-json\/wp\/v2\/pages"}],"about":[{"href":"https:\/\/kynnefjall.com\/de\/wp-json\/wp\/v2\/types\/page"}],"author":[{"embeddable":true,"href":"https:\/\/kynnefjall.com\/de\/wp-json\/wp\/v2\/users\/2"}],"replies":[{"embeddable":true,"href":"https:\/\/kynnefjall.com\/de\/wp-json\/wp\/v2\/comments?post=7646"}],"version-history":[{"count":2,"href":"https:\/\/kynnefjall.com\/de\/wp-json\/wp\/v2\/pages\/7646\/revisions"}],"predecessor-version":[{"id":8434,"href":"https:\/\/kynnefjall.com\/de\/wp-json\/wp\/v2\/pages\/7646\/revisions\/8434"}],"up":[{"embeddable":true,"href":"https:\/\/kynnefjall.com\/de\/wp-json\/wp\/v2\/pages\/7491"}],"wp:attachment":[{"href":"https:\/\/kynnefjall.com\/de\/wp-json\/wp\/v2\/media?parent=7646"}],"curies":[{"name":"wp","href":"https:\/\/api.w.org\/{rel}","templated":true}]}}