{"id":7448,"date":"2020-02-24T09:44:22","date_gmt":"2020-02-24T08:44:22","guid":{"rendered":"https:\/\/kynnefjall.com\/boende\/"},"modified":"2024-11-05T04:17:40","modified_gmt":"2024-11-05T03:17:40","slug":"unterkunft","status":"publish","type":"page","link":"https:\/\/kynnefjall.com\/de\/unterkunft\/","title":{"rendered":"Unterkunft"},"content":{"rendered":"<div id='full_slider_1' class='avia-fullwidth-slider main_color avia-shadow  av-small-hide av-mini-hide  avia-builder-el-0  el_before_av_slideshow_full  avia-builder-el-first   container_wrap fullsize' style=' '  ><div  data-size='desktop_banner'  data-lightbox_size='large'  data-animation='fade'  data-conditional_play=''  data-ids='7125,1998,2089,3974'  data-video_counter='0'  data-autoplay='true'  data-bg_slider='false'  data-slide_height=''  data-handle='av_slideshow_full'  data-interval='5'  data-class=' '  data-css_id=''  data-scroll_down=''  data-control_layout='av-control-default'  data-custom_markup=''  data-perma_caption=''  data-autoplay_stopper=''  data-image_attachment=''  data-min_height='0px'  data-src=''  data-position='top left'  data-repeat='no-repeat'  data-attach='scroll'  data-stretch=''  data-default-height='31.25'  class='avia-slideshow avia-slideshow-1  av-control-default av-default-height-applied avia-slideshow-desktop_banner av_slideshow_full   avia-fade-slider '  itemprop=\"image\" itemscope=\"itemscope\" itemtype=\"https:\/\/schema.org\/ImageObject\" ><ul class='avia-slideshow-inner ' style='padding-bottom: 31.25%;' ><li  class=' slide-1 ' ><div data-rel='slideshow-1' class='avia-slide-wrap '   ><img src='https:\/\/kynnefjall.com\/wp-content\/uploads\/2024\/08\/stuga-1920x600-1.jpg' width='1920' height='600' title='stuga-1920x600' alt=''  itemprop=\"thumbnailUrl\"   \/><\/div><\/li><li  class=' slide-2 ' ><div data-rel='slideshow-1' class='avia-slide-wrap '   ><img src='https:\/\/kynnefjall.com\/wp-content\/uploads\/2020\/05\/huvudbyggnad-kynnefj\u00e4llsnatur-anl\u00e4ggning-1-1920x600.jpg' width='1920' height='600' title='huvudbyggnad kynnefj\u00e4llsnatur anl\u00e4ggning (1)' alt=''  itemprop=\"thumbnailUrl\"   \/><\/div><\/li><li  class=' slide-3 ' ><div data-rel='slideshow-1' class='avia-slide-wrap '   ><img src='https:\/\/kynnefjall.com\/wp-content\/uploads\/2020\/05\/terass-utsikt-uteplats-djur-hund-omgivningar-1920x600.jpg' width='1920' height='600' title='terass utsikt uteplats djur hund omgivningar' alt=''  itemprop=\"thumbnailUrl\"   \/><\/div><\/li><li  class=' slide-4 ' ><div data-rel='slideshow-1' class='avia-slide-wrap '   ><img src='https:\/\/kynnefjall.com\/wp-content\/uploads\/2020\/05\/bj\u00f6rkh\u00e4nge-l\u00e4nga-stuga-1920x600.jpg' width='1920' height='600' title='' alt=''  itemprop=\"thumbnailUrl\"   \/><\/div><\/li><\/ul><div class='avia-slideshow-arrows avia-slideshow-controls'><a href='#prev' class='prev-slide' aria-hidden='true' data-av_icon='\ue87c' data-av_iconfont='entypo-fontello'>Zur\u00fcck<\/a><a href='#next' class='next-slide' aria-hidden='true' data-av_icon='\ue87d' data-av_iconfont='entypo-fontello'>Weiter<\/a><\/div><div class='avia-slideshow-dots avia-slideshow-controls'><a href='#1' class='goto-slide active' >1<\/a><a href='#2' class='goto-slide ' >2<\/a><a href='#3' class='goto-slide ' >3<\/a><a href='#4' class='goto-slide ' >4<\/a><\/div><\/div><\/div>\n<div id='full_slider_2' class='avia-fullwidth-slider main_color avia-shadow  av-desktop-hide av-medium-hide  avia-builder-el-1  el_after_av_slideshow_full  el_before_av_section   slider-not-first container_wrap fullsize' style=' '  ><div  data-size='large'  data-lightbox_size='large'  data-animation='fade'  data-conditional_play=''  data-ids='7125,1998,2089,3974'  data-video_counter='0'  data-autoplay='true'  data-bg_slider='false'  data-slide_height=''  data-handle='av_slideshow_full'  data-interval='5'  data-class=' '  data-css_id=''  data-scroll_down=''  data-control_layout='av-control-default'  data-custom_markup=''  data-perma_caption=''  data-autoplay_stopper=''  data-image_attachment=''  data-min_height='0px'  data-src=''  data-position='top left'  data-repeat='no-repeat'  data-attach='scroll'  data-stretch=''  class='avia-slideshow avia-slideshow-2  av-control-default av-default-height-applied avia-slideshow-large av_slideshow_full   avia-fade-slider '  itemprop=\"image\" itemscope=\"itemscope\" itemtype=\"https:\/\/schema.org\/ImageObject\" ><ul class='avia-slideshow-inner ' style='padding-bottom: 31.26213592233%;' ><li  class=' slide-1 ' ><div data-rel='slideshow-2' class='avia-slide-wrap '   ><img src='https:\/\/kynnefjall.com\/wp-content\/uploads\/2024\/08\/stuga-1920x600-1-1030x322.jpg' width='1030' height='322' title='stuga-1920x600' alt=''  itemprop=\"thumbnailUrl\"   \/><\/div><\/li><li  class=' slide-2 ' ><div data-rel='slideshow-2' class='avia-slide-wrap '   ><img src='https:\/\/kynnefjall.com\/wp-content\/uploads\/2020\/05\/huvudbyggnad-kynnefj\u00e4llsnatur-anl\u00e4ggning-1-1030x686.jpg' width='1030' height='686' title='huvudbyggnad kynnefj\u00e4llsnatur anl\u00e4ggning (1)' alt=''  itemprop=\"thumbnailUrl\"   \/><\/div><\/li><li  class=' slide-3 ' ><div data-rel='slideshow-2' class='avia-slide-wrap '   ><img src='https:\/\/kynnefjall.com\/wp-content\/uploads\/2020\/05\/terass-utsikt-uteplats-djur-hund-omgivningar-1030x773.jpg' width='1030' height='773' title='terass utsikt uteplats djur hund omgivningar' alt=''  itemprop=\"thumbnailUrl\"   \/><\/div><\/li><li  class=' slide-4 ' ><div data-rel='slideshow-2' class='avia-slide-wrap '   ><img src='https:\/\/kynnefjall.com\/wp-content\/uploads\/2020\/05\/bj\u00f6rkh\u00e4nge-l\u00e4nga-stuga-1030x773.jpg' width='1030' height='773' title='' alt=''  itemprop=\"thumbnailUrl\"   \/><\/div><\/li><\/ul><div class='avia-slideshow-arrows avia-slideshow-controls'><a href='#prev' class='prev-slide' aria-hidden='true' data-av_icon='\ue87c' data-av_iconfont='entypo-fontello'>Zur\u00fcck<\/a><a href='#next' class='next-slide' aria-hidden='true' data-av_icon='\ue87d' data-av_iconfont='entypo-fontello'>Weiter<\/a><\/div><div class='avia-slideshow-dots avia-slideshow-controls'><a href='#1' class='goto-slide active' >1<\/a><a href='#2' class='goto-slide ' >2<\/a><a href='#3' class='goto-slide ' >3<\/a><a href='#4' class='goto-slide ' >4<\/a><\/div><\/div><\/div>\n<div id='av_section_1' class='avia-section main_color avia-section-default avia-no-border-styling avia-bg-style-scroll  avia-builder-el-2  el_after_av_slideshow_full  el_before_av_layout_row  custom_sidebar  container_wrap fullsize' style=' '  ><div class='container' ><div class='template-page content  av-content-full alpha units'><div class='post-entry post-entry-type-page post-entry-7448'><div class='entry-content-wrapper clearfix'>\n<div class=\"flex_column av_one_full  flex_column_div av-zero-column-padding first  avia-builder-el-3  avia-builder-el-no-sibling  \" style='border-radius:0px; '><p><div style='padding-bottom:0px; ' class='av-special-heading av-special-heading-h1  blockquote modern-quote modern-centered  avia-builder-el-4  el_before_av_textblock  avia-builder-el-first   '><h1 class='av-special-heading-tag '  itemprop=\"headline\"  >Wohnen in Kynnefj\u00e4ll<\/h1><div class='special-heading-border'><div class='special-heading-inner-border' ><\/div><\/div><\/div><br \/>\n<section class=\"av_textblock_section \"  itemscope=\"itemscope\" itemtype=\"https:\/\/schema.org\/CreativeWork\" ><div class='avia_textblock  '   itemprop=\"text\" ><p style=\"text-align: center;\">Wohnen Sie bequem und einfach mit der fantastischen Natur von Kynnefj\u00e4ll, den Wanderwegen und den gem\u00fctlichen Teichen rund um das Ferienhaus. Alle unsere Zimmer und H\u00fctten verf\u00fcgen \u00fcber separate Eingangst\u00fcren, die direkt in die Natur f\u00fchren. In unseren Unterk\u00fcnften und R\u00e4umlichkeiten gibt es 100 bis 1000 Mbit WLAN. Unsere B&amp;B-Zimmer und Selbstversorger-Cottages liegen im Wald entlang einer beleuchteten unbefestigten Stra\u00dfe, ca. 800 m von der Rezeption und dem Restaurant entfernt. W\u00e4hrend der Hochsaison im Sommer wird ein Fr\u00fchst\u00fccksbuffet im Restaurant serviert, zu anderen Jahreszeiten wird das Fr\u00fchst\u00fcck in der G\u00e4stek\u00fcche serviert, sofern nicht anders vereinbart. Wir haben insgesamt ca. 40 Betten.<\/p>\n<\/div><\/section><br \/>\n<div class='avia-button-wrap avia-button-center  avia-builder-el-6  el_after_av_textblock  avia-builder-el-last  '><a href='https:\/\/592423222a024.sirvoy.me\/'  class='avia-button   avia-icon_select-no avia-color-theme-color avia-size-small avia-position-center '  target=\"_blank\"   ><span class='avia_iconbox_title' >Buchen Sie direkt<\/span><\/a><\/div><\/p><\/div>\n\n<\/div><\/div><\/div><!-- close content main div --><\/div><\/div><div id='av-layout-grid-1' class='av-layout-grid-container entry-content-wrapper main_color av-flex-cells    avia-builder-el-7  el_after_av_section  avia-builder-el-last  box-section submenu-not-first container_wrap fullsize' style=' '  >\n<div class=\"flex_cell no_margin av_one_fourth  avia-builder-el-8  el_before_av_cell_one_fourth  avia-builder-el-first    \" style='vertical-align:top; padding:20px; '><div class='flex_cell_inner' ><div class=\"flex_column av_one_full  flex_column_div av-zero-column-padding avia-link-column av-column-link first  avia-builder-el-9  avia-builder-el-no-sibling  \" style='border-radius:0px; ' data-link-column-url=\"https:\/\/kynnefjall.com\/boende\/rum-och-stugor\/\" ><a class=\"av-screen-reader-only\" href=https:\/\/kynnefjall.com\/boende\/rum-och-stugor\/ >Link zu:Rum och stugor<\/a><div class='avia-image-container  av-styling-no-styling  noHover  av-overlay-hover-deactivate   avia-builder-el-10  avia-builder-el-no-sibling   avia-align-center '  itemprop=\"image\" itemscope=\"itemscope\" itemtype=\"https:\/\/schema.org\/ImageObject\"  ><div class='avia-image-container-inner'><div class='avia-image-overlay-wrap'><a href='https:\/\/kynnefjall.com\/de\/unterkunft\/rum-und-stugor\/' class='avia_image'  ><div class='av-image-caption-overlay'><div class='av-caption-image-overlay-bg' style='opacity:0.4; background-color:#0a0a0a; '><\/div><div class='av-image-caption-overlay-position'><div class='av-image-caption-overlay-center' style='color:#ffffff; '><h3>Rum und Stugor<\/h3>\n<\/div><\/div><\/div><img class='avia_image ' src='https:\/\/kynnefjall.com\/wp-content\/uploads\/2020\/02\/kynnefjall_img3-845x667.jpg' alt='' title=''  itemprop=\"thumbnailUrl\"  \/><\/a><\/div><\/div><\/div><\/div>\n<\/div><\/div><div class=\"flex_cell no_margin av_one_fourth  avia-builder-el-11  el_after_av_cell_one_fourth  el_before_av_cell_one_fourth    \" style='vertical-align:top; padding:20px; '><div class='flex_cell_inner' ><div class=\"flex_column av_one_full  flex_column_div av-zero-column-padding avia-link-column av-column-link first  avia-builder-el-12  avia-builder-el-no-sibling  \" style='border-radius:0px; ' data-link-column-url=\"https:\/\/kynnefjall.com\/boende\/serviceutbud\/\" ><a class=\"av-screen-reader-only\" href=https:\/\/kynnefjall.com\/boende\/serviceutbud\/ >Link zu:Serviceutbud<\/a><div class='avia-image-container  av-styling-no-styling  noHover  av-overlay-hover-deactivate   avia-builder-el-13  avia-builder-el-no-sibling   avia-align-center '  itemprop=\"image\" itemscope=\"itemscope\" itemtype=\"https:\/\/schema.org\/ImageObject\"  ><div class='avia-image-container-inner'><div class='avia-image-overlay-wrap'><a href='https:\/\/kynnefjall.com\/de\/unterkunft\/leistungsspektrum\/' class='avia_image'  ><div class='av-image-caption-overlay'><div class='av-caption-image-overlay-bg' style='opacity:0.3; background-color:#0a0a0a; '><\/div><div class='av-image-caption-overlay-position'><div class='av-image-caption-overlay-center' style='color:#ffffff; '><h3>Leistungsspektrum<\/h3>\n<\/div><\/div><\/div><img class='avia_image ' src='https:\/\/kynnefjall.com\/wp-content\/uploads\/2020\/05\/Frukost-frukostbuff\u00e9-restaurang-logen-845x684.jpg' alt='' title='Frukost frukostbuff\u00e9 restaurang logen'  itemprop=\"thumbnailUrl\"  \/><\/a><\/div><\/div><\/div><\/div>\n<\/div><\/div><div class=\"flex_cell no_margin av_one_fourth  avia-builder-el-14  el_after_av_cell_one_fourth  el_before_av_cell_one_fourth    \" style='vertical-align:top; padding:20px; '><div class='flex_cell_inner' ><div class=\"flex_column av_one_full  flex_column_div av-zero-column-padding avia-link-column av-column-link first  avia-builder-el-15  avia-builder-el-no-sibling  \" style='border-radius:0px; ' data-link-column-url=\"https:\/\/kynnefjall.com\/boende\/bra-att-veta\/\" ><a class=\"av-screen-reader-only\" href=https:\/\/kynnefjall.com\/boende\/bra-att-veta\/ >Link zu:Bra att veta<\/a><div class='avia-image-container  av-styling-no-styling  noHover  av-overlay-hover-deactivate   avia-builder-el-16  avia-builder-el-no-sibling   avia-align-center '  itemprop=\"image\" itemscope=\"itemscope\" itemtype=\"https:\/\/schema.org\/ImageObject\"  ><div class='avia-image-container-inner'><div class='avia-image-overlay-wrap'><a href='https:\/\/kynnefjall.com\/de\/unterkunft\/gut-zu-wissen\/' class='avia_image'  ><div class='av-image-caption-overlay'><div class='av-caption-image-overlay-bg' style='opacity:0.3; background-color:#0a0a0a; '><\/div><div class='av-image-caption-overlay-position'><div class='av-image-caption-overlay-center' style='color:#ffffff; '><h3>Gut zu wissen<\/h3>\n<\/div><\/div><\/div><img class='avia_image ' src='https:\/\/kynnefjall.com\/wp-content\/uploads\/2020\/05\/20170828_101704-845x684.jpg' alt='' title='20170828_101704'  itemprop=\"thumbnailUrl\"  \/><\/a><\/div><\/div><\/div><\/div>\n<\/div><\/div><div class=\"flex_cell no_margin av_one_fourth  avia-builder-el-17  el_after_av_cell_one_fourth  avia-builder-el-last    \" style='vertical-align:top; padding:20px; '><div class='flex_cell_inner' ><div class=\"flex_column av_one_full  flex_column_div av-zero-column-padding avia-link-column av-column-link first  avia-builder-el-18  avia-builder-el-no-sibling   \" style='border-radius:0px; ' data-link-column-url=\"https:\/\/kynnefjall.com\/erbjudanden-paket\/\" ><a class=\"av-screen-reader-only\" href=https:\/\/kynnefjall.com\/erbjudanden-paket\/ >Link zu:Erbjudanden &amp; Paket<\/a><div class='avia-image-container  av-styling-no-styling  noHover  av-overlay-hover-deactivate   avia-builder-el-19  avia-builder-el-no-sibling   avia-align-center '  itemprop=\"image\" itemscope=\"itemscope\" itemtype=\"https:\/\/schema.org\/ImageObject\"  ><div class='avia-image-container-inner'><div class='avia-image-overlay-wrap'><a href='https:\/\/kynnefjall.com\/de\/angebote-pakete\/' class='avia_image'  ><div class='av-image-caption-overlay'><div class='av-caption-image-overlay-bg' style='opacity:0.4; background-color:#0a0a0a; '><\/div><div class='av-image-caption-overlay-position'><div class='av-image-caption-overlay-center' style='color:#ffffff; '><h3>Angebote &amp; Pakete<\/h3>\n<\/div><\/div><\/div><img class='avia_image ' src='https:\/\/kynnefjall.com\/wp-content\/uploads\/2020\/05\/Vandra-vandring-hund-vandringspaket-845x684.jpg' alt='' title='Vandra vandring hund vandringspaket'  itemprop=\"thumbnailUrl\"  \/><\/a><\/div><\/div><\/div><\/div>\n<\/div><\/div><\/div>\n","protected":false},"excerpt":{"rendered":"","protected":false},"author":2,"featured_media":0,"parent":0,"menu_order":0,"comment_status":"closed","ping_status":"closed","template":"","meta":{"footnotes":""},"class_list":["post-7448","page","type-page","status-publish","hentry"],"yoast_head":"<!-- This site is optimized with the Yoast SEO plugin v22.8 - https:\/\/yoast.com\/wordpress\/plugins\/seo\/ -->\n<title>Unterkunft - Kynnefj\u00e4lls Natur<\/title>\n<meta name=\"description\" content=\"Bo bekv\u00e4mt och enkelt med Kynnefj\u00e4lls fantastiska natur, vandringsleder och mysiga dammar runt husknuten.\u00a0 Alla v\u00e5ra rum och stugor har separata ytterd\u00f6rrar som leder direkt ut i naturen. 1000 Mbit Wifi finns i v\u00e5ra logier och lokaler. V\u00e5ra B&amp;B-rum och stugor med sj\u00e4lvhush\u00e5llning ligger placerat i skogen l\u00e4ngst en belyst grusv\u00e4g ca. 800m fr\u00e5n reception och restaurangen. Under h\u00f6gs\u00e4song p\u00e5 sommaren serveras en frukostbuff\u00e9 i restaurangen, \u00f6vriga delar av \u00e5ret finns frukosten i g\u00e4stk\u00f6ket om inget annat avtalats. Vi har totalt ca. 40 b\u00e4ddar.\" \/>\n<meta name=\"robots\" content=\"index, follow, max-snippet:-1, max-image-preview:large, max-video-preview:-1\" \/>\n<link rel=\"canonical\" href=\"https:\/\/kynnefjall.com\/de\/unterkunft\/\" \/>\n<meta property=\"og:locale\" content=\"de_DE\" \/>\n<meta property=\"og:type\" content=\"article\" \/>\n<meta property=\"og:title\" content=\"Unterkunft - Kynnefj\u00e4lls Natur\" \/>\n<meta property=\"og:description\" content=\"Bo bekv\u00e4mt och enkelt med Kynnefj\u00e4lls fantastiska natur, vandringsleder och mysiga dammar runt husknuten.\u00a0 Alla v\u00e5ra rum och stugor har separata ytterd\u00f6rrar som leder direkt ut i naturen. 1000 Mbit Wifi finns i v\u00e5ra logier och lokaler. V\u00e5ra B&amp;B-rum och stugor med sj\u00e4lvhush\u00e5llning ligger placerat i skogen l\u00e4ngst en belyst grusv\u00e4g ca. 800m fr\u00e5n reception och restaurangen. Under h\u00f6gs\u00e4song p\u00e5 sommaren serveras en frukostbuff\u00e9 i restaurangen, \u00f6vriga delar av \u00e5ret finns frukosten i g\u00e4stk\u00f6ket om inget annat avtalats. Vi har totalt ca. 40 b\u00e4ddar.\" \/>\n<meta property=\"og:url\" content=\"https:\/\/kynnefjall.com\/de\/unterkunft\/\" \/>\n<meta property=\"og:site_name\" content=\"Kynnefj\u00e4lls Natur\" \/>\n<meta property=\"article:modified_time\" content=\"2024-11-05T03:17:40+00:00\" \/>\n<meta name=\"twitter:card\" content=\"summary_large_image\" \/>\n<meta name=\"twitter:label1\" content=\"Gesch\u00e4tzte Lesezeit\" \/>\n\t<meta name=\"twitter:data1\" content=\"5\u00a0Minuten\" \/>\n<script type=\"application\/ld+json\" class=\"yoast-schema-graph\">{\"@context\":\"https:\/\/schema.org\",\"@graph\":[{\"@type\":\"WebPage\",\"@id\":\"https:\/\/kynnefjall.com\/de\/unterkunft\/\",\"url\":\"https:\/\/kynnefjall.com\/de\/unterkunft\/\",\"name\":\"Unterkunft - Kynnefj\u00e4lls Natur\",\"isPartOf\":{\"@id\":\"https:\/\/kynnefjall.com\/#website\"},\"datePublished\":\"2020-02-24T08:44:22+00:00\",\"dateModified\":\"2024-11-05T03:17:40+00:00\",\"description\":\"Bo bekv\u00e4mt och enkelt med Kynnefj\u00e4lls fantastiska natur, vandringsleder och mysiga dammar runt husknuten.\u00a0 Alla v\u00e5ra rum och stugor har separata ytterd\u00f6rrar som leder direkt ut i naturen. 1000 Mbit Wifi finns i v\u00e5ra logier och lokaler. V\u00e5ra B&B-rum och stugor med sj\u00e4lvhush\u00e5llning ligger placerat i skogen l\u00e4ngst en belyst grusv\u00e4g ca. 800m fr\u00e5n reception och restaurangen. Under h\u00f6gs\u00e4song p\u00e5 sommaren serveras en frukostbuff\u00e9 i restaurangen, \u00f6vriga delar av \u00e5ret finns frukosten i g\u00e4stk\u00f6ket om inget annat avtalats. Vi har totalt ca. 40 b\u00e4ddar.\",\"breadcrumb\":{\"@id\":\"https:\/\/kynnefjall.com\/de\/unterkunft\/#breadcrumb\"},\"inLanguage\":\"de\",\"potentialAction\":[{\"@type\":\"ReadAction\",\"target\":[\"https:\/\/kynnefjall.com\/de\/unterkunft\/\"]}]},{\"@type\":\"BreadcrumbList\",\"@id\":\"https:\/\/kynnefjall.com\/de\/unterkunft\/#breadcrumb\",\"itemListElement\":[{\"@type\":\"ListItem\",\"position\":1,\"name\":\"Hem\",\"item\":\"https:\/\/kynnefjall.com\/de\/heim\/\"},{\"@type\":\"ListItem\",\"position\":2,\"name\":\"Unterkunft\"}]},{\"@type\":\"WebSite\",\"@id\":\"https:\/\/kynnefjall.com\/#website\",\"url\":\"https:\/\/kynnefjall.com\/\",\"name\":\"Kynnefj\u00e4lls Natur\",\"description\":\"\",\"potentialAction\":[{\"@type\":\"SearchAction\",\"target\":{\"@type\":\"EntryPoint\",\"urlTemplate\":\"https:\/\/kynnefjall.com\/?s={search_term_string}\"},\"query-input\":\"required name=search_term_string\"}],\"inLanguage\":\"de\"}]}<\/script>\n<!-- \/ Yoast SEO plugin. -->","yoast_head_json":{"title":"Unterkunft - Kynnefj\u00e4lls Natur","description":"Bo bekv\u00e4mt och enkelt med Kynnefj\u00e4lls fantastiska natur, vandringsleder och mysiga dammar runt husknuten.\u00a0 Alla v\u00e5ra rum och stugor har separata ytterd\u00f6rrar som leder direkt ut i naturen. 1000 Mbit Wifi finns i v\u00e5ra logier och lokaler. V\u00e5ra B&B-rum och stugor med sj\u00e4lvhush\u00e5llning ligger placerat i skogen l\u00e4ngst en belyst grusv\u00e4g ca. 800m fr\u00e5n reception och restaurangen. Under h\u00f6gs\u00e4song p\u00e5 sommaren serveras en frukostbuff\u00e9 i restaurangen, \u00f6vriga delar av \u00e5ret finns frukosten i g\u00e4stk\u00f6ket om inget annat avtalats. Vi har totalt ca. 40 b\u00e4ddar.","robots":{"index":"index","follow":"follow","max-snippet":"max-snippet:-1","max-image-preview":"max-image-preview:large","max-video-preview":"max-video-preview:-1"},"canonical":"https:\/\/kynnefjall.com\/de\/unterkunft\/","og_locale":"de_DE","og_type":"article","og_title":"Unterkunft - Kynnefj\u00e4lls Natur","og_description":"Bo bekv\u00e4mt och enkelt med Kynnefj\u00e4lls fantastiska natur, vandringsleder och mysiga dammar runt husknuten.\u00a0 Alla v\u00e5ra rum och stugor har separata ytterd\u00f6rrar som leder direkt ut i naturen. 1000 Mbit Wifi finns i v\u00e5ra logier och lokaler. V\u00e5ra B&B-rum och stugor med sj\u00e4lvhush\u00e5llning ligger placerat i skogen l\u00e4ngst en belyst grusv\u00e4g ca. 800m fr\u00e5n reception och restaurangen. Under h\u00f6gs\u00e4song p\u00e5 sommaren serveras en frukostbuff\u00e9 i restaurangen, \u00f6vriga delar av \u00e5ret finns frukosten i g\u00e4stk\u00f6ket om inget annat avtalats. Vi har totalt ca. 40 b\u00e4ddar.","og_url":"https:\/\/kynnefjall.com\/de\/unterkunft\/","og_site_name":"Kynnefj\u00e4lls Natur","article_modified_time":"2024-11-05T03:17:40+00:00","twitter_card":"summary_large_image","twitter_misc":{"Gesch\u00e4tzte Lesezeit":"5\u00a0Minuten"},"schema":{"@context":"https:\/\/schema.org","@graph":[{"@type":"WebPage","@id":"https:\/\/kynnefjall.com\/de\/unterkunft\/","url":"https:\/\/kynnefjall.com\/de\/unterkunft\/","name":"Unterkunft - Kynnefj\u00e4lls Natur","isPartOf":{"@id":"https:\/\/kynnefjall.com\/#website"},"datePublished":"2020-02-24T08:44:22+00:00","dateModified":"2024-11-05T03:17:40+00:00","description":"Bo bekv\u00e4mt och enkelt med Kynnefj\u00e4lls fantastiska natur, vandringsleder och mysiga dammar runt husknuten.\u00a0 Alla v\u00e5ra rum och stugor har separata ytterd\u00f6rrar som leder direkt ut i naturen. 1000 Mbit Wifi finns i v\u00e5ra logier och lokaler. V\u00e5ra B&B-rum och stugor med sj\u00e4lvhush\u00e5llning ligger placerat i skogen l\u00e4ngst en belyst grusv\u00e4g ca. 800m fr\u00e5n reception och restaurangen. Under h\u00f6gs\u00e4song p\u00e5 sommaren serveras en frukostbuff\u00e9 i restaurangen, \u00f6vriga delar av \u00e5ret finns frukosten i g\u00e4stk\u00f6ket om inget annat avtalats. Vi har totalt ca. 40 b\u00e4ddar.","breadcrumb":{"@id":"https:\/\/kynnefjall.com\/de\/unterkunft\/#breadcrumb"},"inLanguage":"de","potentialAction":[{"@type":"ReadAction","target":["https:\/\/kynnefjall.com\/de\/unterkunft\/"]}]},{"@type":"BreadcrumbList","@id":"https:\/\/kynnefjall.com\/de\/unterkunft\/#breadcrumb","itemListElement":[{"@type":"ListItem","position":1,"name":"Hem","item":"https:\/\/kynnefjall.com\/de\/heim\/"},{"@type":"ListItem","position":2,"name":"Unterkunft"}]},{"@type":"WebSite","@id":"https:\/\/kynnefjall.com\/#website","url":"https:\/\/kynnefjall.com\/","name":"Kynnefj\u00e4lls Natur","description":"","potentialAction":[{"@type":"SearchAction","target":{"@type":"EntryPoint","urlTemplate":"https:\/\/kynnefjall.com\/?s={search_term_string}"},"query-input":"required name=search_term_string"}],"inLanguage":"de"}]}},"_links":{"self":[{"href":"https:\/\/kynnefjall.com\/de\/wp-json\/wp\/v2\/pages\/7448","targetHints":{"allow":["GET"]}}],"collection":[{"href":"https:\/\/kynnefjall.com\/de\/wp-json\/wp\/v2\/pages"}],"about":[{"href":"https:\/\/kynnefjall.com\/de\/wp-json\/wp\/v2\/types\/page"}],"author":[{"embeddable":true,"href":"https:\/\/kynnefjall.com\/de\/wp-json\/wp\/v2\/users\/2"}],"replies":[{"embeddable":true,"href":"https:\/\/kynnefjall.com\/de\/wp-json\/wp\/v2\/comments?post=7448"}],"version-history":[{"count":3,"href":"https:\/\/kynnefjall.com\/de\/wp-json\/wp\/v2\/pages\/7448\/revisions"}],"predecessor-version":[{"id":7820,"href":"https:\/\/kynnefjall.com\/de\/wp-json\/wp\/v2\/pages\/7448\/revisions\/7820"}],"wp:attachment":[{"href":"https:\/\/kynnefjall.com\/de\/wp-json\/wp\/v2\/media?parent=7448"}],"curies":[{"name":"wp","href":"https:\/\/api.w.org\/{rel}","templated":true}]}}